{"id":20,"date":"2013-01-08T22:18:31","date_gmt":"2013-01-08T21:18:31","guid":{"rendered":"http:\/\/personal.pmf.uns.ac.rs\/milica.zigic\/?page_id=20"},"modified":"2026-01-22T14:09:13","modified_gmt":"2026-01-22T13:09:13","slug":"research","status":"publish","type":"page","link":"https:\/\/personal.pmf.uns.ac.rs\/milica.zigic\/research\/","title":{"rendered":"Research"},"content":{"rendered":"\n<div class=\"wp-block-group\"><div class=\"wp-block-group__inner-container is-layout-constrained wp-block-group-is-layout-constrained\">\n<div class=\"wp-block-group\"><div class=\"wp-block-group__inner-container is-layout-constrained wp-block-group-is-layout-constrained\">\n<h6 class=\"wp-block-heading\"><strong>research fields<\/strong><\/h6>\n\n\n\n<p><span style=\"font-size: 12px\">functional analysis, generalized functions, generalized functions on manifolds<\/span><br><span style=\"font-size: 12px\"> operator theory, semigroups of linear operators<br>generalized stochastic processes, stochastic evolution equations<br><\/span><\/p>\n<\/div><\/div>\n<\/div><\/div>\n\n\n\n<p><a href=\"https:\/\/orcid.org\/0000-0002-5372-5350\" target=\"_blank\" rel=\"noopener\"><strong>ORCID<\/strong><\/a><\/p>\n\n\n\n<div class=\"wp-block-group\"><div class=\"wp-block-group__inner-container is-layout-constrained wp-block-group-is-layout-constrained\">\n<h6 class=\"wp-block-heading\"><strong>associate editor<\/strong><\/h6>\n\n\n\n<div class=\"wp-block-group\"><div class=\"wp-block-group__inner-container is-layout-constrained wp-block-group-is-layout-constrained\">\n<p><a href=\"https:\/\/imi.pmf.kg.ac.rs\/kjm\/en\/index.php?page=home\" target=\"_blank\" rel=\"noreferrer noopener\">Kragujevac Journal of Mathematics<\/a><\/p>\n<\/div><\/div>\n<\/div><\/div>\n\n\n\n<div class=\"wp-block-group\"><div class=\"wp-block-group__inner-container is-layout-constrained wp-block-group-is-layout-constrained\">\n<h6 class=\"wp-block-heading\"><strong>publications<\/strong><\/h6>\n\n\n\n<div class=\"wp-block-group\"><div class=\"wp-block-group__inner-container is-layout-constrained wp-block-group-is-layout-constrained\">\n<p><strong>Refereed Journal<\/strong><\/p>\n\n\n\n<div class=\"wp-block-group\"><div class=\"wp-block-group__inner-container is-layout-constrained wp-block-group-is-layout-constrained\">\n<div class=\"wp-block-group is-vertical is-layout-flex wp-container-core-group-is-layout-8cf370e7 wp-block-group-is-layout-flex\">\n<div class=\"wp-block-group\"><div class=\"wp-block-group__inner-container is-layout-constrained wp-block-group-is-layout-constrained\">\n<p>[J.11] S. Pilipovi\u0107, D. Risteski, D. Scarpalezos, M. \u017digi\u0107, <em><a href=\"https:\/\/doi.org\/10.1007\/s00605-025-02097-8\" target=\"_blank\" rel=\"noreferrer noopener\">Topology and regularity for generalized ultradistribution algebras<\/a>, <\/em> Monatsh. Math. 207(4) (2025) 557-580 <a href=\"https:\/\/arxiv.org\/abs\/2411.07054\" data-type=\"link\" data-id=\"https:\/\/arxiv.org\/abs\/2411.07054\">PDF<\/a><br>[J.10] N. Teofanov, F. Tomi\u0107, M. \u017digi\u0107, <em><a href=\"https:\/\/doi.org\/10.3390\/axioms14050390\" target=\"_blank\" rel=\"noreferrer noopener\">Gelfand\u2013Shilov spaces for extended Gevrey regularity<\/a>, <\/em>Axioms 14(5) (2025) art. no. 390&nbsp; &nbsp;<a href=\"https:\/\/doi.org\/10.3390\/axioms14050390\" data-type=\"link\" data-id=\"https:\/\/doi.org\/10.3390\/axioms13060352\" target=\"_blank\" rel=\"noreferrer noopener\">PDF<\/a><br>[J.9] T. Levajkovi\u0107, S. Pilipovi\u0107, D. Sele\u0161i, M. \u017digi\u0107, <em><a href=\"https:\/\/doi.org\/10.1080\/17442508.2024.2347844\" target=\"_blank\" rel=\"noreferrer noopener\">Stochastic evolution equations with Wick-analytic nonlinearities<\/a><\/em>, Stochastics 96(6) (2024)&nbsp;1632-1666 &nbsp;<a href=\"https:\/\/arxiv.org\/abs\/2303.07348\" target=\"_blank\" rel=\"noreferrer noopener\">PDF<\/a><br>[J.8] M. Kosti\u0107, S. Pilipovi\u0107, M. \u017digi\u0107, <em><a href=\"https:\/\/doi.org\/10.1016\/j.jmaa.2024.128380\" target=\"_blank\" rel=\"noreferrer noopener\">Generalized exponentially bounded integrated semigroups<\/a><\/em>, J. Math. Anal. Appl. 538(1) (2024) art. no. 128380&nbsp; &nbsp;<a href=\"https:\/\/arxiv.org\/abs\/2302.14541\" target=\"_blank\" rel=\"noreferrer noopener\">PDF<\/a><br>[J.7] N. Teofanov, F. Tomi\u0107, M. \u017digi\u0107, <em><a href=\"https:\/\/doi.org\/10.3390\/axioms13060352\" target=\"_blank\" rel=\"noreferrer noopener\">An introduction to extended Gevrey regularity<\/a>, <\/em>Axioms 13(6) (2024) art. no. 352&nbsp; &nbsp;<a href=\"https:\/\/doi.org\/10.3390\/axioms13060352\" data-type=\"link\" data-id=\"https:\/\/doi.org\/10.3390\/axioms13060352\" target=\"_blank\" rel=\"noreferrer noopener\">PDF<\/a><br>[J.6] S. Pilipovi\u0107, B. Prangoski, M. \u017digi\u0107, <em><a href=\"https:\/\/doi.org\/10.1016\/j.laa.2019.08.013\" target=\"_blank\" rel=\"noreferrer noopener\">Invertibility of matrix type operators of infinite order with exponential off-diagonal decay<\/a><\/em>, Linear Algebra Appl. 582 (2019) 346-358&nbsp; &nbsp;<a href=\"https:\/\/arxiv.org\/abs\/2303.06243\" target=\"_blank\" rel=\"noopener\">PDF<\/a><br>[J.5] T. Levajkovi\u0107, S. Pilipovi\u0107, D. Sele\u0161i, M. \u017digi\u0107, <em><a href=\"https:\/\/doi.org\/10.1214\/18-EJP241\" target=\"_blank\" rel=\"noreferrer noopener\">Stochastic evolution equations with Wick-polynomial nonlinearities<\/a><\/em>, Electron. J. Probab. 23(116) (2018) 1-25&nbsp; &nbsp;<a href=\"https:\/\/arxiv.org\/abs\/2303.06229\" target=\"_blank\" rel=\"noopener\">PDF<\/a><br>[J.4] T. Levajkovi\u0107, S. Pilipovi\u0107, D. Sele\u0161i, M. \u017digi\u0107, <em><a href=\"https:\/\/doi.org\/10.1214\/EJP.v20-3696\" target=\"_blank\" rel=\"noreferrer noopener\">Stochastic evolution equations with multiplicative noise<\/a><\/em>, Electron. J. Probab. 20(19) (2015) 1-23&nbsp; &nbsp;<a href=\"https:\/\/arxiv.org\/abs\/2303.06225\" target=\"_blank\" rel=\"noopener\">PDF<\/a><br>[J.3] J. Aleksi\u0107, V. Kosti\u0107, M. \u017digi\u0107, <em><a href=\"https:\/\/doi.org\/10.1016\/j.amc.2014.10.071\" target=\"_blank\" rel=\"noreferrer noopener\">Spectrum localizations for matrix operators on $l^p$ spaces<\/a><\/em>, Appl. Math. Comput. 249 (2014) 541-553&nbsp; &nbsp;<a href=\"https:\/\/www.researchgate.net\/publication\/280721620_Spectrum_localizations_for_matrix_operators_on_spaces\" target=\"_blank\" rel=\"noopener\">PDF<\/a><br>[J.2] C. Chen, M. Kosti\u0107, M. Li, M. \u017digi\u0107, <em><a href=\"https:\/\/doi.org\/10.11650\/tjm.17.2013.1653\" target=\"_blank\" rel=\"noreferrer noopener\">Complex Powers of C-sectorial Operators. Part I<\/a><\/em>, Taiwanese J. Math. 17(2) (2013) 465-499 &nbsp; <a href=\"https:\/\/www.researchgate.net\/publication\/265369992_Complex_powers_of_C-sectorial_operators_I\" target=\"_blank\" rel=\"noopener\">PDF<\/a><br>[J.1] S. Pilipovi\u0107, M. \u017digi\u0107, <em><a href=\"https:\/\/doi.org\/10.1016\/j.jmaa.2010.12.060\" target=\"_blank\" rel=\"noreferrer noopener\">Suppleness of the sheaf of algebras of generalized functions on manifolds<\/a><\/em>, J. Math. Anal. Appl. 379(2) (2011) 482-486&nbsp; &nbsp;<a href=\"https:\/\/arxiv.org\/abs\/1101.4552\" target=\"_blank\" rel=\"noopener\">PDF<\/a><\/p>\n<\/div><\/div>\n<\/div>\n<\/div><\/div>\n\n\n\n<p><strong>Proceedings<\/strong> <\/p>\n\n\n\n<p>[P.1] M. Nikoli\u0107, B. Borovac, M. Rakovi\u0107, M. \u017digi\u0107, <em><a href=\"https:\/\/doi.org\/10.1007\/978-3-031-32606-6_38\" target=\"_blank\" rel=\"noreferrer noopener\">Center of Mass Wrench Constraints in Presence of Spatially Distributed Contacts<\/a><\/em>, in Presence of Spatially Distributed Contacts. In: Petri\u010d, T., Ude, A., \u017dlajpah, L. (eds) Advances in Service and Industrial Robotics. RAAD 2023. Mechanisms and Machine Science, vol 135. Cham: Springer Nature Switzerland,&nbsp;pp. 325-333 <a href=\"https:\/\/arxiv.org\/pdf\/1608.01868.pdf\">PDF<\/a><\/p>\n<\/div><\/div>\n<\/div><\/div>\n\n\n\n<div class=\"wp-block-group\"><div class=\"wp-block-group__inner-container is-layout-constrained wp-block-group-is-layout-constrained\">\n<h6 class=\"wp-block-heading\"><strong>research projects<\/strong><\/h6>\n\n\n\n<table id=\"tablepress-7\" class=\"tablepress tablepress-id-7\">\n<tbody class=\"row-striping row-hover\">\n<tr class=\"row-1\">\n\t<td class=\"column-1\"><a href=\"https:\/\/sites.google.com\/view\/softa-danube\/home-page\" target=\"_blank\" rel=\"noopener\">SOFTA<\/a><br \/>\nMultilateral Cooperation in the Danube Region<\/td><td class=\"column-2\">Signals, Operators, and Frames via Time-Frequency Analysis<br \/>\nProject organizer: Nenad Teofanov<br \/>\nDuration: 2025-2027<\/td>\n<\/tr>\n<tr class=\"row-2\">\n\t<td class=\"column-1\">SFRS 2727<br \/>\nprogram Prizma<br \/>\n<a href=\"https:\/\/sites.google.com\/view\/goalsproject\/home\" rel=\"noopener\" target=\"_blank\">link<\/a><\/td><td class=\"column-2\">Global and local analysis of operators and distributions - GOALS<br \/>\nProject organizer: Nenad Teofanov<br \/>\nDuration: 2023-2026<\/td>\n<\/tr>\n<tr class=\"row-3\">\n\t<td class=\"column-1\">Interacademic collaboration Serbia \u2013 Austria<\/td><td class=\"column-2\">Theory and Practice of Time-Frequency Analysis<br \/>\nProject organizer: Nenad Teofanov<br \/>\nDuration: 2022-2025-2028<\/td>\n<\/tr>\n<tr class=\"row-4\">\n\t<td class=\"column-1\">MPNTR 337-00-577\/2021-09\/46<br \/>\nBilateral collaboration Serbia \u2013 Austria<\/td><td class=\"column-2\">FRames and OPErator Theory \u2013 FROPETH<br \/>\nProject organizer: Ivana Vojnovi\u0107 nad Michael Speckbacher<br \/>\nDuration: 2022-2024<\/td>\n<\/tr>\n<tr class=\"row-5\">\n\t<td class=\"column-1\">MPNTR 451-03-68\/2020-14\/200125<br \/>\nMPNTR 451-03-9\/2021-14\/ 200125<br \/>\nMPNTR 451-03-68\/2022-14\/ 200125<br \/>\nMPNTR 451-03-47\/2023-01\/200125<br \/>\nMPNTR 451-03-66\/2024-03\/200125 &amp; 451-03-65\/2024-03\/200125<br \/>\nMPNTR 451-03-137\/2025-03\/200125 &amp; 451-03-136\/2025-03\/200125<br \/>\nMPNTR 451-03-33\/2026-03\/200125 &amp; 451-03-34\/2026-03\/200125<\/td><td class=\"column-2\">Scientific Research Programme<br \/>\nProject organizer: Faculty of Sciences (Novi Sad)<br \/>\nDuration: 2020-2026<\/td>\n<\/tr>\n<tr class=\"row-6\">\n\t<td class=\"column-1\">MPNTR 174024<\/td><td class=\"column-2\">Methods of Functional and Harmonic Analysis and PDE with Singularities<br \/>\nProject organizer: Academician Stevan Pilipovic<br \/>\nDuration: 2011-2019<\/td>\n<\/tr>\n<tr class=\"row-7\">\n\t<td class=\"column-1\">APV 142-451-2489<\/td><td class=\"column-2\">Analytical numerical and statistical tools in mathematical models<br \/>\nProject organizer: Sanja Konjik<br \/>\nDuration: 2016-2020<\/td>\n<\/tr>\n<tr class=\"row-8\">\n\t<td class=\"column-1\">Bilateral collaboration Serbia \u2013 Croatia<\/td><td class=\"column-2\">Microlocal Analysis PDE and Applications to the Heterogeneous materials<br \/>\nProject organizer: Academician Stevan Pilipovic and Nenad Antonic<br \/>\nDuration: 2016-2017<\/td>\n<\/tr>\n<tr class=\"row-9\">\n\t<td class=\"column-1\">APV 114-451-2167<\/td><td class=\"column-2\">Methods of Functional Analysis and Fractional Calculus with Applications in Mechanics<br \/>\nProject organizer: Sanja Konjik<br \/>\nDuration: 2011-2014<\/td>\n<\/tr>\n<tr class=\"row-10\">\n\t<td class=\"column-1\">69-00-60\/2010-02 FAMM<br \/>\nBilateral collaboration Serbia \u2013 Croatia<\/td><td class=\"column-2\">Functional Analysis Methods in Mathematical Modelling<br \/>\nProject organizers: Jelena Aleksic and Marko Vrdoljak<br \/>\nDuration: 2011-2012<\/td>\n<\/tr>\n<tr class=\"row-11\">\n\t<td class=\"column-1\">MNTR 144016<\/td><td class=\"column-2\">Methods of Functional Analysis and PDE with Singularities<br \/>\nProject organizer: Academician Stevan Pilipovic<br \/>\nDuration: 2006-2010<\/td>\n<\/tr>\n<\/tbody>\n<\/table>\n\n<\/div><\/div>\n\n\n\n<h6 class=\"wp-block-heading\"><strong>Conference committee member<\/strong><\/h6>\n\n\n\n<p>2024 &#8211; \u0421\u0432\u0435\u0447\u0430\u043d\u0438 \u0441\u043a\u0443\u043f \u043f\u043e\u0441\u0432\u0435\u045b\u0435\u043d \u0430\u043a\u0430\u0434\u0435\u043c\u0438\u043a\u0443 \u0411\u043e\u0433\u043e\u0459\u0443\u0431\u0443 \u0421\u0442\u0430\u043d\u043a\u043e\u0432\u0438\u045b\u0443 \u0438 \u043d\u0430\u0443\u0447\u043d\u0430 \u0440\u0430\u0434\u0438\u043e\u043d\u0438\u0446\u0430, Novi Sad, Serbia (Serbian)<\/p>\n\n\n\n<p>2024 &#8211; International Conference &#8211; Harmonic analysis and distributions, HANDS2024, Novi Sad, Serbia<\/p>\n\n\n\n<p>2018 &#8211; International Conference on Generalized Functions, GF2018, Novi Sad, Serbia<\/p>\n\n\n\n<p>2017 &#8211; Applications of Generalized Functions in Harmonic Analysis, Mechanics, Stochastics and PDE, Novi Sad, Serbia<\/p>\n\n\n\n<h6 class=\"wp-block-heading\"><strong>Conferences and Scientific Visits<\/strong><\/h6>\n\n\n\n<p>2025 &#8211; Time-Frequency Analysis Scientific Workshop, Novi Sad, Serbia; 15th ISAAC Congress, Astana, Kazakhstan<\/p>\n\n\n\n<p>2024 &#8211; International Conference on Generalized Functions 2024, Torino, Italy<\/p>\n\n\n\n<p>2023 &#8211; Seminar &#8220;Stochastics with applications&#8221;, Mathematical Institute SASA, Belgrade, Serbia<\/p>\n\n\n\n<p>2022 &#8211; International Conference on Generalized Functions 2022, Vienna, Austria; Kongres mladih matematicara, Novi Sad, Serbia<\/p>\n\n\n\n<p>2020 &#8211; International Conference on Generalized Functions 2020, Ghent, Belgium<\/p>\n\n\n\n<p>2019 &#8211; 12th ISAAC Congress, Aveiro, Portugal; Kongres mladih matematicara, Novi Sad, Serbia<\/p>\n\n\n\n<p>2017 &#8211; 11th ISAAC Congress, Vaxjo, Sweden<\/p>\n\n\n\n<p>2016 &#8211; International Conference on Generalized Functions 2016, Dubrovnik, Croatia; International Workshop on PDEs: analysis and modelling, Zagreb, Croatia<\/p>\n\n\n\n<p>2014 &#8211; GF2014, Southampton, Great Britain; DANS14, Novi Sad, Serbia<\/p>\n\n\n\n<p>2013 &#8211; MATTRIAD 2013, Herceg Novi, Montenegro<\/p>\n\n\n\n<p>2012 &#8211; Seminar za diferencijalne jednacine i numericku analizu, Prirodoslovni matematicki fakultet u Zagrebu, Croatia<\/p>\n\n\n\n<p>2009 &#8211; GF09, Vienna, Austria<\/p>\n\n\n\n<p>2008 &#8211; research-scholarship at the Department of Mathematics at the University of Vienna awarded by the University of Vienna, Vienna, Austria<\/p>\n\n\n\n<p>2005 &#8211; Seminar &#8220;Geometrija, obrazovanje i vizuelizacija sa primenama&#8221;, Matematicki institut SANU, Beograd, Serbia<\/p>\n\n\n\n<p>since 2004 &#8211; Seminar &#8220;Bogoljub Stankovic&#8221;, Novi Sad, Serbia <\/p>\n\n\n\n<p><\/p>\n","protected":false},"excerpt":{"rendered":"<p>research fields functional analysis, generalized functions, generalized functions on manifolds operator theory, semigroups of linear operatorsgeneralized stochastic processes, stochastic evolution equations ORCID associate editor Kragujevac Journal of Mathematics publications Refereed Journal [J.11] S. Pilipovi\u0107, D. Risteski, D. Scarpalezos, M. \u017digi\u0107, Topology and regularity for generalized ultradistribution algebras, Monatsh. Math. 207(4) (2025) 557-580 PDF[J.10] N. Teofanov,&hellip;<\/p>\n","protected":false},"author":12,"featured_media":0,"parent":0,"menu_order":0,"comment_status":"closed","ping_status":"closed","template":"","meta":{"_monsterinsights_skip_tracking":false,"_monsterinsights_sitenote_active":false,"_monsterinsights_sitenote_note":"","_monsterinsights_sitenote_category":0,"footnotes":""},"class_list":["post-20","page","type-page","status-publish","hentry"],"_links":{"self":[{"href":"https:\/\/personal.pmf.uns.ac.rs\/milica.zigic\/wp-json\/wp\/v2\/pages\/20","targetHints":{"allow":["GET"]}}],"collection":[{"href":"https:\/\/personal.pmf.uns.ac.rs\/milica.zigic\/wp-json\/wp\/v2\/pages"}],"about":[{"href":"https:\/\/personal.pmf.uns.ac.rs\/milica.zigic\/wp-json\/wp\/v2\/types\/page"}],"author":[{"embeddable":true,"href":"https:\/\/personal.pmf.uns.ac.rs\/milica.zigic\/wp-json\/wp\/v2\/users\/12"}],"replies":[{"embeddable":true,"href":"https:\/\/personal.pmf.uns.ac.rs\/milica.zigic\/wp-json\/wp\/v2\/comments?post=20"}],"version-history":[{"count":129,"href":"https:\/\/personal.pmf.uns.ac.rs\/milica.zigic\/wp-json\/wp\/v2\/pages\/20\/revisions"}],"predecessor-version":[{"id":3491,"href":"https:\/\/personal.pmf.uns.ac.rs\/milica.zigic\/wp-json\/wp\/v2\/pages\/20\/revisions\/3491"}],"wp:attachment":[{"href":"https:\/\/personal.pmf.uns.ac.rs\/milica.zigic\/wp-json\/wp\/v2\/media?parent=20"}],"curies":[{"name":"wp","href":"https:\/\/api.w.org\/{rel}","templated":true}]}}