{"id":19,"date":"2013-01-08T22:18:04","date_gmt":"2013-01-08T21:18:04","guid":{"rendered":"http:\/\/personal.pmf.uns.ac.rs\/milica.zigic\/?page_id=19"},"modified":"2026-03-03T00:14:13","modified_gmt":"2026-03-02T23:14:13","slug":"cv","status":"publish","type":"page","link":"https:\/\/personal.pmf.uns.ac.rs\/milica.zigic\/","title":{"rendered":"CV"},"content":{"rendered":"\n<div class=\"wp-block-media-text alignwide has-media-on-the-right is-stacked-on-mobile is-image-fill-element\" style=\"grid-template-columns:auto 21%\"><div class=\"wp-block-media-text__content\">\n<p><strong>chair<\/strong><br><a href=\"https:\/\/matematika.pmf.uns.ac.rs\/en\/about-us\/functional-analysis-geometry-and-topology\/\" target=\"_blank\" rel=\"noreferrer noopener\">Functional Analysis, Geometry and Topology<\/a><\/p>\n\n\n\n<p><strong>contact<\/strong><br>Department of Mathematics and Informatics<br>Faculty of Sciences<br>University of Novi Sad<br>Trg Dositeja Obradovica 4<br>21000 Novi Sad, Serbia<br>e-mail:&nbsp;<a href=\"mailto:milica.zigic@dmi.uns.ac.rs\">milica.zigic (at) dmi.uns.ac.rs<\/a><br>phone: 00381-21-485-2862<br>office: 38, DMI\/2<\/p>\n<\/div><figure class=\"wp-block-media-text__media\"><img loading=\"lazy\" decoding=\"async\" width=\"657\" height=\"1024\" src=\"https:\/\/personal.pmf.uns.ac.rs\/milica.zigic\/wp-content\/uploads\/sites\/8\/2022\/11\/PXL_20221008_094712187.jpg\" alt=\"\" class=\"wp-image-3124 size-full\" style=\"object-position:43% 46%\" srcset=\"https:\/\/personal.pmf.uns.ac.rs\/milica.zigic\/wp-content\/uploads\/sites\/8\/2022\/11\/PXL_20221008_094712187.jpg 657w, https:\/\/personal.pmf.uns.ac.rs\/milica.zigic\/wp-content\/uploads\/sites\/8\/2022\/11\/PXL_20221008_094712187-192x300.jpg 192w\" sizes=\"auto, (max-width: 657px) 100vw, 657px\" \/><\/figure><\/div>\n\n\n\n<div class=\"wp-block-group\"><div class=\"wp-block-group__inner-container is-layout-constrained wp-block-group-is-layout-constrained\">\n<h6 class=\"wp-block-heading\"><strong><strong>education<\/strong><\/strong><\/h6>\n\n\n\n<table id=\"tablepress-3\" class=\"tablepress tablepress-id-3\">\n<tbody class=\"row-striping row-hover\">\n<tr class=\"row-1\">\n\t<td class=\"column-1\">2004<\/td><td class=\"column-2\">BSc in Mathematics, Faculty of Sciences, University of Novi Sad, Serbia<\/td>\n<\/tr>\n<tr class=\"row-2\">\n\t<td class=\"column-1\">2009<\/td><td class=\"column-2\">MSc in Mathematics, Faculty of Sciences, University of Novi Sad, Serbia<br \/>\nMaster Thesis - <em>Sheaf properties of generalized functions on manifolds<\/em><br \/>\nAdvisor: Academician Prof. Dr Stevan Pilipovi\u0107<\/td>\n<\/tr>\n<tr class=\"row-3\">\n\t<td class=\"column-1\">2014<\/td><td class=\"column-2\">PhD in Mathematics, Faculty of Sciences, University of Novi Sad, Serbia<br \/>\nDoctoral dissertation - <em>Applications of semigroups of operators in some classes of Cauchy problems<\/em><br \/>\nAdvisor: Academician Prof. Dr Stevan Pilipovi\u0107 and Prof. Dr Marko Kosti\u0107<\/td>\n<\/tr>\n<\/tbody>\n<\/table>\n<!-- #tablepress-3 from cache -->\n<\/div><\/div>\n\n\n\n<div class=\"wp-block-group\"><div class=\"wp-block-group__inner-container is-layout-constrained wp-block-group-is-layout-constrained\">\n<h6 class=\"wp-block-heading\"><strong>academic employment<\/strong><\/h6>\n\n\n\n<table id=\"tablepress-4\" class=\"tablepress tablepress-id-4\">\n<tbody class=\"row-striping row-hover\">\n<tr class=\"row-1\">\n\t<td class=\"column-1\">2005-2012<\/td><td class=\"column-2\">Junior Teaching Assistant, Department of Mathematics and Informatics<br \/>\nFaculty of Sciences, University of Novi Sad, Serbia<\/td>\n<\/tr>\n<tr class=\"row-2\">\n\t<td class=\"column-1\">2012-2015<\/td><td class=\"column-2\">Teaching Assistant, Department of Mathematics and Informatics<br \/>\nFaculty of Sciences, University of Novi Sad, Serbia<\/td>\n<\/tr>\n<tr class=\"row-3\">\n\t<td class=\"column-1\">2015-2020<\/td><td class=\"column-2\">Assistant Professor, Department of Mathematics and Informatics<br \/>\nFaculty of Sciences, University of Novi Sad, Serbia<\/td>\n<\/tr>\n<tr class=\"row-4\">\n\t<td class=\"column-1\">since 2020<\/td><td class=\"column-2\">Associate Professor, Department of Mathematics and Informatics<br \/>\nFaculty of Sciences, University of Novi Sad, Serbia<\/td>\n<\/tr>\n<\/tbody>\n<\/table>\n<!-- #tablepress-4 from cache -->\n<\/div><\/div>\n\n\n\n<div class=\"wp-block-group\"><div class=\"wp-block-group__inner-container is-layout-constrained wp-block-group-is-layout-constrained\">\n<h6 class=\"wp-block-heading\">academic service<\/h6>\n\n\n\n<p>2021 &#8211; 2024 &#8211; Member of Educational and Scientific Council of the Faculty of Sciences, University of Novi Sad<\/p>\n\n\n\n<p>since 2015 &#8211; Member of Election Council of the Department of Mathematics and Informatics, University of Novi Sad<\/p>\n<\/div><\/div>\n\n\n\n<div class=\"wp-block-group\"><div class=\"wp-block-group__inner-container is-layout-constrained wp-block-group-is-layout-constrained\">\n<h6 class=\"wp-block-heading\">scientific associations <\/h6>\n\n\n\n<p>International Association for Generalized Functions; European Women in Mathematics; American Mathematical Society; Srpsko naucno matematicko drustvo<\/p>\n<\/div><\/div>\n\n\n\n<div class=\"wp-block-group\"><div class=\"wp-block-group__inner-container is-layout-constrained wp-block-group-is-layout-constrained\">\n<div class=\"wp-block-group\"><div class=\"wp-block-group__inner-container is-layout-constrained wp-block-group-is-layout-constrained\">\n<h6 class=\"wp-block-heading\"><strong>teaching experience<\/strong><\/h6>\n\n\n\n<ul class=\"wp-block-list\">\n<li><strong>current<\/strong><\/li>\n<\/ul>\n\n\n\n<p>Analytic Geometry, Complex Analysis, Complex Analysis 2, Optimisation (for students of mathematics) and <br>Statistics in Pharmacy (Faculty of Medicine)<\/p>\n\n\n\n<ul class=\"wp-block-list\">\n<li><strong>previous<\/strong><\/li>\n<\/ul>\n\n\n\n<p>Introduction to Analysis, Analysis 1, Analysis 2, Metric and Normed Spaces, Differential Geometry, Equations of Mathematical Physics, Probability and Statistics, Projective Geometry, Mathematics 1 (for physics students), Mathematics 2 (for physics students), Mathematics (for chemistry students)<\/p>\n\n\n\n<ul class=\"wp-block-list\">\n<li><strong>textbook (in serbian)<\/strong><\/li>\n<\/ul>\n\n\n\n<ol class=\"wp-block-list\">\n<li>N. Teofanov, M. \u017digi\u0107: <em>Osnovi optimizacije<\/em>, PMF Novi Sad, 2018. (elektronsko izdanje)<br>ISBN: 978-86-7031-361-3<br>link: <a href=\"https:\/\/www.pmf.uns.ac.rs\/studije\/epublikacije\/matinf\/teofanov_zigic_osnovi_optimizacije.pdf\">https:\/\/www.pmf.uns.ac.rs\/studije\/epublikacije\/matinf\/teofanov_zigic_osnovi_optimizacije.pdf<\/a><\/li>\n<\/ol>\n\n\n\n<ul class=\"wp-block-list\">\n<li><strong>lecture notes (in serbian)<\/strong><\/li>\n<\/ul>\n\n\n\n<ol class=\"wp-block-list\">\n<li>M. \u017digi\u0107:<em> Kompleksna analiza &#8211; bele\u0161ke sa predavanja<\/em>, 2020.<\/li>\n\n\n\n<li>M. \u017digi\u0107: <em>Projektivna geometrija &#8211; bele\u0161ke sa predavanja<\/em>, 2017.<\/li>\n<\/ol>\n<\/div><\/div>\n\n\n\n<ul class=\"wp-block-list\">\n<li><strong>MSc thesis advisor (10 students)<\/strong> <\/li>\n<\/ul>\n<\/div><\/div>\n","protected":false},"excerpt":{"rendered":"<p>chairFunctional Analysis, Geometry and Topology contactDepartment of Mathematics and InformaticsFaculty of SciencesUniversity of Novi SadTrg Dositeja Obradovica 421000 Novi Sad, Serbiae-mail:&nbsp;milica.zigic (at) dmi.uns.ac.rsphone: 00381-21-485-2862office: 38, DMI\/2 education academic employment academic service 2021 &#8211; 2024 &#8211; Member of Educational and Scientific Council of the Faculty of Sciences, University of Novi Sad since 2015 &#8211; Member of&hellip;<\/p>\n","protected":false},"author":12,"featured_media":0,"parent":0,"menu_order":0,"comment_status":"closed","ping_status":"closed","template":"","meta":{"_monsterinsights_skip_tracking":false,"_monsterinsights_sitenote_active":false,"_monsterinsights_sitenote_note":"","_monsterinsights_sitenote_category":0,"footnotes":""},"class_list":["post-19","page","type-page","status-publish","hentry"],"_links":{"self":[{"href":"https:\/\/personal.pmf.uns.ac.rs\/milica.zigic\/wp-json\/wp\/v2\/pages\/19","targetHints":{"allow":["GET"]}}],"collection":[{"href":"https:\/\/personal.pmf.uns.ac.rs\/milica.zigic\/wp-json\/wp\/v2\/pages"}],"about":[{"href":"https:\/\/personal.pmf.uns.ac.rs\/milica.zigic\/wp-json\/wp\/v2\/types\/page"}],"author":[{"embeddable":true,"href":"https:\/\/personal.pmf.uns.ac.rs\/milica.zigic\/wp-json\/wp\/v2\/users\/12"}],"replies":[{"embeddable":true,"href":"https:\/\/personal.pmf.uns.ac.rs\/milica.zigic\/wp-json\/wp\/v2\/comments?post=19"}],"version-history":[{"count":91,"href":"https:\/\/personal.pmf.uns.ac.rs\/milica.zigic\/wp-json\/wp\/v2\/pages\/19\/revisions"}],"predecessor-version":[{"id":3495,"href":"https:\/\/personal.pmf.uns.ac.rs\/milica.zigic\/wp-json\/wp\/v2\/pages\/19\/revisions\/3495"}],"wp:attachment":[{"href":"https:\/\/personal.pmf.uns.ac.rs\/milica.zigic\/wp-json\/wp\/v2\/media?parent=19"}],"curies":[{"name":"wp","href":"https:\/\/api.w.org\/{rel}","templated":true}]}}