{"id":483,"date":"2020-02-19T11:34:02","date_gmt":"2020-02-19T10:34:02","guid":{"rendered":"https:\/\/personal.pmf.uns.ac.rs\/masul\/?page_id=483"},"modified":"2020-03-19T11:40:21","modified_gmt":"2020-03-19T10:40:21","slug":"profesionalna-komunikacija-i-pismenost","status":"publish","type":"page","link":"https:\/\/personal.pmf.uns.ac.rs\/masul\/teaching\/profesionalna-komunikacija-i-pismenost\/","title":{"rendered":"Profesionalna komunikacija i pismenost"},"content":{"rendered":"<p><strong>CS391 PROFESIONALNA KOMUNIKACIJA I PISMENOST<\/strong> (letnji semestar, 2+1, 4 ESPB)<\/p>\n<p><strong>USLED UVO\u0110ENJA VANREDNOG STANJA p<span class=\"css-901oao css-16my406 r-1qd0xha r-ad9z0x r-bcqeeo r-qvutc0\">relazimo na rad putem fakultetske Moodle platforme (<\/span><a class=\"css-4rbku5 css-18t94o4 css-901oao css-16my406 r-1n1174f r-1loqt21 r-1qd0xha r-ad9z0x r-bcqeeo r-qvutc0\" title=\"http:\/\/moodle.pmf.uns.ac.rs\" role=\"link\" href=\"https:\/\/t.co\/U5ZSIFV2RS?amp=1\" target=\"_blank\" rel=\"noopener noreferrer\" data-focusable=\"true\"><span class=\"css-901oao css-16my406 r-1qd0xha r-hiw28u r-ad9z0x r-bcqeeo r-qvutc0\" aria-hidden=\"true\">http:\/\/<\/span>moodle.pmf.uns.ac.rs<\/a><span class=\"css-901oao css-16my406 r-1qd0xha r-ad9z0x r-bcqeeo r-qvutc0\">). Javite se nastavniku ili asistentu za <em>enrollment key<\/em>.<\/span><\/strong><\/p>\n<p>Evidencija: Excel fajl<\/p>\n<p>Repozitorijum dokumenata: <a href=\"https:\/\/1drv.ms\/u\/s!AhJetPV17DAkjMcsUwLyA8D_Le-EJQ?e=CsZcBF\">OneDrive folder<\/a><\/p>\n<p>Predmet\u00a0<em>Profesionalna komunikacija i pismenost<\/em> je namenjen studentima tre\u0107e godine smera <em>Ra\u010dunarske nauke<\/em>.<\/p>\n<p>Na kraju kursa svaki student \u0107e <b>razumeti<\/b> strukturu profesionalnog izve\u0161taja u pisanoj i usmenoj formi, i bi\u0107e u stanju da pripremi pisani ili usmeni izve\u0161taj.<\/p>\n<p><b>Pravila studiranja<\/b><\/p>\n<p>Tokom semestra student prikuplja poene (ukupno 0 .. 70 poena) kroz slede\u0107e \u010detiri aktivnosti:<\/p>\n<table>\n<tbody>\n<tr>\n<td><b>Zadatak<\/b><\/td>\n<td><b>Poeni<\/b><\/td>\n<td><b>Alat<\/b><\/td>\n<\/tr>\n<tr>\n<td>Kratka usmena prezentacija (10 min)<\/td>\n<td>15<\/td>\n<td>PowerPoint (ili ekvivalent)<\/td>\n<\/tr>\n<tr>\n<td>Kratak pisani izve\u0161taj (1\/2 strane)<\/td>\n<td>15<\/td>\n<td>Microsoft Word (ili ekvivalent)<\/td>\n<\/tr>\n<tr>\n<td>Du\u017ei pisani izve\u0161taj (5-7 strana)<\/td>\n<td>20<\/td>\n<td>LaTeX<\/td>\n<\/tr>\n<tr>\n<td>Du\u017ea usmena prezentacija (30 min)<\/td>\n<td>20<\/td>\n<td>LaTeX\/Beamer<\/td>\n<\/tr>\n<\/tbody>\n<\/table>\n<p>Da bi stekao pravo da iza\u0111e na ispit, student mora na ovaj na\u010din da osvoji najmanje 35 poena.<\/p>\n<p>Na ispitu koji se pola\u017ee prakti\u010dno student radi tri zadatka od kojih svaki nosi po 10 poena. Na ovaj na\u010din student mo\u017ee da osvoji najvi\u0161e 30 poena.<\/p>\n<p>Zavr\u0161na ocena se formira na osnovu <i>proste sume<\/i> svih osvojenih poena, prema slede\u0107oj tabeli:<\/p>\n<table>\n<tbody>\n<tr>\n<td>Poeni<\/td>\n<td>Ocena<\/td>\n<\/tr>\n<tr>\n<td>91 .. 100<\/td>\n<td>10<\/td>\n<\/tr>\n<tr>\n<td>81 .. 90<\/td>\n<td>9<\/td>\n<\/tr>\n<tr>\n<td>71 .. 80<\/td>\n<td>8<\/td>\n<\/tr>\n<tr>\n<td>61 .. 70<\/td>\n<td>7<\/td>\n<\/tr>\n<tr>\n<td>51 .. 60<\/td>\n<td>6<\/td>\n<\/tr>\n<tr>\n<td>0 .. 51<\/td>\n<td>5<\/td>\n<\/tr>\n<\/tbody>\n<\/table>\n<p>Prisustvo nastavi je obavezno. Da bi stekao pravo na potpis, student mora biti prisutan na bar \u0161est predavanja.<\/p>\n<p><b>Literatura<\/b><\/p>\n<p>Nastava za ovaj predmet se izvodi prema ud\u017ebeniku koji je u nastajanju. Studentima se zato preporu\u010duje da redovno vode bele\u0161ke.<\/p>\n","protected":false},"excerpt":{"rendered":"<p>CS391 PROFESIONALNA KOMUNIKACIJA I PISMENOST (letnji semestar, 2+1, 4 ESPB) USLED UVO\u0110ENJA VANREDNOG STANJA prelazimo na rad putem fakultetske Moodle platforme (http:\/\/moodle.pmf.uns.ac.rs). Javite se nastavniku ili asistentu za enrollment key. Evidencija: Excel fajl Repozitorijum dokumenata: OneDrive folder Predmet\u00a0Profesionalna komunikacija i pismenost je namenjen studentima tre\u0107e godine smera Ra\u010dunarske nauke. Na kraju kursa svaki student \u0107e [&hellip;]<\/p>\n","protected":false},"author":54,"featured_media":487,"parent":10,"menu_order":0,"comment_status":"closed","ping_status":"closed","template":"","meta":{"_monsterinsights_skip_tracking":false,"_monsterinsights_sitenote_active":false,"_monsterinsights_sitenote_note":"","_monsterinsights_sitenote_category":0,"footnotes":""},"class_list":["post-483","page","type-page","status-publish","has-post-thumbnail","hentry"],"_links":{"self":[{"href":"https:\/\/personal.pmf.uns.ac.rs\/masul\/wp-json\/wp\/v2\/pages\/483","targetHints":{"allow":["GET"]}}],"collection":[{"href":"https:\/\/personal.pmf.uns.ac.rs\/masul\/wp-json\/wp\/v2\/pages"}],"about":[{"href":"https:\/\/personal.pmf.uns.ac.rs\/masul\/wp-json\/wp\/v2\/types\/page"}],"author":[{"embeddable":true,"href":"https:\/\/personal.pmf.uns.ac.rs\/masul\/wp-json\/wp\/v2\/users\/54"}],"replies":[{"embeddable":true,"href":"https:\/\/personal.pmf.uns.ac.rs\/masul\/wp-json\/wp\/v2\/comments?post=483"}],"version-history":[{"count":6,"href":"https:\/\/personal.pmf.uns.ac.rs\/masul\/wp-json\/wp\/v2\/pages\/483\/revisions"}],"predecessor-version":[{"id":502,"href":"https:\/\/personal.pmf.uns.ac.rs\/masul\/wp-json\/wp\/v2\/pages\/483\/revisions\/502"}],"up":[{"embeddable":true,"href":"https:\/\/personal.pmf.uns.ac.rs\/masul\/wp-json\/wp\/v2\/pages\/10"}],"wp:featuredmedia":[{"embeddable":true,"href":"https:\/\/personal.pmf.uns.ac.rs\/masul\/wp-json\/wp\/v2\/media\/487"}],"wp:attachment":[{"href":"https:\/\/personal.pmf.uns.ac.rs\/masul\/wp-json\/wp\/v2\/media?parent=483"}],"curies":[{"name":"wp","href":"https:\/\/api.w.org\/{rel}","templated":true}]}}