{"id":396,"date":"2018-09-03T08:50:23","date_gmt":"2018-09-03T06:50:23","guid":{"rendered":"https:\/\/personal.pmf.uns.ac.rs\/masul\/?page_id=396"},"modified":"2020-09-01T08:35:13","modified_gmt":"2020-09-01T06:35:13","slug":"racunarstvo-i-inf-ii-jjzmaj","status":"publish","type":"page","link":"https:\/\/personal.pmf.uns.ac.rs\/masul\/teaching\/racunarstvo-i-inf-ii-jjzmaj\/","title":{"rendered":"Ra\u010dunarstvo i informatika &#8212; JJZmaj"},"content":{"rendered":"<p>RA\u010cUNARSTVO I INFORMATIKA II9, II11, \u0160kolska 2020\/21. godina<\/p>\n<p>Evidencija ocena: (link na fajl poslat emailom)<\/p>\n<p>Repozitorijum dokumenata: OneDrive folder<\/p>\n<p><em>On-line<\/em> C# kompajler se mo\u017ee na\u0107i <a href=\"https:\/\/www.jdoodle.com\/compile-c-sharp-online\/\">ovde<\/a>. Prednost ovog kompajlera je u tome \u0161to omogu\u0107uje interaktivnu komunikaciju sa korisnikom u konzolnoj aplikaciji.<\/p>\n<p>Drugi <em>on-line<\/em> C# kompajler se mo\u017ee na\u0107i <a href=\"https:\/\/www.tutorialspoint.com\/compile_csharp_online.php\">ovde<\/a>. Ovaj kompajler <em>ne omogu\u0107uje<\/em> interakciju, ali ima pregledniji IDE.<\/p>\n\n\n<p><\/p>\n","protected":false},"excerpt":{"rendered":"<p>RA\u010cUNARSTVO I INFORMATIKA II9, II11, \u0160kolska 2020\/21. godina Evidencija ocena: (link na fajl poslat emailom) Repozitorijum dokumenata: OneDrive folder On-line C# kompajler se mo\u017ee na\u0107i ovde. Prednost ovog kompajlera je u tome \u0161to omogu\u0107uje interaktivnu komunikaciju sa korisnikom u konzolnoj aplikaciji. Drugi on-line C# kompajler se mo\u017ee na\u0107i ovde. Ovaj kompajler ne omogu\u0107uje interakciju, ali [&hellip;]<\/p>\n","protected":false},"author":54,"featured_media":122,"parent":10,"menu_order":0,"comment_status":"closed","ping_status":"closed","template":"","meta":{"_monsterinsights_skip_tracking":false,"_monsterinsights_sitenote_active":false,"_monsterinsights_sitenote_note":"","_monsterinsights_sitenote_category":0,"footnotes":""},"class_list":["post-396","page","type-page","status-publish","has-post-thumbnail","hentry"],"_links":{"self":[{"href":"https:\/\/personal.pmf.uns.ac.rs\/masul\/wp-json\/wp\/v2\/pages\/396","targetHints":{"allow":["GET"]}}],"collection":[{"href":"https:\/\/personal.pmf.uns.ac.rs\/masul\/wp-json\/wp\/v2\/pages"}],"about":[{"href":"https:\/\/personal.pmf.uns.ac.rs\/masul\/wp-json\/wp\/v2\/types\/page"}],"author":[{"embeddable":true,"href":"https:\/\/personal.pmf.uns.ac.rs\/masul\/wp-json\/wp\/v2\/users\/54"}],"replies":[{"embeddable":true,"href":"https:\/\/personal.pmf.uns.ac.rs\/masul\/wp-json\/wp\/v2\/comments?post=396"}],"version-history":[{"count":10,"href":"https:\/\/personal.pmf.uns.ac.rs\/masul\/wp-json\/wp\/v2\/pages\/396\/revisions"}],"predecessor-version":[{"id":508,"href":"https:\/\/personal.pmf.uns.ac.rs\/masul\/wp-json\/wp\/v2\/pages\/396\/revisions\/508"}],"up":[{"embeddable":true,"href":"https:\/\/personal.pmf.uns.ac.rs\/masul\/wp-json\/wp\/v2\/pages\/10"}],"wp:featuredmedia":[{"embeddable":true,"href":"https:\/\/personal.pmf.uns.ac.rs\/masul\/wp-json\/wp\/v2\/media\/122"}],"wp:attachment":[{"href":"https:\/\/personal.pmf.uns.ac.rs\/masul\/wp-json\/wp\/v2\/media?parent=396"}],"curies":[{"name":"wp","href":"https:\/\/api.w.org\/{rel}","templated":true}]}}