{"id":355,"date":"2018-02-23T17:39:47","date_gmt":"2018-02-23T16:39:47","guid":{"rendered":"https:\/\/personal.pmf.uns.ac.rs\/masul\/?page_id=355"},"modified":"2020-02-24T08:34:09","modified_gmt":"2020-02-24T07:34:09","slug":"diskretne-strukture-2","status":"publish","type":"page","link":"https:\/\/personal.pmf.uns.ac.rs\/masul\/teaching\/diskretne-strukture-2\/","title":{"rendered":"Diskretne strukture 2"},"content":{"rendered":"<p><img loading=\"lazy\" decoding=\"async\" class=\"alignnone size-medium wp-image-331\" src=\"https:\/\/personal.pmf.uns.ac.rs\/masul\/wp-content\/uploads\/sites\/47\/2017\/10\/ds11-300x51.png\" alt=\"\" width=\"300\" height=\"51\" srcset=\"https:\/\/personal.pmf.uns.ac.rs\/masul\/wp-content\/uploads\/sites\/47\/2017\/10\/ds11-300x51.png 300w, https:\/\/personal.pmf.uns.ac.rs\/masul\/wp-content\/uploads\/sites\/47\/2017\/10\/ds11.png 608w\" sizes=\"auto, (max-width: 300px) 100vw, 300px\" \/><\/p>\n<p>IT153\u00a0<strong>DISKRETNE STRUKTURE 2<\/strong>\u00a0(letnji semestar, 3+2, 7 ESPB)<\/p>\n<p>Evidencija: Excel fajl<\/p>\n<p>Repozitorijum dokumenata: <a href=\"https:\/\/1drv.ms\/f\/s!AhJetPV17DAkhtc_vP1B3zdUmbpdTw\">OneDrive folder<\/a><\/p>\n<p>Predmet\u00a0<em>Diskretne strukture 2<\/em>\u00a0je namenjen studentima prve godine smera\u00a0<em>Informacine tehnologije<\/em>.<\/p>\n<p>Na kraju kursa svaki student \u0107e <b>razumeti<\/b> osnovne tehnike brojanja, sisteme linearnih jedna\u010dina, determinante i matrice, klasi\u010dne algebarske strukture i njihov zna\u010daj i uvodne elemente teorije grafova.<\/p>\n<p>Svaki student \u0107e <b>mo\u0107i da primeni <\/b>ste\u010dene ve\u0161tine na svakodnevne probleme sa kojima se sre\u0107e prilikom programiranja.<\/p>\n<p><b>Pravila studiranja<\/b><\/p>\n<p>Tokom semestra student prikuplja poene polaganjem dva kolokvijuma (svaki traje po 2h) od kojih prvi nosi 30, a drugi 40 poena (ukupno 0 .. 70 poena).<\/p>\n<p>Za studente koji nisu zadovoljni ostvarenim uspehom na kolokvijumima organizuju se dva popravna kolokvijuma na kojima student mo\u017ee da popravi jedan ili oba &#8220;redovna&#8221; kolokvijuma. (<em>Napomena: ukoliko student iza\u0111e na popravni kolokvijum, poeni sa odgovarajuceg redovnog kolokvijuma se bri\u0161u.<\/em>) Dodatni kolokvijumi traju svaki po 2h nezavisno od toga da li student radi zadatke sa jednog ili oba &#8220;redovna&#8221; kolokvijuma.<\/p>\n<p>Da bi stekao pravo da iza\u0111e na ispit, student mora na ovaj na\u010din da osvoji najmanje 35 poena.<\/p>\n<p>Na ispitu koji se pola\u017ee usmeno student odgovara na tri pitanja od kojih svako nosi po 10 poena. Na ovaj na\u010din student mo\u017ee da osvoji najvi\u0161e 30 poena.<\/p>\n<p>Zavr\u0161na ocena se formira na osnovu <i>proste sume<\/i> svih osvojenih poena, prema slede\u0107oj tabeli:<\/p>\n<table>\n<tbody>\n<tr>\n<td>Poeni<\/td>\n<td>Ocena<\/td>\n<\/tr>\n<tr>\n<td>91 .. 100<\/td>\n<td>10<\/td>\n<\/tr>\n<tr>\n<td>81 .. 90<\/td>\n<td>9<\/td>\n<\/tr>\n<tr>\n<td>71 .. 80<\/td>\n<td>8<\/td>\n<\/tr>\n<tr>\n<td>61 .. 70<\/td>\n<td>7<\/td>\n<\/tr>\n<tr>\n<td>51 .. 60<\/td>\n<td>6<\/td>\n<\/tr>\n<tr>\n<td>0 .. 51<\/td>\n<td>5<\/td>\n<\/tr>\n<\/tbody>\n<\/table>\n<p>Prisustvo nastavi je obavezno. Da bi stekao pravo na potpis, student mora biti prisutan na bar \u0161est predavanja.<\/p>\n<p><b>Literatura<\/b><\/p>\n<p>Nastava za ovaj predmet se izvodi prema ud\u017ebeniku koji je u nastajanju. Studentima se zato preporu\u010duje da redovno vode bele\u0161ke.<\/p>\n","protected":false},"excerpt":{"rendered":"<p>IT153\u00a0DISKRETNE STRUKTURE 2\u00a0(letnji semestar, 3+2, 7 ESPB) Evidencija: Excel fajl Repozitorijum dokumenata: OneDrive folder Predmet\u00a0Diskretne strukture 2\u00a0je namenjen studentima prve godine smera\u00a0Informacine tehnologije. Na kraju kursa svaki student \u0107e razumeti osnovne tehnike brojanja, sisteme linearnih jedna\u010dina, determinante i matrice, klasi\u010dne algebarske strukture i njihov zna\u010daj i uvodne elemente teorije grafova. Svaki student \u0107e mo\u0107i da [&hellip;]<\/p>\n","protected":false},"author":54,"featured_media":0,"parent":10,"menu_order":0,"comment_status":"closed","ping_status":"closed","template":"","meta":{"_monsterinsights_skip_tracking":false,"_monsterinsights_sitenote_active":false,"_monsterinsights_sitenote_note":"","_monsterinsights_sitenote_category":0,"footnotes":""},"class_list":["post-355","page","type-page","status-publish","hentry"],"_links":{"self":[{"href":"https:\/\/personal.pmf.uns.ac.rs\/masul\/wp-json\/wp\/v2\/pages\/355","targetHints":{"allow":["GET"]}}],"collection":[{"href":"https:\/\/personal.pmf.uns.ac.rs\/masul\/wp-json\/wp\/v2\/pages"}],"about":[{"href":"https:\/\/personal.pmf.uns.ac.rs\/masul\/wp-json\/wp\/v2\/types\/page"}],"author":[{"embeddable":true,"href":"https:\/\/personal.pmf.uns.ac.rs\/masul\/wp-json\/wp\/v2\/users\/54"}],"replies":[{"embeddable":true,"href":"https:\/\/personal.pmf.uns.ac.rs\/masul\/wp-json\/wp\/v2\/comments?post=355"}],"version-history":[{"count":5,"href":"https:\/\/personal.pmf.uns.ac.rs\/masul\/wp-json\/wp\/v2\/pages\/355\/revisions"}],"predecessor-version":[{"id":494,"href":"https:\/\/personal.pmf.uns.ac.rs\/masul\/wp-json\/wp\/v2\/pages\/355\/revisions\/494"}],"up":[{"embeddable":true,"href":"https:\/\/personal.pmf.uns.ac.rs\/masul\/wp-json\/wp\/v2\/pages\/10"}],"wp:attachment":[{"href":"https:\/\/personal.pmf.uns.ac.rs\/masul\/wp-json\/wp\/v2\/media?parent=355"}],"curies":[{"name":"wp","href":"https:\/\/api.w.org\/{rel}","templated":true}]}}