{"id":205,"date":"2016-02-18T13:15:44","date_gmt":"2016-02-18T12:15:44","guid":{"rendered":"https:\/\/personal.pmf.uns.ac.rs\/masul\/?page_id=205"},"modified":"2020-01-04T17:28:45","modified_gmt":"2020-01-04T16:28:45","slug":"analiticka-geometrija-za-informaticare","status":"publish","type":"page","link":"https:\/\/personal.pmf.uns.ac.rs\/masul\/teaching\/analiticka-geometrija-za-informaticare\/","title":{"rendered":"Analiticka geometrija za informaticare"},"content":{"rendered":"<p>I\u0422606\u00a0 ANALITI\u010cKA GEOMETRIJA ZA INFORMATI\u010cARE (zimski semestar, 3+1, 6 ESPB)<\/p>\n<p>Evidencija: <a href=\"https:\/\/1drv.ms\/x\/s!AhJetPV17DAkiKNFlPof1lEpte092Q?e=trvl41\">Excel file<\/a><\/p>\n<p><a href=\"https:\/\/personal.pmf.uns.ac.rs\/masul\/wp-content\/uploads\/sites\/47\/2020\/01\/AGI-Ispitna-pitanja-2019-20.pdf\">Ispitna pitanja za \u0161k. 2019\/20. godinu<\/a><\/p>\n<p><b>O predmetu<\/b><\/p>\n<p>Kurs <i>Analiti\u010dka geometrija za informati\u010dare<\/i>\u00a0na Departmanu za matematiku i informatiku namenjen je studentima osnovnih akademskih studija ra\u010dunarstva. Na kraju kursa svaki student \u0107e razumeti osnovne principe analiti\u010dke geometrije u euklidskoj ravni i prostoru.<\/p>\n<p><b>Pravila studiranja<\/b><\/p>\n<p>Tokom semestra student prikuplja poene polaganjem dva kolokvijuma (svaki traje po 2h) od kojih svaki nosi po 35 poena (ukupno 0 .. 70 poena).<\/p>\n<p>Za studente koji nisu zadovoljni ostvarenim uspehom na kolokvijumima organizuju se dva popravna kolokvijuma na kojima student mo\u017ee da popravi jedan ili oba &#8220;redovna&#8221; kolokvijuma. (<em>Napomena: ukoliko student iza\u0111e na popravni kolokvijum, poeni sa odgovarajuceg redovnog kolokvijuma se bri\u0161u.<\/em>) Dodatni kolokvijumi traju svaki po 2h nezavisno od toga da li student radi zadatke sa jednog ili oba &#8220;redovna&#8221; kolokvijuma.<\/p>\n<p>Da bi stekao pravo da iza\u0111e na ispit, student mora na ovaj na\u010din da osvoji najmanje 35 poena.<\/p>\n<p>Na ispitu koji se pola\u017ee usmeno student odgovara na tri pitanja od kojih svako nosi po 10 poena. Na ovaj na\u010din student mo\u017ee da osvoji najvi\u0161e 30 poena.<\/p>\n<p>Zavr\u0161na ocena se formira na osnovu <i>proste sume<\/i> svih osvojenih poena, prema slede\u0107oj tabeli:<\/p>\n<table>\n<tbody>\n<tr>\n<td>Poeni<\/td>\n<td>Ocena<\/td>\n<\/tr>\n<tr>\n<td>91 .. 100<\/td>\n<td>10<\/td>\n<\/tr>\n<tr>\n<td>81 .. 90<\/td>\n<td>9<\/td>\n<\/tr>\n<tr>\n<td>71 .. 80<\/td>\n<td>8<\/td>\n<\/tr>\n<tr>\n<td>61 .. 70<\/td>\n<td>7<\/td>\n<\/tr>\n<tr>\n<td>51 .. 60<\/td>\n<td>6<\/td>\n<\/tr>\n<tr>\n<td>0 .. 50<\/td>\n<td>5<\/td>\n<\/tr>\n<\/tbody>\n<\/table>\n<p>Prisustvo nastavi je obavezno. Da bi stekao pravo na potpis, student mora biti prisutan na bar \u0161est predavanja.<\/p>\n<p><b>Literatura<\/b><\/p>\n<p>Nastava za ovaj predmet se izvodi prema ud\u017ebeniku koji je u nastajanju. Studentima se zato preporu\u010duje da vode bele\u0161ke, a skripte koje prate predavanja \u0107e biti dostupne tokom semestra.<\/p>\n","protected":false},"excerpt":{"rendered":"<p>I\u0422606\u00a0 ANALITI\u010cKA GEOMETRIJA ZA INFORMATI\u010cARE (zimski semestar, 3+1, 6 ESPB) Evidencija: Excel file Ispitna pitanja za \u0161k. 2019\/20. godinu O predmetu Kurs Analiti\u010dka geometrija za informati\u010dare\u00a0na Departmanu za matematiku i informatiku namenjen je studentima osnovnih akademskih studija ra\u010dunarstva. Na kraju kursa svaki student \u0107e razumeti osnovne principe analiti\u010dke geometrije u euklidskoj ravni i prostoru. Pravila [&hellip;]<\/p>\n","protected":false},"author":54,"featured_media":215,"parent":10,"menu_order":0,"comment_status":"closed","ping_status":"closed","template":"","meta":{"_monsterinsights_skip_tracking":false,"_monsterinsights_sitenote_active":false,"_monsterinsights_sitenote_note":"","_monsterinsights_sitenote_category":0,"footnotes":""},"class_list":["post-205","page","type-page","status-publish","has-post-thumbnail","hentry"],"_links":{"self":[{"href":"https:\/\/personal.pmf.uns.ac.rs\/masul\/wp-json\/wp\/v2\/pages\/205","targetHints":{"allow":["GET"]}}],"collection":[{"href":"https:\/\/personal.pmf.uns.ac.rs\/masul\/wp-json\/wp\/v2\/pages"}],"about":[{"href":"https:\/\/personal.pmf.uns.ac.rs\/masul\/wp-json\/wp\/v2\/types\/page"}],"author":[{"embeddable":true,"href":"https:\/\/personal.pmf.uns.ac.rs\/masul\/wp-json\/wp\/v2\/users\/54"}],"replies":[{"embeddable":true,"href":"https:\/\/personal.pmf.uns.ac.rs\/masul\/wp-json\/wp\/v2\/comments?post=205"}],"version-history":[{"count":18,"href":"https:\/\/personal.pmf.uns.ac.rs\/masul\/wp-json\/wp\/v2\/pages\/205\/revisions"}],"predecessor-version":[{"id":479,"href":"https:\/\/personal.pmf.uns.ac.rs\/masul\/wp-json\/wp\/v2\/pages\/205\/revisions\/479"}],"up":[{"embeddable":true,"href":"https:\/\/personal.pmf.uns.ac.rs\/masul\/wp-json\/wp\/v2\/pages\/10"}],"wp:featuredmedia":[{"embeddable":true,"href":"https:\/\/personal.pmf.uns.ac.rs\/masul\/wp-json\/wp\/v2\/media\/215"}],"wp:attachment":[{"href":"https:\/\/personal.pmf.uns.ac.rs\/masul\/wp-json\/wp\/v2\/media?parent=205"}],"curies":[{"name":"wp","href":"https:\/\/api.w.org\/{rel}","templated":true}]}}