{"id":179,"date":"2015-10-28T10:18:56","date_gmt":"2015-10-28T09:18:56","guid":{"rendered":"http:\/\/personal.pmf.uns.ac.rs\/masul\/?page_id=179"},"modified":"2021-02-23T10:20:23","modified_gmt":"2021-02-23T09:20:23","slug":"skolska-praksa","status":"publish","type":"page","link":"https:\/\/personal.pmf.uns.ac.rs\/masul\/teaching\/skolska-praksa\/","title":{"rendered":"\u0160kolska praksa"},"content":{"rendered":"<p>I381, IT632 \u0160KOLSKA PRAKSA (0+6, 6 ESPB)<\/p>\n<p><strong>ZBOG EPIDEMIOLO\u0160KE SITUACIJE ISPIT IZ OVOG PREDMETA SE DO DALJNJEG ODR\u017dAVA U PROSTORIJAMA FAKULTETA!<\/strong><\/p>\n<p>Ispit \u0107e biti organizovan na slede\u0107i na\u010din:<\/p>\n<p>Sa portala <a href=\"http:\/\/www.petlja.org\/net.kabinet\">Petlja.org<\/a> odaberite jednu nastavnu temu za bilo koji nivo \u0161kolovanja.<\/p>\n<p>Upi\u0161ite se u tabelu za evidenciju koja \u0107e postati dostupna tokom semestra.<\/p>\n<p>Termin odr\u017eavanja ispitnog \u010dasa \u0107emo dogovoriti putem elektronske po\u0161te.<\/p>\n<p>Kriterijumi za formiranje ocene:<\/p>\n<table width=\"485\">\n<tbody>\n<tr>\n<td width=\"417\"><em><strong>PREDISPITNE OBAVEZE &#8212; PROBNI \u010cAS (30 poena)<\/strong><\/em><\/td>\n<td width=\"68\"><em><strong>Poena<\/strong><\/em><\/td>\n<\/tr>\n<tr>\n<td>Priprema za \u010das (papiri) koja ima odgovaraju\u0107u strukturu<\/td>\n<td>10<\/td>\n<\/tr>\n<tr>\n<td>Sladovi za \u010das + On-line materijali na nekom deljenom folderu<\/td>\n<td>10<\/td>\n<\/tr>\n<tr>\n<td>Odr\u017ean on-line \u010das (15 min) preko neke platforme<\/td>\n<td>10<\/td>\n<\/tr>\n<tr>\n<td>\u00a0<\/td>\n<td>\u00a0<\/td>\n<\/tr>\n<tr>\n<td><em><strong>ISPITNI \u010cAS (70 poena)<\/strong><\/em><\/td>\n<td>\u00a0<\/td>\n<\/tr>\n<tr>\n<td>Vladanje materijom<\/td>\n<td>10<\/td>\n<\/tr>\n<tr>\n<td>Priprema za \u010das (papiri)<\/td>\n<td>5<\/td>\n<\/tr>\n<tr>\n<td>Podsetiti se materijala (prethodni \u010das) koji nam treba za ovaj \u010das<\/td>\n<td>5<\/td>\n<\/tr>\n<tr>\n<td>Centralni deo \u010dasa<\/td>\n<td>5<\/td>\n<\/tr>\n<tr>\n<td>Primeri<\/td>\n<td>5<\/td>\n<\/tr>\n<tr>\n<td>Bar jedna usmena aktivnost za u\u010denike<\/td>\n<td>5<\/td>\n<\/tr>\n<tr>\n<td>Bar jedna prakti\u010dna aktivnost za u\u010denike<\/td>\n<td>5<\/td>\n<\/tr>\n<tr>\n<td>Zadati doma\u0107i zadatak<\/td>\n<td>5<\/td>\n<\/tr>\n<tr>\n<td>Planiranje vremena (Timing)<\/td>\n<td>10<\/td>\n<\/tr>\n<tr>\n<td>Organizacija table\/prezentacije<\/td>\n<td>5<\/td>\n<\/tr>\n<tr>\n<td>Verbalizacija (Jasno\u0107a izgovorenog teksta)<\/td>\n<td>5<\/td>\n<\/tr>\n<tr>\n<td>Kontakt sa razredom (kontakt o\u010dima, komunikacija)<\/td>\n<td>5<\/td>\n<\/tr>\n<tr>\n<td>\u00a0<\/td>\n<td>\u00a0<\/td>\n<\/tr>\n<tr>\n<td><em><strong>UKUPNO<\/strong><\/em><\/td>\n<td><em><strong>100<\/strong><\/em><\/td>\n<\/tr>\n<\/tbody>\n<\/table>\n<p>\u00a0<\/p>\n\n\n<p><\/p>\n","protected":false},"excerpt":{"rendered":"<p>I381, IT632 \u0160KOLSKA PRAKSA (0+6, 6 ESPB) ZBOG EPIDEMIOLO\u0160KE SITUACIJE ISPIT IZ OVOG PREDMETA SE DO DALJNJEG ODR\u017dAVA U PROSTORIJAMA FAKULTETA! Ispit \u0107e biti organizovan na slede\u0107i na\u010din: Sa portala Petlja.org odaberite jednu nastavnu temu za bilo koji nivo \u0161kolovanja. Upi\u0161ite se u tabelu za evidenciju koja \u0107e postati dostupna tokom semestra. Termin odr\u017eavanja ispitnog [&hellip;]<\/p>\n","protected":false},"author":54,"featured_media":181,"parent":10,"menu_order":0,"comment_status":"closed","ping_status":"closed","template":"","meta":{"_monsterinsights_skip_tracking":false,"_monsterinsights_sitenote_active":false,"_monsterinsights_sitenote_note":"","_monsterinsights_sitenote_category":0,"footnotes":""},"class_list":["post-179","page","type-page","status-publish","has-post-thumbnail","hentry"],"_links":{"self":[{"href":"https:\/\/personal.pmf.uns.ac.rs\/masul\/wp-json\/wp\/v2\/pages\/179","targetHints":{"allow":["GET"]}}],"collection":[{"href":"https:\/\/personal.pmf.uns.ac.rs\/masul\/wp-json\/wp\/v2\/pages"}],"about":[{"href":"https:\/\/personal.pmf.uns.ac.rs\/masul\/wp-json\/wp\/v2\/types\/page"}],"author":[{"embeddable":true,"href":"https:\/\/personal.pmf.uns.ac.rs\/masul\/wp-json\/wp\/v2\/users\/54"}],"replies":[{"embeddable":true,"href":"https:\/\/personal.pmf.uns.ac.rs\/masul\/wp-json\/wp\/v2\/comments?post=179"}],"version-history":[{"count":13,"href":"https:\/\/personal.pmf.uns.ac.rs\/masul\/wp-json\/wp\/v2\/pages\/179\/revisions"}],"predecessor-version":[{"id":516,"href":"https:\/\/personal.pmf.uns.ac.rs\/masul\/wp-json\/wp\/v2\/pages\/179\/revisions\/516"}],"up":[{"embeddable":true,"href":"https:\/\/personal.pmf.uns.ac.rs\/masul\/wp-json\/wp\/v2\/pages\/10"}],"wp:featuredmedia":[{"embeddable":true,"href":"https:\/\/personal.pmf.uns.ac.rs\/masul\/wp-json\/wp\/v2\/media\/181"}],"wp:attachment":[{"href":"https:\/\/personal.pmf.uns.ac.rs\/masul\/wp-json\/wp\/v2\/media?parent=179"}],"curies":[{"name":"wp","href":"https:\/\/api.w.org\/{rel}","templated":true}]}}