{"id":165,"date":"2015-10-27T17:33:42","date_gmt":"2015-10-27T16:33:42","guid":{"rendered":"http:\/\/personal.pmf.uns.ac.rs\/masul\/?page_id=165"},"modified":"2016-05-19T12:45:16","modified_gmt":"2016-05-19T10:45:16","slug":"informatika-u-zdravstvu","status":"publish","type":"page","link":"https:\/\/personal.pmf.uns.ac.rs\/masul\/teaching\/informatika-u-zdravstvu\/","title":{"rendered":"Informatika u zdravstvu MR, ZN (SRB)"},"content":{"rendered":"<p>Repozitorijum dokumenata: <a title=\"OneDrive folder\" href=\"https:\/\/onedrive.live.com\/redir?resid=2430EC75F5B45E12!59621&amp;authkey=!AC8bjTll7JRn3dY&amp;ithint=folder%2cpdf\">OneDrive folder<\/a><\/p>\n<p><b>O predmetu<\/b><\/p>\n<p>Kurs <i>Informatika u zdravstvu<\/i> namenjen je svim studentima prve godine Medicinskog fakulteta u Novom Sadu, smerovi Medicinska rehabilitacija i Zdravstvena nega. Cilj kursa je standardizacija znanja i ve\u0161tina studenata u kori\u0161\u0107enju ra\u010dunara za svakodnevne poslove prema ECDL programu. Na kraju kursa svaki student \u0107e razumeti osnove savremene ra\u010dunarske tehnologije i biti u stanju da u svakodnevnom radu koristi operativni sistem Windows, MS Word i MS Excel.<\/p>\n<p><b>Pravila studiranja<\/b><\/p>\n<p>Na ispitu koji se polaze prakti\u010dno student pola\u017ee test (30 poena), pokazuje da je ovladao osnovnim ve\u0161tinama rada u MS Wordu (40 poena) i u MS Excelu (30 poena). Zavr\u0161na ocena se formira na osnovu <i>proste sume<\/i> svih osvojenih poena, prema slede\u0107oj tabeli:<\/p>\n<table>\n<tbody>\n<tr>\n<td>Poeni<\/td>\n<td>Ocena<\/td>\n<\/tr>\n<tr>\n<td>91 .. 100<\/td>\n<td>10<\/td>\n<\/tr>\n<tr>\n<td>81 .. 90<\/td>\n<td>9<\/td>\n<\/tr>\n<tr>\n<td>71 .. 80<\/td>\n<td>8<\/td>\n<\/tr>\n<tr>\n<td>61 .. 70<\/td>\n<td>7<\/td>\n<\/tr>\n<tr>\n<td>51 .. 60<\/td>\n<td>6<\/td>\n<\/tr>\n<tr>\n<td>0 .. 50<\/td>\n<td>5<\/td>\n<\/tr>\n<\/tbody>\n<\/table>\n<p>Prisustvo nastavi je obavezno.<\/p>\n","protected":false},"excerpt":{"rendered":"<p>Repozitorijum dokumenata: OneDrive folder O predmetu Kurs Informatika u zdravstvu namenjen je svim studentima prve godine Medicinskog fakulteta u Novom Sadu, smerovi Medicinska rehabilitacija i Zdravstvena nega. Cilj kursa je standardizacija znanja i ve\u0161tina studenata u kori\u0161\u0107enju ra\u010dunara za svakodnevne poslove prema ECDL programu. Na kraju kursa svaki student \u0107e razumeti osnove savremene ra\u010dunarske tehnologije [&hellip;]<\/p>\n","protected":false},"author":54,"featured_media":194,"parent":10,"menu_order":0,"comment_status":"closed","ping_status":"closed","template":"","meta":{"_monsterinsights_skip_tracking":false,"_monsterinsights_sitenote_active":false,"_monsterinsights_sitenote_note":"","_monsterinsights_sitenote_category":0,"footnotes":""},"class_list":["post-165","page","type-page","status-publish","has-post-thumbnail","hentry"],"_links":{"self":[{"href":"https:\/\/personal.pmf.uns.ac.rs\/masul\/wp-json\/wp\/v2\/pages\/165","targetHints":{"allow":["GET"]}}],"collection":[{"href":"https:\/\/personal.pmf.uns.ac.rs\/masul\/wp-json\/wp\/v2\/pages"}],"about":[{"href":"https:\/\/personal.pmf.uns.ac.rs\/masul\/wp-json\/wp\/v2\/types\/page"}],"author":[{"embeddable":true,"href":"https:\/\/personal.pmf.uns.ac.rs\/masul\/wp-json\/wp\/v2\/users\/54"}],"replies":[{"embeddable":true,"href":"https:\/\/personal.pmf.uns.ac.rs\/masul\/wp-json\/wp\/v2\/comments?post=165"}],"version-history":[{"count":9,"href":"https:\/\/personal.pmf.uns.ac.rs\/masul\/wp-json\/wp\/v2\/pages\/165\/revisions"}],"predecessor-version":[{"id":169,"href":"https:\/\/personal.pmf.uns.ac.rs\/masul\/wp-json\/wp\/v2\/pages\/165\/revisions\/169"}],"up":[{"embeddable":true,"href":"https:\/\/personal.pmf.uns.ac.rs\/masul\/wp-json\/wp\/v2\/pages\/10"}],"wp:featuredmedia":[{"embeddable":true,"href":"https:\/\/personal.pmf.uns.ac.rs\/masul\/wp-json\/wp\/v2\/media\/194"}],"wp:attachment":[{"href":"https:\/\/personal.pmf.uns.ac.rs\/masul\/wp-json\/wp\/v2\/media?parent=165"}],"curies":[{"name":"wp","href":"https:\/\/api.w.org\/{rel}","templated":true}]}}