{"id":142,"date":"2015-04-02T14:06:57","date_gmt":"2015-04-02T12:06:57","guid":{"rendered":"http:\/\/personal.pmf.uns.ac.rs\/masul\/?page_id=142"},"modified":"2023-08-19T16:26:48","modified_gmt":"2023-08-19T14:26:48","slug":"textbooks-srb","status":"publish","type":"page","link":"https:\/\/personal.pmf.uns.ac.rs\/masul\/textbooks-srb\/","title":{"rendered":"Textbooks (SRB)"},"content":{"rendered":"<p><strong>RECENZIRANE PUBLIKACIJE<\/strong><\/p>\n<p><strong>D. Ma\u0161ulovi\u0107, M.Pech<\/strong>,\u00a0<em>Zbirka zadataka iz kombinatorike<\/em>.<br \/>\nPrirodno-matemati\u010dki fakultet, Departman za\u00a0matematiku i informatiku 2015.<br \/>\nISBN 978-86-7031-367-5<\/p>\n<p><img loading=\"lazy\" decoding=\"async\" class=\"alignnone size-medium wp-image-200\" src=\"http:\/\/personal.pmf.uns.ac.rs\/masul\/wp-content\/uploads\/sites\/47\/2015\/12\/ZbZadKombi-small-203x300.jpg\" alt=\"ZbZadKombi-small\" width=\"203\" height=\"300\" \/><\/p>\n<p><strong>D. Ma\u0161ulovi\u0107<\/strong>,\u00a0<em>Diskretna matematika za informati\u010dare 1<\/em>.<br \/>\nPrirodno-matemati\u010dki fakultet, Departman za\u00a0matematiku i informatiku 2014.<br \/>\nISBN 978-86-7031-375-0<br \/>\n<a href=\"http:\/\/personal.pmf.uns.ac.rs\/masul\/wp-content\/uploads\/sites\/47\/2015\/04\/DMINF-big.jpg\"><img loading=\"lazy\" decoding=\"async\" class=\"alignnone size-medium wp-image-144\" src=\"http:\/\/personal.pmf.uns.ac.rs\/masul\/wp-content\/uploads\/sites\/47\/2015\/04\/DMINF-big-214x300.jpg\" alt=\"DMINF-big\" width=\"214\" height=\"300\" srcset=\"https:\/\/personal.pmf.uns.ac.rs\/masul\/wp-content\/uploads\/sites\/47\/2015\/04\/DMINF-big-214x300.jpg 214w, https:\/\/personal.pmf.uns.ac.rs\/masul\/wp-content\/uploads\/sites\/47\/2015\/04\/DMINF-big.jpg 470w\" sizes=\"auto, (max-width: 214px) 100vw, 214px\" \/><\/a><\/p>\n<p><strong>D. Ma\u0161ulovi\u0107<\/strong>,\u00a0<em>Odabrane teme diskretne matematike<\/em>.<br \/>\n<span style=\"line-height: 1.714285714;font-size: 1rem\">Prirodno-matemati\u010dki fakultet, Departman za\u00a0matematiku i informatiku 2007.<br \/>\n<\/span>ISBN 978-86-7031-129-9<br \/>\n<a href=\"http:\/\/personal.pmf.uns.ac.rs\/masul\/wp-content\/uploads\/sites\/47\/2015\/04\/OTDM-big.jpg\"><img loading=\"lazy\" decoding=\"async\" class=\"alignnone size-medium wp-image-145\" src=\"http:\/\/personal.pmf.uns.ac.rs\/masul\/wp-content\/uploads\/sites\/47\/2015\/04\/OTDM-big-199x300.jpg\" alt=\"OTDM-big\" width=\"199\" height=\"300\" srcset=\"https:\/\/personal.pmf.uns.ac.rs\/masul\/wp-content\/uploads\/sites\/47\/2015\/04\/OTDM-big-199x300.jpg 199w, https:\/\/personal.pmf.uns.ac.rs\/masul\/wp-content\/uploads\/sites\/47\/2015\/04\/OTDM-big.jpg 415w\" sizes=\"auto, (max-width: 199px) 100vw, 199px\" \/><\/a><\/p>\n<p>I. Bo\u0161njak, <strong>D. Ma\u0161ulovi\u0107<\/strong>, V. Petrovi\u0107, R. To\u0161i\u0107.\u00a0<em>Zbirka zadataka iz teorije grafova.<br \/>\n<\/em>Prirodno-matematicki fakultet, Departman za\u00a0matematiku i informatiku 2006.<br \/>\nISBN 86-7031-060-0<br \/>\n<a href=\"http:\/\/personal.pmf.uns.ac.rs\/masul\/wp-content\/uploads\/sites\/47\/2015\/04\/ZZTG-big.jpg\"><img loading=\"lazy\" decoding=\"async\" class=\"alignnone size-medium wp-image-146\" src=\"http:\/\/personal.pmf.uns.ac.rs\/masul\/wp-content\/uploads\/sites\/47\/2015\/04\/ZZTG-big-208x300.jpg\" alt=\"ZZTG-big\" width=\"208\" height=\"300\" srcset=\"https:\/\/personal.pmf.uns.ac.rs\/masul\/wp-content\/uploads\/sites\/47\/2015\/04\/ZZTG-big-208x300.jpg 208w, https:\/\/personal.pmf.uns.ac.rs\/masul\/wp-content\/uploads\/sites\/47\/2015\/04\/ZZTG-big.jpg 408w\" sizes=\"auto, (max-width: 208px) 100vw, 208px\" \/><\/a><\/p>\n","protected":false},"excerpt":{"rendered":"<p>RECENZIRANE PUBLIKACIJE D. Ma\u0161ulovi\u0107, M.Pech,\u00a0Zbirka zadataka iz kombinatorike. Prirodno-matemati\u010dki fakultet, Departman za\u00a0matematiku i informatiku 2015. ISBN 978-86-7031-367-5 D. Ma\u0161ulovi\u0107,\u00a0Diskretna matematika za informati\u010dare 1. Prirodno-matemati\u010dki fakultet, Departman za\u00a0matematiku i informatiku 2014. ISBN 978-86-7031-375-0 D. Ma\u0161ulovi\u0107,\u00a0Odabrane teme diskretne matematike. Prirodno-matemati\u010dki fakultet, Departman za\u00a0matematiku i informatiku 2007. ISBN 978-86-7031-129-9 I. Bo\u0161njak, D. Ma\u0161ulovi\u0107, V. Petrovi\u0107, R. To\u0161i\u0107.\u00a0Zbirka zadataka [&hellip;]<\/p>\n","protected":false},"author":54,"featured_media":0,"parent":0,"menu_order":6,"comment_status":"closed","ping_status":"closed","template":"","meta":{"_monsterinsights_skip_tracking":false,"_monsterinsights_sitenote_active":false,"_monsterinsights_sitenote_note":"","_monsterinsights_sitenote_category":0,"footnotes":""},"class_list":["post-142","page","type-page","status-publish","hentry"],"_links":{"self":[{"href":"https:\/\/personal.pmf.uns.ac.rs\/masul\/wp-json\/wp\/v2\/pages\/142","targetHints":{"allow":["GET"]}}],"collection":[{"href":"https:\/\/personal.pmf.uns.ac.rs\/masul\/wp-json\/wp\/v2\/pages"}],"about":[{"href":"https:\/\/personal.pmf.uns.ac.rs\/masul\/wp-json\/wp\/v2\/types\/page"}],"author":[{"embeddable":true,"href":"https:\/\/personal.pmf.uns.ac.rs\/masul\/wp-json\/wp\/v2\/users\/54"}],"replies":[{"embeddable":true,"href":"https:\/\/personal.pmf.uns.ac.rs\/masul\/wp-json\/wp\/v2\/comments?post=142"}],"version-history":[{"count":7,"href":"https:\/\/personal.pmf.uns.ac.rs\/masul\/wp-json\/wp\/v2\/pages\/142\/revisions"}],"predecessor-version":[{"id":529,"href":"https:\/\/personal.pmf.uns.ac.rs\/masul\/wp-json\/wp\/v2\/pages\/142\/revisions\/529"}],"wp:attachment":[{"href":"https:\/\/personal.pmf.uns.ac.rs\/masul\/wp-json\/wp\/v2\/media?parent=142"}],"curies":[{"name":"wp","href":"https:\/\/api.w.org\/{rel}","templated":true}]}}