{"id":14,"date":"2015-03-20T21:32:40","date_gmt":"2015-03-20T20:32:40","guid":{"rendered":"http:\/\/personal.pmf.uns.ac.rs\/masul\/?page_id=14"},"modified":"2023-08-19T16:24:18","modified_gmt":"2023-08-19T14:24:18","slug":"research","status":"publish","type":"page","link":"https:\/\/personal.pmf.uns.ac.rs\/masul\/research\/","title":{"rendered":"Research"},"content":{"rendered":"<p><strong>ACCEPTED<\/strong><\/p>\n<p><strong>&#8230;\u00a0<\/strong><\/p>\n<p><strong>PUBLISHED<\/strong><\/p>\n<p>67. <strong>D.<\/strong> <strong>Ma\u0161ulovi\u0107,<\/strong> <em>Ramsey Properties of Products and Pullbacks of Categories and the Grothendieck Construction. <\/em>Applied Categorical Structures 31 (2023), article number: 6<\/p>\n<p>66. <strong>D.<\/strong> <strong>Ma\u0161ulovi\u0107,<\/strong> <em>Dual Ramsey properties for classes of algebras<\/em>. European Journal of Combinatorics, 112 (2023), Article 103716<\/p>\n<p>65. <strong>D. Ma\u0161ulovi\u0107,\u00a0<\/strong><em>Big Ramsey spectra of countable chains.<\/em> Order 40 (2023), 237&#8211;256<\/p>\n<p>64. <strong>D. Ma\u0161ulovi\u0107,<\/strong>\u00a0<em>Ramsey degrees: big v. small<\/em>. European Journal of Combinatorics, 95 (2021), Article 103323<\/p>\n<p>63. <strong>D. Ma\u0161ulovi\u0107, B. \u0160obot<\/strong>, <em>Countable ordinals and big Ramsey degrees<\/em>, Combinatorica 41 (2021), 425&#8211;446<\/p>\n<p>62. <b>D. <strong>Ma\u0161ulovi\u0107<\/strong><\/b>, <em>The Kechris-Pestov-Todor\u010devi\u0107 correspondence from the point of view of category theory<\/em>, Applied Categorical Structures, 29 (2021), 141&#8211;169<\/p>\n<p>61. <b>D. <strong>Ma\u0161ulovi\u0107<\/strong><\/b>, <em>Finite big Ramsey degrees in universal\u00a0 structures<\/em>, Journal of Combinatorial Theory Ser. A 170 (2020), 105&#8211;137<\/p>\n<p>60.<b> D. <strong>Ma\u0161ulovi\u0107<\/strong><\/b>, <em>On dual Ramsey theorems for relational structures<\/em>, Czechoslovak Mathematical Journal 70 (2020), 553&#8211;585<\/p>\n<p>59.<b> D. <strong>Ma\u0161ulovi\u0107<\/strong><\/b>, <em>The Ramsey and the ordering property for classes of lattices and semilattices<\/em>, Order 36 (2019), 487&#8211;500<\/p>\n<p>58. <b>D. <strong>Ma\u0161ulovi\u0107<\/strong><\/b>, B. Panti\u0107,\u00a0<em>A dual Ramsey theorem for finite ordered oriented graphs<\/em>, Mathematica Slovaca 69 (2019), 729&#8211;738<\/p>\n<p>57. N. Dragani\u0107,\u00a0<b>D. <strong>Ma\u0161ulovi\u0107<\/strong><\/b>, <em>A Ramsey Theorem for Multiposets<\/em>,\u00a0European Journal of Combinatorics, 81 (2019),\u00a0142&#8211;149<\/p>\n<p>56. <b>D. <strong>Ma\u0161ulovi\u0107<\/strong><\/b>,\u00a0<em>Canonizing structural Ramsey theorems<\/em>,\u00a0Discrete Mathematics, 342(2019), 747&#8211;759<\/p>\n<p>55. <b>D. <strong>Ma\u0161ulovi\u0107<\/strong><\/b>,\u00a0<em>A New Proof of the Ne\u0161et\u0159il-R\u00f6dl Theorem<\/em>,\u00a0Applied Categorical Structures 26 (2018), 401&#8211;412<\/p>\n<p>54. <b>D. <strong>Ma\u0161ulovi\u0107<\/strong><\/b>,\u00a0<em>Pre-adjunctions and the Ramsey property<\/em>,\u00a0European Journal of Combinatorics, 70 (2018), 268&#8211;283<\/p>\n<p>53. <b>D. <strong>Ma\u0161ulovi\u0107<\/strong><\/b>, N. Mudrinski,\u00a0<i>On the dual Ramsey property for finite distributive lattices<\/i>, Order 34 (2017), 479&#8211;490<\/p>\n<p>52.\u00a0<b>D. <strong>Ma\u0161ulovi\u0107<\/strong><\/b>, L. Scow,\u00a0<em>Categorical equivalence and the\u00a0<\/em><i>Ramsey property for finite powers of a primal\u00a0algebra<\/i>,\u00a0Algebra Universalis 78 (2017), 159&#8211;179<\/p>\n<p>51.\u00a0<strong>D. <b>Ma\u0161ulovi\u0107<\/b><\/strong>,\u00a0<em>A Dual Ramsey Theorem for Permutations<\/em>,\u00a0The Electronic Journal of Combinatorics 24(3) (2017), #P3.39<\/p>\n<p>50. W. Kubi\u015b,\u00a0<b>D. Ma\u0161ulovi\u0107<\/b>, <i>Katetov functors<\/i>, Applied Categorical Structures 25 (2017), 569&#8211;602<\/p>\n<p>49. <b>D. Ma\u0161ulovi\u0107<\/b>, <i>Weakly oligomorphic clones<\/i>, Journal of Multiple-Valued Logic and Soft Computing 26 (2016),\u00a0467&#8211;483<\/p>\n<p>48.<b> D. Ma\u0161ulovi\u0107<\/b>, <i>A short note on extreme amenability of automorphism groups of\u00a0<\/i>\u03c9<i>-categorical structures<\/i>, Order 33 (2016), 67&#8211;70<\/p>\n<p>47. <b>D. Ma\u0161ulovi\u0107<\/b>, <i>Retracts of ultrahomogeneous structures in the context of Katetov functors<\/i>, Demonstratio Mathematica 48, 4 (2015), 562&#8211;577<\/p>\n<p>46. <b>D. Ma\u0161ulovi\u0107<\/b>, <i>Towards the characterization of finite homomorphism-homogeneous oriented graphs with loops<\/i>, Graphs and Combinatorics 31 (2015), 1613&#8211;1628<\/p>\n<p>45. D. Hartman, J. Hubi\u010dka, <b>D. Ma\u0161ulovi\u0107<\/b>, <i>Homomorphism-homogeneous L-colored graphs<\/i>, European Journal of Combinatorics 35 (2014), 313&#8211;323<\/p>\n<p>44. <b>D. Ma\u0161ulovi\u0107<\/b>, <i>Some classes of finite homomorphism-homogeneous point line geometries<\/i>, Combinatorica 33 (5) 2013, 573&#8211;590<\/p>\n<p>43. E. Jung\u00e1bel, <b>D. Ma\u0161ulovi\u0107<\/b>, <i>Homomorphism-homogeneous monounary algebras<\/i>, Mathematica Slovaca 63 (5) (2013), 993&#8211;1000<\/p>\n<p>42. <b>D. Ma\u0161ulovi\u0107<\/b>, <i>On the complexity of deciding homomorphism-homogeneity for finite algebras<\/i>, International Journal of Algebra and Computation 23 (3) (2013), 663&#8211;672<\/p>\n<p>41. A. Ili\u0107, <b>D. Ma\u0161ulovi\u0107<\/b>, U. Rajkovi\u010d, <i>Homomorphism-homogeneous graphs with loops<\/i>, Novi Sad Journal of Mathematics 42 (1) (2012), 59&#8211;66<\/p>\n<p>40. I. Dolinka, <b>D. Ma\u0161ulovi\u0107<\/b>, <i>A universality result for endomorphism monoids of some ultrahomogeneous structures<\/i>, Proceedings of the Edinburgh Mathematical Society 55 (2012), 635&#8211;656<\/p>\n<p>39. I. Dolinka, <b>D. Ma\u0161ulovi\u0107<\/b>, <i>Countable homogeneous linearly ordered posets<\/i>, European Journal of Combinatorics 33 (2012), 1965&#8211;1973<\/p>\n<p>38. I. Dolinka, <b>D. Ma\u0161ulovi\u0107<\/b>, <i>Properties of the automorphism group and a probabilistic construction of a class of countable labelled structures<\/i>, Journal of Combinatorial Theory, Ser. A 119 (2012), 1014&#8211;1030<\/p>\n<p>37. <b>D. Ma\u0161ulovi\u0107<\/b>, R. Nenadov, N. \u0160kori\u0107, <i>On finite reflexive homomorphism-homogeneous binary relational systems<\/i>, Discrete Mathematics 311 (2011), 2543&#8211;2555<\/p>\n<p>36. I. Dolinka, <b>D. Ma\u0161ulovi\u0107<\/b>, <i>Remarks on homomorphism-homogeneous lattices and semilattices<\/i>, Monatshefte fuer Mathematik, 164 (2011), 23&#8211;37<\/p>\n<p>35. <b>D. Ma\u0161ulovi\u0107<\/b>, M. Pech, <i>Oligomorphic transformation monoids and homomorphism-homogeneous structures<\/i>, Fundamenta Mathematicae 212 (2011), 17&#8211;34<\/p>\n<p>34. <b>D. Ma\u0161ulovi\u0107<\/b>, R. Nenadov, N. \u0160kori\u0107, <i>Finite irreflexive homomorphism-homogeneous binary relational systems<\/i>, Novi Sad Journal of Mathematics 40 (2010), 83&#8211;87<\/p>\n<p>33. <b>D. Ma\u0161ulovi\u0107<\/b>, <i>The Number of Finite Homomorphism-Homogeneous Tournaments With Loops<\/i>, Fibonacci Quarterly, Vol. 46\/47, No3. (2008\/2009), 241&#8211;244<\/p>\n<p>32. M. Pech, <b>D. Ma\u0161ulovi\u0107<\/b>, <i>On the height of the poset of endomorphism monoids of regular relations<\/i>, Journal of Multiple-Valued Logic and Soft Computing Vol. 15, No. 1, 2009, 81&#8211;94<\/p>\n<p>31. <b>D. Ma\u0161ulovi\u0107<\/b>, <i>GenClo and TermEquiv are EXPTIME-complete<\/i>, International Journal of Algebra and Computation Vol. 18, No. 5, 2008, 901&#8211;909<\/p>\n<p>30. A. Ili\u0107, <b>D. Ma\u0161ulovi\u0107<\/b>, U. Rajkovi\u0107, <i>Finite homomorphism-homogeneous tournaments with loops<\/i>, Journal of Graph Theory Vol. 59, No. 1, 2008, 45&#8211;58<\/p>\n<p>29. <b>D. Ma\u0161ulovi\u0107<\/b>, <i>On endomorphism monoids of partial orders and central relations<\/i>, Novi Sad J. Math. Vol. 38, No. 1, 2008, 111-125<\/p>\n<p>28. <b>D. Ma\u0161ulovi\u0107<\/b>, <i>On clones of operations over finite boolean algebras<\/i>, Algebra Universalis 59 (2008), 447&#8211;461<\/p>\n<p>27. <b>D. Ma\u0161ulovi\u0107<\/b>, <i>Homomorphism-homogeneous partially ordered sets<\/i>, Order Vol. 24, No. 4, 2007, 215&#8211;226<\/p>\n<p>26. E. Aichinger, <b>D. Ma\u0161ulovi\u0107<\/b>, R. P\u00f6schel, <i>Complexity of Mal&#8217;cev interpolation<\/i>, Novi Sad J. Math. Vol. 37 No. 1, 2007, 107&#8211;114<\/p>\n<p>25. <b>D. Ma\u0161ulovi\u0107<\/b>, <i>On dualizing clones as Lawvere theories<\/i>, International Journal of Algebra and Computation 16 (2006), 657&#8211;687<\/p>\n<p>24. <b>D. Ma\u0161ulovi\u0107<\/b>, M. Pech, <i>On traces of maximal clones<\/i>, Novi Sad J. Math. Vol. 35 No. 1, 2005, 161&#8211;185<\/p>\n<p>23. E. Aichinger, <b>D. Ma\u0161ulovi\u0107<\/b>, R. P\u00f6schel, J. S. Wilson, <i>Completeness for concrete near-rings<\/i>, Journal of Algebra 279 (2004), 61&#8211;78<\/p>\n<p>22. <b>D. Ma\u0161ulovi\u0107<\/b>, R. P\u00f6schel, <i>On the structure of some Tarski clones<\/i>, Acta Sci. Math. Szeged 70 (2004), 455&#8211;471<\/p>\n<p>21. <b>D. Ma\u0161ulovi\u0107<\/b>,<i> Turning retractions of an algebra into an algebra<\/i>, Novi Sad J. Math. Vol. 34, No. 1, 89&#8211;98<\/p>\n<p>20. M. Ponjavi\u0107, <b>D. Ma\u0161ulovi\u0107<\/b>, <i>On chains and anti-chains in the partially ordered set of traces of maximal clones<\/i>, Contributions to General Algebra, 15 (2004), 119&#8211;134<\/p>\n<p>19. D. Jakubikova-Studenovska, <b> D. Ma\u0161ulovi\u0107<\/b>, R. P\u00f6schel, <i>Completeness criteria and invariants for operation and transformation algebras<\/i>, Contributions to Algebra and Geometry, Vol 45, 2(2004), 369&#8211;387<\/p>\n<p>18. <b>D. Ma\u0161ulovi\u0107<\/b>, J. Rothe,\u00a0<em>Modal Logics for Observation Equivalences<\/em>,\u00a0Electronic Notes in Theoretical Computer Science,\u00a0Vol 82, Issue 1, (2003), 303-320<\/p>\n<p>17. J. Rothe, <b>D. Ma\u0161ulovi\u0107<\/b>, <em>Towards weak bisimulation for coalgebras<\/em>,\u00a0Electronic Notes in Theoretical Computer Science,\u00a0Vol. 68, Issue 1, (2002), 32&#8211;46<\/p>\n<p>16. <b>D. Ma\u0161ulovi\u0107<\/b>,\u00a0<em>Towards coalgebraic behaviourism<\/em>,\u00a0Electronic Notes in Theoretical Computer Science,\u00a0Vol. 65, Issue 1, (2002), 176&#8211;196<\/p>\n<p>15. <b>D. Ma\u0161ulovi\u0107<\/b>,\u00a0<em>Invariants of monadic coalgebras<\/em>,\u00a0Electronic Notes in Theoretical Computer Science, Vol. 44, Issue 1, (2001), 254&#8211;270<\/p>\n<p>14. <b>D. Ma\u0161ulovi\u0107<\/b>, <i>Equivalence co-relations and co-congruences of co-algebras<\/i>, Novi Sad J. Math, Vol. 31, No. 1, 2001, 33&#8211;38<\/p>\n<p>13. <b>D. Ma\u0161ulovi\u0107<\/b>, B. Tasi\u0107, <i>Operators on classes of coalgebras<\/i>, Theoretical Computer Science 269 (2001) 419&#8211;431<\/p>\n<p>12. <b>D. Ma\u0161ulovi\u0107<\/b>, M. R\u00f6ssiger, <i>Algebras of co-relations on a finite set<\/i>, Contributions to General Algebra, Vol 13 (Proc. Dresden AAA 60 Conference), Verlag Johannes Heyn, Klagenfurt, 2000, 219&#8211;232<\/p>\n<p>11. Z. Budimac, <b> D. Ma\u0161ulovi\u0107<\/b>, <i>Linda as an abstract data type for concurrent programming<\/i>, Novi Sad J. Math. 28(1998) 2, 173&#8211;186<\/p>\n<p>10. <b>D. Ma\u0161ulovi\u0107<\/b>, R. P\u00f6schel, <i>Rosenberg co-relations<\/i>, Multiple-Valued Logic, An International Journal, 5 (2000), 229&#8211;238<\/p>\n<p>9. <b>D. Ma\u0161ulovi\u0107<\/b>, R. P\u00f6schel, <i>Lifted transformation monoids and their characterization by relations and co-relations<\/i>, Contrib. to General Algebra, Vol. 12 (Proc. 58th AAA Conf., Vienna, June 3-6, 1999), 273&#8211;287<\/p>\n<p>8. R. Sz. Madar\u00e1sz, <b> D. Ma\u0161ulovi\u0107<\/b>, B. Tasi\u0107, <i>Strong retracts of unary algebras<\/i>, Czechoslovak Math. J., 51 (126) (2001), 205&#8211;212<\/p>\n<p>7. <b>D. Ma\u0161ulovi\u0107<\/b>, <i>On the path number of a digraph<\/i>, Novi Sad J. Math. Vol. 28, 3(1998), 115&#8211;117<\/p>\n<p>6. <b>D. Ma\u0161ulovi\u0107<\/b>, <i>Primitive-positive maximal clones<\/i>, Novi Sad J. Math., Vol. 28, 2 (1998), 155&#8211;162<\/p>\n<p>5. R. To\u0161i\u0107, G. Vojvodi\u0107, <b> D. Ma\u0161ulovi\u0107<\/b>, R. Doroslova\u010dki, J. Rosi\u0107, <i>Two examples of relative<br \/>\ncompleteness<\/i>, Multiple Valued Logic, An Internationl Journal, Vol 2 (1996) 67&#8211;78<\/p>\n<p>4. R. To\u0161i\u0107, <b> D. Ma\u0161ulovi\u0107<\/b>, I. Stojmenovi\u0107, J. Brunvoll, B. N. Cyvin, S. J. Cyvin, <i>Enumeration of Polyhex Hydrocarbons to h = 17<\/i>, J. Chem. Inf. Comput. Sci., 1995(35) 181&#8211;187<\/p>\n<p>3. <b>D. Ma\u0161ulovi\u0107<\/b>, R. To\u0161i\u0107, B. N. Cyvin, S. J. Cyvin, <em>Supplement to the Dusseldorf-Zagreb numbers for polyhexes<\/em>,\u00a0Commun. Math. Chem 29(1993), 165&#8211;166,<\/p>\n<p>2. R. To\u0161i\u0107, <b> D. Ma\u0161ulovi\u0107<\/b>, J. Brunvol, B. N. Cyvin, S. J. Cyvin,<i> Enumeration of some classes of polyhex hydrocarbons<\/i>, Journal of Molecular Structure (Theochem), Vol 282, 3(1993), 295&#8211;298<\/p>\n<p>1. R. To\u0161i\u0107, <b> D. Ma\u0161ulovi\u0107<\/b>, <i>A binary search problem on graphs<\/i>, Univ. u Novom Sadu, Zb. Rad. Prirod.-Mat. Fak. Ser. Mat. 24, 1(1994) 231&#8211;243<\/p>\n","protected":false},"excerpt":{"rendered":"<p>ACCEPTED &#8230;\u00a0 PUBLISHED 67. D. Ma\u0161ulovi\u0107, Ramsey Properties of Products and Pullbacks of Categories and the Grothendieck Construction. Applied Categorical Structures 31 (2023), article number: 6 66. D. Ma\u0161ulovi\u0107, Dual Ramsey properties for classes of algebras. European Journal of Combinatorics, 112 (2023), Article 103716 65. D. Ma\u0161ulovi\u0107,\u00a0Big Ramsey spectra of countable chains. Order 40 (2023), [&hellip;]<\/p>\n","protected":false},"author":54,"featured_media":0,"parent":0,"menu_order":3,"comment_status":"closed","ping_status":"closed","template":"","meta":{"_monsterinsights_skip_tracking":false,"_monsterinsights_sitenote_active":false,"_monsterinsights_sitenote_note":"","_monsterinsights_sitenote_category":0,"footnotes":""},"class_list":["post-14","page","type-page","status-publish","hentry"],"_links":{"self":[{"href":"https:\/\/personal.pmf.uns.ac.rs\/masul\/wp-json\/wp\/v2\/pages\/14","targetHints":{"allow":["GET"]}}],"collection":[{"href":"https:\/\/personal.pmf.uns.ac.rs\/masul\/wp-json\/wp\/v2\/pages"}],"about":[{"href":"https:\/\/personal.pmf.uns.ac.rs\/masul\/wp-json\/wp\/v2\/types\/page"}],"author":[{"embeddable":true,"href":"https:\/\/personal.pmf.uns.ac.rs\/masul\/wp-json\/wp\/v2\/users\/54"}],"replies":[{"embeddable":true,"href":"https:\/\/personal.pmf.uns.ac.rs\/masul\/wp-json\/wp\/v2\/comments?post=14"}],"version-history":[{"count":35,"href":"https:\/\/personal.pmf.uns.ac.rs\/masul\/wp-json\/wp\/v2\/pages\/14\/revisions"}],"predecessor-version":[{"id":527,"href":"https:\/\/personal.pmf.uns.ac.rs\/masul\/wp-json\/wp\/v2\/pages\/14\/revisions\/527"}],"wp:attachment":[{"href":"https:\/\/personal.pmf.uns.ac.rs\/masul\/wp-json\/wp\/v2\/media?parent=14"}],"curies":[{"name":"wp","href":"https:\/\/api.w.org\/{rel}","templated":true}]}}