{"id":114,"date":"2015-03-29T18:33:51","date_gmt":"2015-03-29T16:33:51","guid":{"rendered":"http:\/\/personal.pmf.uns.ac.rs\/masul\/?page_id=114"},"modified":"2019-11-14T09:31:29","modified_gmt":"2019-11-14T08:31:29","slug":"multimedija","status":"publish","type":"page","link":"https:\/\/personal.pmf.uns.ac.rs\/masul\/teaching\/multimedija\/","title":{"rendered":"Multimedija"},"content":{"rendered":"<p>I322 SOFTVERSKI PRAKTIKUM\u00a0I &#8211; MULTIMEDIJA\u00a0(zimski semestar, 1+0+3, 6 ESPB)<\/p>\n<p>Evidencija: <a href=\"https:\/\/1drv.ms\/x\/s!AhJetPV17DAkiKM8j_HFIqOuNr-OgA?e=mu0v1v\">Excel fajl<\/a><\/p>\n<p>Repozitorijum dokumenata: <a href=\"https:\/\/1drv.ms\/f\/s!AhJetPV17DAkh4Zjw0Z8VnWfyaPhnw\">OneDrive folder<\/a><\/p>\n<p><b>O predmetu<\/b><\/p>\n<p>Kurs <i>Softverski praktikum I &#8211; Multimedija<\/i> na Departmanu za matematiku i informatiku namenjen je svim studentima ra\u010dunarstva. Na kraju kursa svaki student \u0107e razumeti osnovne principe kreiranja, prenosa, reprodukcije i pohranjivanja digitalnih multimedijalnih sadr\u017eaja.<\/p>\n<p><b>Pravila studiranja<\/b><\/p>\n<p>Ispit se organizuje po modelu D.<\/p>\n<p>Tokom semestra student prikuplja poene polaganjem tri kolokvijuma od kojih svaki nosi po 20 poena (ukupno 0 .. 60 poena).<\/p>\n<p>Da bi stekao pravo da iza\u0111e na ispit student mora da osvoji najmanje 30 poena.<\/p>\n<p>Na ispitu koji se polaze prakti\u010dno student pokazuje da je ovladao osnovnim ve\u0161tinama u kreiranju i manipulisanju multimedijalnim sadr\u017eajima. Na ispitu student mo\u017ee da osvoji najvi\u0161e 40 poena (0 .. 40 poena).<\/p>\n<p>Zavr\u0161na ocena se formira na osnovu <i>proste sume<\/i> svih osvojenih poena, prema slede\u0107oj tabeli:<\/p>\n<table>\n<tbody>\n<tr>\n<td>Poeni<\/td>\n<td>Ocena<\/td>\n<\/tr>\n<tr>\n<td>91 .. 100<\/td>\n<td>10<\/td>\n<\/tr>\n<tr>\n<td>81 .. 90<\/td>\n<td>9<\/td>\n<\/tr>\n<tr>\n<td>71 .. 80<\/td>\n<td>8<\/td>\n<\/tr>\n<tr>\n<td>61 .. 70<\/td>\n<td>7<\/td>\n<\/tr>\n<tr>\n<td>51 .. 60<\/td>\n<td>6<\/td>\n<\/tr>\n<tr>\n<td>0 .. 50<\/td>\n<td>5<\/td>\n<\/tr>\n<\/tbody>\n<\/table>\n<p>Prisustvo nastavi je obavezno. Da bi stekao pravo na potpis, student mora biti prisutan na bar \u0161est predavanja.<\/p>\n","protected":false},"excerpt":{"rendered":"<p>I322 SOFTVERSKI PRAKTIKUM\u00a0I &#8211; MULTIMEDIJA\u00a0(zimski semestar, 1+0+3, 6 ESPB) Evidencija: Excel fajl Repozitorijum dokumenata: OneDrive folder O predmetu Kurs Softverski praktikum I &#8211; Multimedija na Departmanu za matematiku i informatiku namenjen je svim studentima ra\u010dunarstva. Na kraju kursa svaki student \u0107e razumeti osnovne principe kreiranja, prenosa, reprodukcije i pohranjivanja digitalnih multimedijalnih sadr\u017eaja. Pravila studiranja Ispit [&hellip;]<\/p>\n","protected":false},"author":54,"featured_media":113,"parent":10,"menu_order":0,"comment_status":"closed","ping_status":"closed","template":"","meta":{"_monsterinsights_skip_tracking":false,"_monsterinsights_sitenote_active":false,"_monsterinsights_sitenote_note":"","_monsterinsights_sitenote_category":0,"footnotes":""},"class_list":["post-114","page","type-page","status-publish","has-post-thumbnail","hentry"],"_links":{"self":[{"href":"https:\/\/personal.pmf.uns.ac.rs\/masul\/wp-json\/wp\/v2\/pages\/114","targetHints":{"allow":["GET"]}}],"collection":[{"href":"https:\/\/personal.pmf.uns.ac.rs\/masul\/wp-json\/wp\/v2\/pages"}],"about":[{"href":"https:\/\/personal.pmf.uns.ac.rs\/masul\/wp-json\/wp\/v2\/types\/page"}],"author":[{"embeddable":true,"href":"https:\/\/personal.pmf.uns.ac.rs\/masul\/wp-json\/wp\/v2\/users\/54"}],"replies":[{"embeddable":true,"href":"https:\/\/personal.pmf.uns.ac.rs\/masul\/wp-json\/wp\/v2\/comments?post=114"}],"version-history":[{"count":14,"href":"https:\/\/personal.pmf.uns.ac.rs\/masul\/wp-json\/wp\/v2\/pages\/114\/revisions"}],"predecessor-version":[{"id":473,"href":"https:\/\/personal.pmf.uns.ac.rs\/masul\/wp-json\/wp\/v2\/pages\/114\/revisions\/473"}],"up":[{"embeddable":true,"href":"https:\/\/personal.pmf.uns.ac.rs\/masul\/wp-json\/wp\/v2\/pages\/10"}],"wp:featuredmedia":[{"embeddable":true,"href":"https:\/\/personal.pmf.uns.ac.rs\/masul\/wp-json\/wp\/v2\/media\/113"}],"wp:attachment":[{"href":"https:\/\/personal.pmf.uns.ac.rs\/masul\/wp-json\/wp\/v2\/media?parent=114"}],"curies":[{"name":"wp","href":"https:\/\/api.w.org\/{rel}","templated":true}]}}