{"id":10,"date":"2015-03-20T21:32:17","date_gmt":"2015-03-20T20:32:17","guid":{"rendered":"http:\/\/personal.pmf.uns.ac.rs\/masul\/?page_id=10"},"modified":"2016-03-14T19:57:22","modified_gmt":"2016-03-14T18:57:22","slug":"teaching","status":"publish","type":"page","link":"https:\/\/personal.pmf.uns.ac.rs\/masul\/teaching\/","title":{"rendered":"Teaching"},"content":{"rendered":"<p><em>(ENGLISH COURSES)<\/em><\/p>\n<p><strong>Medical Faculty Novi Sad, Summer semester 2015\/16<\/strong><\/p>\n<ul>\n<li><a href=\"https:\/\/personal.pmf.uns.ac.rs\/masul\/teaching\/teaching-eng-medical-informatics\/\">Medical Informatics<\/a><\/li>\n<\/ul>\n<p><i>(SERBIAN COURSES)<\/i><\/p>\n<p><b>PMF Novi Sad, zimski semestar 2015\/16. godine:<\/b><\/p>\n<ul>\n<li><a title=\"Ra\u010dunarska grafika 2\" href=\"http:\/\/personal.pmf.uns.ac.rs\/masul\/teaching\/racunarska-grafika-2\/\">Ra\u010dunarska grafika 2<br \/>\n<\/a><\/li>\n<li><a title=\"Skolska praksa\" href=\"http:\/\/personal.pmf.uns.ac.rs\/masul\/teaching\/skolska-praksa\/\">\u0160kolska praksa<\/a><\/li>\n<\/ul>\n<p><b>PMF Novi Sad, letnji\u00a0semestar 2015\/16. godine:<\/b><\/p>\n<ul>\n<li><a href=\"https:\/\/personal.pmf.uns.ac.rs\/masul\/teaching\/analiticka-geometrija-za-informaticare\/\">Analiti\u010dka geometrija za informati\u010dare<\/a><\/li>\n<li><a href=\"https:\/\/personal.pmf.uns.ac.rs\/masul\/teaching\/racunarska-grafika-1\/\">Ra\u010dunarska grafika 1<\/a><\/li>\n<li><a href=\"https:\/\/personal.pmf.uns.ac.rs\/masul\/teaching\/multimedija\/\">Softverski praktikum 2 &#8211; Multimedija<\/a><\/li>\n<\/ul>\n<p><i>Oglasna tabla:<\/i> Twitter -&gt; <a href=\"http:\/\/twitter.com\/dmasulovicpmf\">@DMasulovicPMF<\/a><\/p>\n<p><b>Gimnazija &#8220;Jovan Jovanovi\u0107-Zmaj&#8221;, Novi Sad, \u0161k. 2015\/16. godina:<\/b><\/p>\n<ul>\n<li><a title=\"Ra\u010dunarstvo i inf \u2013 JJZmaj\" href=\"http:\/\/personal.pmf.uns.ac.rs\/masul\/teaching\/jjzmaj\/\">Ra\u010dunarstvo i informatika<\/a><\/li>\n<\/ul>\n<p><i>Oglasna tabla:<\/i> Twitter -&gt; <a href=\"http:\/\/twitter.com\/dmasulovicjjz\">@DMasulovicJJZ<\/a><\/p>\n","protected":false},"excerpt":{"rendered":"<p>(ENGLISH COURSES) Medical Faculty Novi Sad, Summer semester 2015\/16 Medical Informatics (SERBIAN COURSES) PMF Novi Sad, zimski semestar 2015\/16. godine: Ra\u010dunarska grafika 2 \u0160kolska praksa PMF Novi Sad, letnji\u00a0semestar 2015\/16. godine: Analiti\u010dka geometrija za informati\u010dare Ra\u010dunarska grafika 1 Softverski praktikum 2 &#8211; Multimedija Oglasna tabla: Twitter -&gt; @DMasulovicPMF Gimnazija &#8220;Jovan Jovanovi\u0107-Zmaj&#8221;, Novi Sad, \u0161k. 2015\/16. [&hellip;]<\/p>\n","protected":false},"author":54,"featured_media":97,"parent":0,"menu_order":5,"comment_status":"closed","ping_status":"closed","template":"","meta":{"_monsterinsights_skip_tracking":false,"_monsterinsights_sitenote_active":false,"_monsterinsights_sitenote_note":"","_monsterinsights_sitenote_category":0,"footnotes":""},"class_list":["post-10","page","type-page","status-publish","has-post-thumbnail","hentry"],"_links":{"self":[{"href":"https:\/\/personal.pmf.uns.ac.rs\/masul\/wp-json\/wp\/v2\/pages\/10","targetHints":{"allow":["GET"]}}],"collection":[{"href":"https:\/\/personal.pmf.uns.ac.rs\/masul\/wp-json\/wp\/v2\/pages"}],"about":[{"href":"https:\/\/personal.pmf.uns.ac.rs\/masul\/wp-json\/wp\/v2\/types\/page"}],"author":[{"embeddable":true,"href":"https:\/\/personal.pmf.uns.ac.rs\/masul\/wp-json\/wp\/v2\/users\/54"}],"replies":[{"embeddable":true,"href":"https:\/\/personal.pmf.uns.ac.rs\/masul\/wp-json\/wp\/v2\/comments?post=10"}],"version-history":[{"count":19,"href":"https:\/\/personal.pmf.uns.ac.rs\/masul\/wp-json\/wp\/v2\/pages\/10\/revisions"}],"predecessor-version":[{"id":230,"href":"https:\/\/personal.pmf.uns.ac.rs\/masul\/wp-json\/wp\/v2\/pages\/10\/revisions\/230"}],"wp:featuredmedia":[{"embeddable":true,"href":"https:\/\/personal.pmf.uns.ac.rs\/masul\/wp-json\/wp\/v2\/media\/97"}],"wp:attachment":[{"href":"https:\/\/personal.pmf.uns.ac.rs\/masul\/wp-json\/wp\/v2\/media?parent=10"}],"curies":[{"name":"wp","href":"https:\/\/api.w.org\/{rel}","templated":true}]}}