{"id":76,"date":"2020-06-17T17:37:54","date_gmt":"2020-06-17T17:37:54","guid":{"rendered":"http:\/\/personal.pmf.uns.ac.rs\/komlenov\/?page_id=76"},"modified":"2020-06-18T14:37:20","modified_gmt":"2020-06-18T12:37:20","slug":"presentations","status":"publish","type":"page","link":"https:\/\/personal.pmf.uns.ac.rs\/komlenov\/presentations\/","title":{"rendered":"Presentations"},"content":{"rendered":"\n<p><\/p>\n\n\n\n<p>Presentations (47 in total) at 19 congresses and conferences abroad (Belgium 1, Bosnia and Herzegovina 1, Bulgaria 2, Croatia 10, Montenegro 2, North Macedonia 1, Romania 1, Slovakia 1) and 16 conferences in Serbia. Also 2 invited lectures in Croatia.<\/p>\n\n\n\n<ul class=\"wp-block-list\"><li><strong>Komlenov Mudrinski \u017d.<\/strong>, <em>Moodle for 20000 persons \u2013 Today for now<\/em>, 10<sup>th<\/sup> Croatian Moodle Moot, Zagreb, Croatia, June 16-17, 2020 \u2013 video link<\/li><li><strong>Komlenov Mudrinski \u017d.<\/strong>, Marjanovi\u0107 U., <em>SOVA@UNS \u2013 When the little hands come together<\/em>, <em>Digital Education 2020,<\/em> Belgrade, Serbia, April 10-11, 2020 \u2013 video link<\/li><li><strong>Komlenov Mudrinski \u017d.<\/strong>, <em>SOVA@UNS<\/em>, 9<sup>th<\/sup> WeB and Serbian Moodle Moot, Belgrade, Serbia, December 7, 2019<\/li><li><strong>Komlenov Mudrinski \u017d.<\/strong>, <em>More, More (Moodle 3.8)<\/em>, 9<sup>th<\/sup> WeB and Serbian Moodle Moot, Belgrade, Serbia, December 7, 2019<\/li><li><strong>Komlenov Mudrinski \u017d.<\/strong>, <em>Moodle Makeover<\/em>, 9<sup>th<\/sup> Croatian Moodle Moot, Zagreb, Croatia, June 7, 2019<\/li><li><strong>Komlenov Mudrinski \u017d.<\/strong>, <em>A Look at the Future (3.6\/3.7)<\/em>, 8<sup>th<\/sup> Serbian Moodle Moot, Novi Sad, Serbia, November 17, 2018<\/li><li><strong>Komlenov Mudrinski \u017d.<\/strong>, <em>The Best in 1500+: 5 Top 5<\/em>, 8<sup>th<\/sup> Serbian Moodle Moot, Novi Sad, Serbia, November 17, 2018<\/li><li><strong>Komlenov Mudrinski \u017d.<\/strong>, <em>Moodle 3.5 Everywhere (from Moodle Mobile to Moodle Desktop Application)<\/em>, 8<sup>th<\/sup> WeB &amp; 1st Macedonian Moodle Moot, Bitola, North Macedonia, June 1-2, 2018<\/li><li><strong>Komlenov Mudrinski \u017d.<\/strong>, <em>Moodle Do&#8217;s and Don&#8217;ts<\/em>, 7<sup>th<\/sup> WeB and Serbian Moodle Moot, Belgrade, Serbia, October 28, 2017<\/li><li><strong>Komlenov \u017d.<\/strong>, Marjanovi\u0107 U., \u017duni\u0107 I., <em>The Importance of Adapting Online Courses to a Mobile Environment<\/em>, New Technologies in Teaching \u2013 22<sup>nd<\/sup> Conference \u201cTrends of Development\u201d (TREND 2016), Zlatibor, Serbia, February 16-19, 2016<\/li><li><strong>Komlenov \u017d.<\/strong>, <em>Are You Ready for 3.0?<\/em>, 5<sup>th<\/sup> WeB and Serbian Moodle Moot, Belgrade, Serbia, October 24, 2015<\/li><li><strong>Komlenov \u017d.<\/strong>, <em>8000 Elephants in a Glass Shop \u2013 How We Survived the Greatest Mass Online Training in Serbia<\/em>, 5<sup>th<\/sup> Croatian Moodle Moot, Zagreb, Croatia, June 16, 2015<\/li><li>Ivanovi\u0107 M., <strong>Komlenov \u017d.<\/strong>, Putnik Z., <em>International Cooperation Leading to Improvement of High Education Quality<\/em>, International Scientific-Expert Conference \u201cQuality and Excellence in Education\u201d, Belgrade, Serbia, April 15, 2015<\/li><li><strong>Komlenov \u017d.<\/strong>, <em>Moodle =&gt; Mudl (Translate and Conquer)<\/em>, 4<sup>th<\/sup> Serbian Moodle Moot, Belgrade, Serbia, December 20, 2014<\/li><li><strong>Komlenov \u017d.<\/strong>, <em>Moodle 2.8 &#8211; Necessary and\/or Sufficient Condition for Innovative Education?<\/em>, 4<sup>th<\/sup> Serbian Moodle Moot, Belgrade, Serbia, December 20, 2014<\/li><li><strong>Komlenov \u017d.<\/strong>, <em>Moodle 2.7 \u2013 Under the Shiny Hood<\/em>, 4<sup>th<\/sup> WeB and Croatian Moodle Moot, Zagreb, Croatia, June 14, 2014<\/li><li><strong>Komlenov \u017d.<\/strong>, <em>Serbian Moodle Network<\/em>, New Technologies in Education, Belgrade, Serbia, February 25-26, 2014<\/li><li><strong>Komlenov \u017d.<\/strong>, <em>New Options \u2013 New Challenges (Novelties in Versions 2.5\/2.6\/2.7)<\/em>, 3<sup>rd<\/sup> Serbian Moodle Moot<em>,<\/em> Ni\u0161, Serbia, November 23, 2013<\/li><li><strong>Komlenov \u017d.<\/strong>, <em>Persuasion Techniques (Try Kindly)<\/em>, 3<sup>rd<\/sup> WeB Moodle Moot<em>,<\/em> Sarajevo, Bosnia and Herzegovina, October 25-26, 2013<\/li><li><strong>Komlenov \u017d.<\/strong>, <em>Moodle \u2013 Tool for Creating Electronic Courses<\/em>, 5<sup>th<\/sup> Conference on ICT in education, Novi Sad, Serbia, March 23, 2013<\/li><li>Baj\u010deti\u0107 M.,<strong> Komlenov \u017d.<\/strong>,<em> How to Successfully and Efficiently Destroy Your Own Online Course<\/em>, 2<sup>nd<\/sup> WeB and Serbian Moodle Moot, Novi Sad, Serbia, November 17, 2012<\/li><li><strong>Komlenov \u017d.<\/strong>, <em>Moodle localization = Tantalus torture<\/em>, 2<sup>nd<\/sup> WeB and Serbian Moodle Moot, Novi Sad, Serbia, November 17, 2012<\/li><li>Putnik Z., <strong>Komlenov \u017d.<\/strong>, Ivanovi\u0107 M., Budimac Z., <em>Student Assignments Performed Online \u2013 Assessment of Individual And Team Work<\/em>, 3<sup>rd<\/sup> International Conference on e-Learning (eLearning-2012), Belgrade, Serbia, September 27 \u2013 28, 2012<\/li><li><strong>Komlenov \u017d.<\/strong>, <em>Trends and Challenges in Technology Enhanced Learning <\/em>(Section \u2018E-learning and other learning issues\u2019), 12<sup>th<\/sup> Workshop on Software Engineering Education and Reverse Engineering, Opatija, Croatia, September 3 \u2013 8, 2012<\/li><li><strong>Komlenov \u017d.<\/strong>, <em>Moodle Horror: What Happens When a Great Tool Gets into Wrong Hands?<\/em>, 2<sup>nd<\/sup> Moodle Moot Croatia, Zagreb, Croatia, June 13, 2012<\/li><li><strong>Komlenov \u017d.<\/strong>, <em>Novelties in Moodle\u2019s 2.x Quiz module<\/em>, 1<sup>st<\/sup> WeB and Serbian Moodle Moot, Belgrade, Serbia, December 10, 2011<\/li><li>Ivanovi\u0107 M.<em>, <\/em><strong>Komlenov \u017d.<\/strong>, Xinogalos S., <em>Technology Enhanced Learning for Programming Courses \u2013 Experiences and Comparison<\/em>, 14<sup>th<\/sup> International Conference on Interactive Collaborative Learning (ICL2011), Pie\u0161\u0165any, Slovakia, September 21 \u2013 23, 2011<\/li><li><strong>Komlenov \u017d.<\/strong>, Pe\u0161ovi\u0107 D., Budimac Z., <em>Empowering electronic courses by introducing collaborative activities \u2013 A case study: Introductory eBusiness eCourse for students of Computer Science<\/em>, 13<sup>th<\/sup> International Conference on Interactive Computer Aided Learning &#8220;Academic and Corporate E-Learning in a Global Context&#8221; (ICL2010), Hasselt, Belgium, September 15 \u2013 17, 2010<\/li><li><strong>Komlenov \u017d.<\/strong>, Pe\u0161ovi\u0107 D., Budimac Z., <em>Empowering electronic courses by introducing collaborative activities <\/em>(Section \u2018E-learning and other learning issues\u2019), 10<sup>th<\/sup> Workshop on Software Engineering Education and Reverse Engineering, Ivanjica, Serbia, September 6 \u2013 11, 2010<\/li><li><strong>Komlenov \u017d.<\/strong>, <em>Moodle 2.0 Highlights<\/em>, a workshop within Open systems days \/ Linux users conference 2010 (DORS\/CLUC 2010), Zagreb, Croatia, May 5 \u2013 7, 2010<\/li><li><strong>Komlenov \u017d.<\/strong>, <em>Data Mining in Open Source Way<\/em>, Open systems days \/ Linux users conference 2010 (DORS\/CLUC 2010), Zagreb, Croatia, May 5 \u2013 7, 2010<\/li><li><strong>Komlenov \u017d.<\/strong>, <em>What Brings Moodle 2.0?<\/em>, a workshop within Open systems days \/ Linux users conference 2009 (DORS\/CLUC 2009), Zagreb, Croatia, May 6 \u2013 8, 2009<\/li><li><strong>Komlenov \u017d.<\/strong>, <em>E-Commerce Platform Magento<\/em>, Open systems days \/ Linux users conference 2009 (DORS\/CLUC 2009), Zagreb, Croatia, May 6 \u2013 8, 2009<\/li><li><strong>Komlenov \u017d.<\/strong>, <em>Moodle = Complete Open Source Solution for Innovative Education<\/em>, a workshop within Open systems days \/ Linux users conference 2008 (DORS\/CLUC 2008), Zagreb, Croatia, April 16 \u2013 18, 2008<\/li><li>Ivanovi\u0107 M., Budimac Z., <strong>Komlenov \u017d.<\/strong>, Raki\u0107 G., <em>ICT trends and challenges for research in Serbia and possibilities for cooperation with other countries<\/em>, 3<sup>rd<\/sup> Balkan Conference in Informatics (BCI\u20192007), Workshop \u201cBridging the Digital Divide in South-Eastern Europe (SEE)\u201d, Sofia, Bulgaria, September 27\u201329, 2007<\/li><li><strong>Komlenov \u017d.<\/strong>, Pribela I., <em>DAAD seminar in Munich <\/em>(Section \u2018New curricula and Bologna process &#8211; General issues of new curricula\u2019), 7<sup>th<\/sup> Workshop on Software Engineering Education and Reverse Engineering, Risan, Montenegro, September 9\u201314, 2007<\/li><li><strong>Komlenov \u017d.<\/strong>, Budimac Z., <em>Results of our short e-learning project (WUS Austria) <\/em>(Section \u2018E-learning\u2019), 7<sup>th<\/sup> Workshop on Software Engineering Education and Reverse Engineering, Risan, Montenegro, September 9\u201314, 2007<\/li><li>Omorac I., <strong>Komlenov \u017d.<\/strong>, <em>Yet another run of student&#8217;s seminar in distance learning with some novelties applied (application to OOP) <\/em>(Section \u2018E-learning\u2019), 7<sup>th<\/sup> Workshop on Software Engineering Education and Reverse Engineering, Risan, Montenegro, September 9\u201314, 2007<\/li><li>Ignji\u0107 B., <strong>Komlenov \u017d.<\/strong>, <em>Moodle localization \u2013 Regional cooperation and towards official Serbian language pack(s) <\/em>(Section \u2018JCSE National versions (localization)\u2019), 7<sup>th<\/sup> Workshop on Software Engineering Education and Reverse Engineering, Risan, Montenegro, September 9\u201314, 2007<\/li><li>Budimac Z., Ivanovi\u0107 M., Putnik Z., <strong>Komlenov \u017d.<\/strong>, Pribela I., <em>Project Report: Web-based course-supporting and e-learning system for courses in informatics \u2013 eLearning project no. 005\/06.<\/em>, WUS Austria eLearning Conference: eLearning &#8211; Toward Effective Education and Training in the Information Society, Bijela, Montenegro, 30<sup>th<\/sup> May \u2013 1<sup>st<\/sup> June, 2007<\/li><li><strong>Komlenov \u017d.<\/strong>, <em>On Creating Adaptive eLessons with Improved Navigational Features<\/em>, XVII Conference on Applied Mathematics \u201cPRIM 2006\u201d, Kragujevac, Serbia, September 25\u201327, 2006<\/li><li><strong>Komlenov \u017d.<\/strong>, <em>An Overview of Open-Source E-Learning Tools <\/em>(Section \u2018E-learning\u2019), 6<sup>th<\/sup> Workshop on Software Engineering Education and Reverse Engineering, Ravda (Nessebar), Bulgaria, September 18\u201323, 2006<\/li><li><strong>Komlenov \u017d.<\/strong>, <em>Principles on creating eLessons &#8211; case study in &#8216;Software metrics&#8217; <\/em>(Section \u2018E-learning\u2019), 6<sup>th<\/sup> Workshop on Software Engineering Education and Reverse Engineering, Ravda (Nessebar), Bulgaria, September 18\u201323, 2006<\/li><li><strong>Komlenov \u017d.<\/strong>, <em>PSP (principle &#8211; and slides)<\/em> (Section \u2018Course&nbsp;: Software Project Management\u2019), 5<sup>th<\/sup> Workshop on Software Engineering Education and Reverse Engineering, Baile Herculane, Romania, August 28\u2013September 3, 2005<\/li><li><strong>Komlenov \u017d.<\/strong>, <em>PSP &#8211; an e-learning course<\/em> (Section \u2018E-Learning\u2019), 5<sup>th<\/sup> Workshop on Software Engineering Education and Reverse Engineering, Baile Herculane, Romania, August 28\u2013September 3, 2005<\/li><li><strong>Komlenov \u017d.<\/strong>, <em>The case study \u2018Encounter\u2019 <\/em>(Section \u2018About case studies\u2019), 4<sup>th<\/sup> Workshop on Software Engineering Education and Reverse Engineering, Zagreb, Croatia, September 6\u201311, 2004<\/li><li><strong>Komlenov \u017d.<\/strong>, <em>Existing programming teaching materials<\/em> (Section \u2018Course: Object-Oriented Programming with Java\u2019 (OOJava)), 4<sup>th<\/sup> Workshop on Software Engineering Education and Reverse Engineering, Zagreb, Croatia, September 6\u201311, 2004<\/li><\/ul>\n\n\n\n<h4 class=\"wp-block-heading\"><strong>Invited Lectures<\/strong><\/h4>\n\n\n\n<ul class=\"wp-block-list\"><li><em>Data Mining in Open Source Way<\/em>, Higher School of Applied Computing, Zagreb, Croatia, May 7, 2010<\/li><li><em>E-Commerce Platform Magento<\/em>, Higher School of Applied Computing, Zagreb, Croatia, May 7, 2010<\/li><\/ul>\n\n\n\n<p><\/p>\n","protected":false},"excerpt":{"rendered":"<p>Presentations (47 in total) at 19 congresses and conferences abroad (Belgium 1, Bosnia and Herzegovina 1, Bulgaria 2, Croatia 10, Montenegro 2, North Macedonia 1, Romania 1, Slovakia 1) and 16 conferences in Serbia. Also 2 invited lectures in Croatia. Komlenov Mudrinski \u017d., Moodle for 20000 persons \u2013 Today for now, 10th Croatian Moodle Moot,&hellip;&nbsp;<a href=\"https:\/\/personal.pmf.uns.ac.rs\/komlenov\/presentations\/\" rel=\"bookmark\">Read More &raquo;<span class=\"screen-reader-text\">Presentations<\/span><\/a><\/p>\n","protected":false},"author":97,"featured_media":0,"parent":0,"menu_order":0,"comment_status":"closed","ping_status":"closed","template":"","meta":{"_monsterinsights_skip_tracking":false,"_monsterinsights_sitenote_active":false,"_monsterinsights_sitenote_note":"","_monsterinsights_sitenote_category":0,"neve_meta_sidebar":"full-width","neve_meta_container":"","neve_meta_enable_content_width":"on","neve_meta_content_width":100,"neve_meta_title_alignment":"","neve_meta_author_avatar":"","neve_post_elements_order":"","neve_meta_disable_header":"","neve_meta_disable_footer":"","neve_meta_disable_title":"on","footnotes":""},"class_list":["post-76","page","type-page","status-publish","hentry"],"_links":{"self":[{"href":"https:\/\/personal.pmf.uns.ac.rs\/komlenov\/wp-json\/wp\/v2\/pages\/76","targetHints":{"allow":["GET"]}}],"collection":[{"href":"https:\/\/personal.pmf.uns.ac.rs\/komlenov\/wp-json\/wp\/v2\/pages"}],"about":[{"href":"https:\/\/personal.pmf.uns.ac.rs\/komlenov\/wp-json\/wp\/v2\/types\/page"}],"author":[{"embeddable":true,"href":"https:\/\/personal.pmf.uns.ac.rs\/komlenov\/wp-json\/wp\/v2\/users\/97"}],"replies":[{"embeddable":true,"href":"https:\/\/personal.pmf.uns.ac.rs\/komlenov\/wp-json\/wp\/v2\/comments?post=76"}],"version-history":[{"count":9,"href":"https:\/\/personal.pmf.uns.ac.rs\/komlenov\/wp-json\/wp\/v2\/pages\/76\/revisions"}],"predecessor-version":[{"id":204,"href":"https:\/\/personal.pmf.uns.ac.rs\/komlenov\/wp-json\/wp\/v2\/pages\/76\/revisions\/204"}],"wp:attachment":[{"href":"https:\/\/personal.pmf.uns.ac.rs\/komlenov\/wp-json\/wp\/v2\/media?parent=76"}],"curies":[{"name":"wp","href":"https:\/\/api.w.org\/{rel}","templated":true}]}}