{"id":74,"date":"2020-06-17T17:37:28","date_gmt":"2020-06-17T17:37:28","guid":{"rendered":"http:\/\/personal.pmf.uns.ac.rs\/komlenov\/?page_id=74"},"modified":"2020-06-19T10:37:30","modified_gmt":"2020-06-19T08:37:30","slug":"publications","status":"publish","type":"page","link":"https:\/\/personal.pmf.uns.ac.rs\/komlenov\/publications\/","title":{"rendered":"Publications"},"content":{"rendered":"\n<p><\/p>\n\n\n\n<p>Author or co-author of 25 research papers.<\/p>\n\n\n\n<h4 class=\"wp-block-heading\"><strong>Papers Published in International Journals<\/strong><\/h4>\n\n\n\n<ul class=\"wp-block-list\"><li>Ivanovi\u0107 M., Budimac Z., Putnik Z., <strong>Komlenov Mudrinski \u017d.<\/strong>, <em>An Example of a Successful Inclusion of Teamwork and Web 2.0 Elements in Teaching Practice<\/em>, International Journal of Quality Assurance in Engineering and Technology Education (IJQAETE), Vol. 5, No. 3, 2016, pp. 16\u2013 31<\/li><li>Ivanovi\u0107 M., Putnik Z., <strong>Komlenov \u017d.<\/strong>, Welzer T., H\u00f6lbl M., Schweighofer T.,<em>Usability and Privacy Aspects of Moodle: Students&#8217; and Teachers&#8217; Perspective<\/em>, Informatica \u2013 An International Journal of Computing and Informatics published by Slovenian Society Informatika, Vol. 37, No. 3, 2013, pp. 221 \u2013 230<\/li><li><strong>Komlenov \u017d.<\/strong>, Budimac Z., Putnik Z., Ivanovi\u0107 M.<em>, Wiki as a Tool of Choice for Students\u2019 Team Assignments<\/em>, International Journal of Information Systems and Social Change (IJISSC), Vol. 4, No. 3, 2013, pp. 1 \u2013 16<\/li><li>Ivanovi\u0107 M.<em>, <\/em>Xinogalos S., <strong>Komlenov \u017d.<\/strong>, <em>Usage of Technology Enhanced Educational Tools for Delivering Programming Courses<\/em>, International Journal of Emerging Technologies in Learning (iJET), Vol. 6, No. 4, 2011, pp. 23 \u2013 30<\/li><li><strong>Komlenov \u017d.<\/strong>, Budimac Z., Ivanovi\u0107 M., <em>Introducing Adaptivity Features to a Regular Learning Management System to Support Creation of Advanced eLessons<\/em>, Informatics in Education, Vol. 9, No. 1, 2010, pp. 63 \u2013 80<\/li><\/ul>\n\n\n\n<h4 class=\"wp-block-heading\"><strong>Papers Published in Proceedings of International Conferences<\/strong><\/h4>\n\n\n\n<ul class=\"wp-block-list\"><li><strong>Komlenov \u017d.<\/strong>, Budimac Z., Ivanovi\u0107 M., Bothe K., <em>Team Formation Process Automatization<\/em>, 4<sup>th<\/sup> IEEE Engineering Education Conference (EDUCON 2013), Berlin, Germany, March 13\u201315, 2013, pp. 744 \u2013 750<\/li><li>Ivanovi\u0107 M.<em>, <\/em><strong>Komlenov \u017d.<\/strong>, Xinogalos S., <em>Technology Enhanced Learning for Programming Courses \u2013 Experiences and Comparison<\/em>, 14<sup>th<\/sup> International Conference on Interactive Collaborative Learning (ICL2011), Pie\u0161\u0165any, Slovakia, September 21 \u2013 23, 2011, pp. 42 \u2013 45<\/li><li>Putnik Z., Budimac Z., <strong>Komlenov \u017d.<\/strong>, Ivanovi\u0107 M., Bothe K., <em>Wiki Usage in Team Assignments for Computer Science Students<\/em>, International Conference on Computer Systems and Technologies (CompSysTech\u201911), Vienna, Austria, June 16 \u2013 17, 2011, pp. 596 \u2013 601<\/li><li>Bodro\u0161ki \u017d., \u0160krbi\u0107 S., <strong>Komlenov \u017d.<\/strong>, Ivanovi\u0107 M., <em>A Software System for E-publishing in Medical Domain<\/em>, International Conference on Computer Systems and Technologies (CompSysTech\u201911), Vienna, Austria, June 16 \u2013 17, 2011, pp. 602 \u2013 607<\/li><li><strong>Komlenov \u017d.<\/strong>, Pe\u0161ovi\u0107 D., Budimac Z., <em>Empowering electronic courses by introducing collaborative activities \u2013 A case study: Introductory eBusiness eCourse for students of Computer Science<\/em>, 13<sup>th<\/sup> International Conference on Interactive Computer Aided Learning \u201cAcademic and Corporate E-Learning in a Global Context\u201d (ICL2010), Hasselt, Belgium, September 15 \u2013 17, 2010, pp. 624 \u2013 634<\/li><li>Comber O., Motschnig R.,<strong> Komlenov \u017d.<\/strong>, <em>Supporting Person-Centered Learning: Does the Choice of the Learning Management System Matter? \u2013 A case study with Moodle, Fronter and CEWebS<\/em>, 1<sup>st<\/sup> IEEE Engineering Education Conference (EDUCON 2010), Madrid, Spain, April 14\u201316, 2010, pp. 885 \u2013 890<\/li><li>Ivanovi\u0107 M., Welzer T., Putnik Z., H\u00f6lbl M.,<strong> Komlenov \u017d.<\/strong>, Pribela I., Schweighofer T., <em>Experiences and privacy issues \u2013 usage of Moodle in Serbia and Slovenia<\/em>, 12<sup>th<\/sup> Interactive Computer Aided Learning (ICL2009), Villach, Austria, September 23\u201325, 2009, pp. 416 \u2013 423<\/li><li><strong>Komlenov \u017d.<\/strong>, Budimac Z., Ivanovi\u0107 M., <em>Introducing Adaptivity to eLessons on Object-oriented Programming<\/em>, 4<sup>th<\/sup> Balkan Conference in Informatics (BCI\u20192009), Thessaloniki, Greece, September 17\u201319, 2009, pp. 175 \u2013 180<\/li><li>Ivanovi\u0107 M., <strong>Komlenov \u017d.<\/strong>, Welzer T., H\u00f6lbl M., Schweighofer T.,<em>Experiences with the Use of Moodle in Serbia and Slovenia<\/em>, 6<sup>th<\/sup> International Conference &#8220;New Horizons in Industry, Business and Education&#8221; (NHIBE 2009), Santorini Island, Greece, August 27\u201328, 2009, pp. 154 \u2013 160<\/li><li><strong>Komlenov \u017d.<\/strong>, Budimac Z., Ivanovi\u0107 M., <em>Introducing Adaptivity to eLessons to Enhance Student Learning<\/em>, 7<sup>th<\/sup> European Conference on e-Learning (ECEL 2008), Agia Napa, Cyprus, November 6\u20137, 2008, pp. 571 \u2013 580<\/li><li>Ivanovi\u0107 M., Budimac Z., <strong>Komlenov \u017d.<\/strong>, Raki\u0107 G., <em>ICT trends and challenges for research in Serbia and possibilities for cooperation with other countries<\/em>, 3<sup>rd<\/sup> Balkan Conference in Informatics (BCI\u20192007), Workshop \u201cBridging the Digital Divide in South-Eastern Europe (SEE)\u201d, Sofia, Bulgaria, September 27\u201329, 2007, pp. 112 \u2013 150<\/li><li>Budimac Z., Ivanovi\u0107 M., Putnik Z., <strong>Komlenov \u017d.<\/strong>, Pribela I., <em>Web-based course-supporting and e-learning system for courses in informatics<\/em>, WUS Austria eLearning Conference: eLearning Toward Effective Education and Training in the Information Society, Bijela, Montenegro, 30<sup>th<\/sup> May \u2013 1<sup>st<\/sup> June, 2007, pp. 62 \u2013 68<\/li><\/ul>\n\n\n\n<h4 class=\"wp-block-heading\"><strong>Papers Published in Proceedings of National Conferences<\/strong><\/h4>\n\n\n\n<ul class=\"wp-block-list\"><li>Marjanovi\u0107 U., Kerac M., <strong>Komlenov Mudrinski<\/strong> \u017d., Bogojevi\u0107 B., Goji\u0107 D.,<em> Creating the Strategic Edtech Enviroment at the University of Novi Sad<\/em>, Innovations in Modern Education \u2013 26<sup>th<\/sup> Conference \u201cTrends of Development\u201d (TREND 20120), Kopaonik, Serbia, February 16-19, 2020, pp. 100 \u2013 103<\/li><li><strong>Komlenov \u017d.<\/strong>, Marjanovi\u0107 U., \u017duni\u0107 I., <em>The Importance of Adapting Online Courses to a Mobile Environment<\/em>, New Technologies in Teaching \u2013 22<sup>nd<\/sup> Conference \u201cTrends of Development\u201d (TREND 2016), Zlatibor, Serbia, February 16-19, 2016, pp. 120 \u2013 123<\/li><li>Ivanovi\u0107 M., <strong>Komlenov \u017d.<\/strong>, Putnik Z., <em>International Cooperation Leading to Improvement of High Education Quality<\/em>, International Scientific-Expert Conference \u201cQuality and Excellence in Education\u201d, Belgrade, Serbia, April 15, 2015, pp. 274 \u2013 282<\/li><li>Putnik Z., <strong>Komlenov \u017d.<\/strong>, Ivanovi\u0107 M., Budimac Z., <em>Student Assignments Performed Online \u2013 Assessment of Individual And Team Work<\/em>, 3<sup>rd<\/sup> International Conference on e-Learning (eLearning-2012), Belgrade, Serbia, September 27 \u2013 28, 2012, pp. 81 \u2013 86<\/li><li>Budimac Z., Ivanovi\u0107 M., Putnik Z., <strong>Komlenov \u017d.<\/strong>, Pribela I., Kla\u0161nja-Mili\u0107evi\u0107 A., Vesin B., <em>E-learning at the Department of Mathematics and Informatics \u2013 From the First Steps to Elements of Web 2.0<\/em>, E-learning on Its Way to the Society of Knowledge, Belgrade, Serbia, September 7, 2010, pp. 94 \u2013 98<\/li><li><strong>Komlenov \u017d.<\/strong>, Budimac Z., <em>On Creating Adaptive eLessons with Improved Navigational Features<\/em>, XVII Conference on Applied Mathematics \u201cPRIM 2006\u201d, Kragujevac, Serbia, September 25\u201327, 2006, pp. 147 \u2013 159<\/li><\/ul>\n\n\n\n<h4 class=\"wp-block-heading\"><strong>Book Chapters<\/strong><\/h4>\n\n\n\n<ul class=\"wp-block-list\" type=\"1\"><li>Ivanovi\u0107 M., Budimac Z., Putnik Z., <strong>Komlenov \u017d.<\/strong>, <em>Encouraging Teamwork, Web 2.0 and Social Networking Elements in Distance Learning<\/em>, in L. Yu (Ed.) <em>Overcoming Challenges in Software Engineering Education: Delivering Non-Technical Knowledge and Skills<\/em>, IGI Global, Hershey, PA, USA, 2014, pp. 71 \u2013 90<\/li><\/ul>\n\n\n\n<h4 class=\"wp-block-heading\"><strong>Thesis<\/strong><\/h4>\n\n\n\n<ul class=\"wp-block-list\" type=\"1\"><li><strong>Komlenov \u017d.<\/strong>, <em>Developing Adaptive eCourses to Enhance Student Learning*<\/em>, Master Thesis, Faculty of Science, University of Novi Sad, Novi Sad, October 2008, 138 p.<\/li><\/ul>\n\n\n\n<p>* Published as a monograph by LAMBERT Academic Publishing in May 2011, ISBN-10: 3844333800, ISBN-13: 978-3844333800, 152 p.<\/p>\n","protected":false},"excerpt":{"rendered":"<p>Author or co-author of 25 research papers. Papers Published in International Journals Ivanovi\u0107 M., Budimac Z., Putnik Z., Komlenov Mudrinski \u017d., An Example of a Successful Inclusion of Teamwork and Web 2.0 Elements in Teaching Practice, International Journal of Quality Assurance in Engineering and Technology Education (IJQAETE), Vol. 5, No. 3, 2016, pp. 16\u2013 31&hellip;&nbsp;<a href=\"https:\/\/personal.pmf.uns.ac.rs\/komlenov\/publications\/\" rel=\"bookmark\">Read More &raquo;<span class=\"screen-reader-text\">Publications<\/span><\/a><\/p>\n","protected":false},"author":97,"featured_media":0,"parent":0,"menu_order":0,"comment_status":"closed","ping_status":"closed","template":"","meta":{"_monsterinsights_skip_tracking":false,"_monsterinsights_sitenote_active":false,"_monsterinsights_sitenote_note":"","_monsterinsights_sitenote_category":0,"neve_meta_sidebar":"full-width","neve_meta_container":"","neve_meta_enable_content_width":"on","neve_meta_content_width":100,"neve_meta_title_alignment":"","neve_meta_author_avatar":"","neve_post_elements_order":"","neve_meta_disable_header":"","neve_meta_disable_footer":"","neve_meta_disable_title":"on","footnotes":""},"class_list":["post-74","page","type-page","status-publish","hentry"],"_links":{"self":[{"href":"https:\/\/personal.pmf.uns.ac.rs\/komlenov\/wp-json\/wp\/v2\/pages\/74","targetHints":{"allow":["GET"]}}],"collection":[{"href":"https:\/\/personal.pmf.uns.ac.rs\/komlenov\/wp-json\/wp\/v2\/pages"}],"about":[{"href":"https:\/\/personal.pmf.uns.ac.rs\/komlenov\/wp-json\/wp\/v2\/types\/page"}],"author":[{"embeddable":true,"href":"https:\/\/personal.pmf.uns.ac.rs\/komlenov\/wp-json\/wp\/v2\/users\/97"}],"replies":[{"embeddable":true,"href":"https:\/\/personal.pmf.uns.ac.rs\/komlenov\/wp-json\/wp\/v2\/comments?post=74"}],"version-history":[{"count":7,"href":"https:\/\/personal.pmf.uns.ac.rs\/komlenov\/wp-json\/wp\/v2\/pages\/74\/revisions"}],"predecessor-version":[{"id":210,"href":"https:\/\/personal.pmf.uns.ac.rs\/komlenov\/wp-json\/wp\/v2\/pages\/74\/revisions\/210"}],"wp:attachment":[{"href":"https:\/\/personal.pmf.uns.ac.rs\/komlenov\/wp-json\/wp\/v2\/media?parent=74"}],"curies":[{"name":"wp","href":"https:\/\/api.w.org\/{rel}","templated":true}]}}