{"id":113,"date":"2020-06-18T09:32:26","date_gmt":"2020-06-18T09:32:26","guid":{"rendered":"http:\/\/personal.pmf.uns.ac.rs\/komlenov\/?page_id=113"},"modified":"2020-06-18T14:36:24","modified_gmt":"2020-06-18T12:36:24","slug":"research","status":"publish","type":"page","link":"https:\/\/personal.pmf.uns.ac.rs\/komlenov\/research\/","title":{"rendered":"Research"},"content":{"rendered":"\n<h4 class=\"wp-block-heading\"><strong><br><strong>Research Contracts<\/strong><\/strong><\/h4>\n\n\n\n<figure class=\"wp-block-table is-style-regular\"><table><tbody><tr><td><em>Strengthening Capacities for Tourism Changes in WB \u2013 Building Competences for Quality Management of Heritage and Cultural Tourism<\/em><br>Supported by European Commission under Erasmus+ Capacity building in higher education<br>Call 2016 EAC\/A04\/2015, application no. 574193-EPP-1-2016-1- RS-EPPKA2-CBHE-JP<\/td><td>2016 \u2013 2020<\/td><\/tr><tr><td><em>European Thematic Network &#8211; Future Education and Training in Computing:&nbsp;How to Support Learning at Anytime Anywhere (FETCH)<\/em><br>Joint project of 67 universities and companies from 35 countries (Coordinator: University of Ruse, Bulgaria)<br>Project no. 539461-LLP-1-2013-1-BG-ERASMUS-ENW<\/td><td>2013 \u2013 2016<\/td><\/tr><tr><td><em>Adaptive personalization of learning environments<\/em><br>Joint project of Department of Mathematics and Informatics, Faculty of Sciences (Novi Sad) and Faculty of Electrical Engineering and Informatics (Ko\u0161ice, Slovakia)<br>Supported by ministries of science of both countries (Serbia and Slovakia), project no. 680-00-140\/2012-09\/06<\/td><td>2012 \u2013 2013<\/td><\/tr><tr><td><em>Intelligent techniques and their integration into wide-spectrum decision support<\/em><br>Department of Mathematics and Informatics, Faculty of Sciences, Novi Sad<br>Supported by Ministry of Education and Science, Republic of Serbia, project no. OI-174023<\/td><td>2011 \u2013 2015<\/td><\/tr><tr><td><em>Infrastructure for technology enhanced learning in Serbia<\/em><br>Consortium of Serbian universities (led by Faculty of Organizational Sciences, Belgrade)<br>Supported by Ministry of Education and Science, Republic of Serbia, project no. III-47003<\/td><td>2011 \u2013 2015<\/td><\/tr><tr><td><em>Technology Enhanced Learning and Software Engineering<\/em><br>Multilateral project of Faculty of Sciences (Novi Sad), Faculty of Informatics, Masaryk University (Brno) and Department of Technology Management, University of Macedonia (Naousa)<\/td><td>2011<\/td><\/tr><tr><td><em>Towards a more useful software metric tool<\/em><br>Joint project of Department of Mathematics and Informatics (Novi Sad) and Faculty of Electronics, Computing and Informatics (Maribor, Slovenia)<br>Supported by ministries of science of both countries (Serbia and Slovenia), project no. 27<\/td><td>2010 \u2013 2012<\/td><\/tr><tr><td><em>eLearning support system with application of data-mining and data security<\/em><br>Joint project of Department of Mathematics and Informatics (Novi Sad) and Faculty of Electronics, Computing and Informatics (Maribor, Slovenia)<br>Supported by ministries of science of both countries (Serbia and Slovenia)<\/td><td>2008 \u2013 2009<\/td><\/tr><tr><td><em>Web-based course-supporting and e-learning system for courses in informatics<\/em><br>Project of Department of Mathematics and Informatics (Novi Sad) with support of Humboldt University, Berlin (Klaus Bothe)<br>Supported by WUS Austria, eLearning project no. 005\/06<\/td><td>2006 \u2013 2007<\/td><\/tr><tr><td><em>Abstract methods and applications in computer science<\/em><br>Department of Mathematics and Informatics, Faculty of Sciences, Novi Sad<br>Supported by Ministry of Science, Technologies, and Development, Republic of Serbia, project no. 144017<\/td><td>2006 \u2013 2010<\/td><\/tr><tr><td><em>Joint MSc Curriculum in Software Engineering<\/em><br>Joint project of 3 institutions from Serbia, 1 from North Macedonia, 3 from EU, and 2 individual experts (Bulgaria and Romania)<br>Supported by DAAD and Stability Pact for South Eastern Europe<\/td><td>2004 \u2013 2007<\/td><\/tr><tr><td><em>Software Engineering: Computer Science Education and Research Cooperation<\/em><br>Joint project of 8 countries (13 universities): Institute of Informatics (Berlin), Department of Mathematics and Informatics (Novi Sad),&nbsp;Institute of Informatics (Skopje), Institute of Computer Science (Plovdiv)&#8230; Supported by DAAD and Stability Pact for South Eastern Europe<\/td><td>2004 \u2013 2012<\/td><\/tr><\/tbody><\/table><\/figure>\n\n\n\n<p><\/p>\n\n\n\n<h4 class=\"wp-block-heading\"><strong><strong><strong><strong>Short-Term Research Scholarships<\/strong><\/strong><\/strong><\/strong><\/h4>\n\n\n\n<figure class=\"wp-block-table is-style-regular\"><table><tbody><tr><td><strong>Germany, M\u00fcnster, Westf\u00e4lische Wilhelms Universit\u00e4t<\/strong><br>May 12 \u2013 26, 2014, Study visit to an EU partner university within the Tempus project \u201cQuality in Research\u201d<\/td><td>2014<\/td><\/tr><tr><td><strong>Germany, Berlin, Humboldt University<\/strong><br>Department of Computer Science, Research Group Software Engineering<br>November 25 \u2013 December 7, 2011, Participation in DAAD sponsored project \u201cSoftware Engineering: Computer Science Education and Research Cooperation\u201d<\/td><td>2011<\/td><\/tr><tr><td><strong>Austria, Linz, Johannes Kepler University (JKU)<\/strong><br>Faculty of Engineering and Natural Sciences (TNF), Institute for Information Processing and Microprocessor Technology (FIM)<br>July 1 \u2013 31, 2011, Research within PhD studies (\u00d6AD scholarship, Program One-Month Visits to Austrian Universities)<\/td><td>2011<\/td><\/tr><tr><td><strong>North Macedonia, Ohrid, Joint European Summer School<\/strong><br>Supported by STELLAR Network of Excellence in Technology Enhanced Learning, the Austrian Science and Research Liaison Office Ljubljana, and the European Association of Technology Enhanced Learning<br>June 7 \u2013 11, 2010, Participation in Joint European Summer School on Technology Enhanced Learning 2010 \u201cThe emancipated learner\u201d (ASO Ljubljana scholarship)<\/td><td>2010<\/td><\/tr><tr><td><strong>Austria, Vienna, University of Vienna<\/strong><br>Faculty of Computer Science, Research Lab for Educational Technologies<br>June 2 \u2013 30, 2009, Research within PhD studies (\u00d6AD scholarship, Program One Month Study Visits to Austria for University Graduates)<\/td><td>2009<\/td><\/tr><tr><td><strong>Germany, Munich<\/strong>, <strong>Technical University<\/strong><br>January 8 \u2013 29, 2007, Participation in Winter University Course \u201cCulture and Technology in Munich 2007\u201d (DAAD scholarship)<\/td><td>2007<\/td><\/tr><tr><td><strong>Germany, Berlin, Humboldt University<\/strong><br>Faculty of Mathematics and Natural Sciences II, Department of Computer Science, Research Group Software engineering and theory of programming II<br>January 20 \u2013 February 3, 2006, Participation in DAAD sponsored project \u201cJoint Course on Software Engineering and Distributed Reverse Engineering\u201d<\/td><td>2006<\/td><\/tr><\/tbody><\/table><\/figure>\n\n\n\n<p><\/p>\n\n\n\n<h4 class=\"wp-block-heading\"><strong><strong><strong>Reviewer for<\/strong><\/strong><\/strong><\/h4>\n\n\n\n<ul class=\"wp-block-list\"><li><em>Computer Applications in Engineering Education<\/em><\/li><li><em>Computer Science and Information Systems<\/em><\/li><\/ul>\n\n\n\n<p><\/p>\n","protected":false},"excerpt":{"rendered":"<p>Research Contracts Strengthening Capacities for Tourism Changes in WB \u2013 Building Competences for Quality Management of Heritage and Cultural TourismSupported by European Commission under Erasmus+ Capacity building in higher educationCall 2016 EAC\/A04\/2015, application no. 574193-EPP-1-2016-1- RS-EPPKA2-CBHE-JP 2016 \u2013 2020 European Thematic Network &#8211; Future Education and Training in Computing:&nbsp;How to Support Learning at Anytime Anywhere&hellip;&nbsp;<a href=\"https:\/\/personal.pmf.uns.ac.rs\/komlenov\/research\/\" rel=\"bookmark\">Read More &raquo;<span class=\"screen-reader-text\">Research<\/span><\/a><\/p>\n","protected":false},"author":97,"featured_media":0,"parent":0,"menu_order":0,"comment_status":"closed","ping_status":"closed","template":"","meta":{"_monsterinsights_skip_tracking":false,"_monsterinsights_sitenote_active":false,"_monsterinsights_sitenote_note":"","_monsterinsights_sitenote_category":0,"neve_meta_sidebar":"full-width","neve_meta_container":"","neve_meta_enable_content_width":"on","neve_meta_content_width":100,"neve_meta_title_alignment":"","neve_meta_author_avatar":"","neve_post_elements_order":"","neve_meta_disable_header":"","neve_meta_disable_footer":"","neve_meta_disable_title":"on","footnotes":""},"class_list":["post-113","page","type-page","status-publish","hentry"],"_links":{"self":[{"href":"https:\/\/personal.pmf.uns.ac.rs\/komlenov\/wp-json\/wp\/v2\/pages\/113","targetHints":{"allow":["GET"]}}],"collection":[{"href":"https:\/\/personal.pmf.uns.ac.rs\/komlenov\/wp-json\/wp\/v2\/pages"}],"about":[{"href":"https:\/\/personal.pmf.uns.ac.rs\/komlenov\/wp-json\/wp\/v2\/types\/page"}],"author":[{"embeddable":true,"href":"https:\/\/personal.pmf.uns.ac.rs\/komlenov\/wp-json\/wp\/v2\/users\/97"}],"replies":[{"embeddable":true,"href":"https:\/\/personal.pmf.uns.ac.rs\/komlenov\/wp-json\/wp\/v2\/comments?post=113"}],"version-history":[{"count":15,"href":"https:\/\/personal.pmf.uns.ac.rs\/komlenov\/wp-json\/wp\/v2\/pages\/113\/revisions"}],"predecessor-version":[{"id":203,"href":"https:\/\/personal.pmf.uns.ac.rs\/komlenov\/wp-json\/wp\/v2\/pages\/113\/revisions\/203"}],"wp:attachment":[{"href":"https:\/\/personal.pmf.uns.ac.rs\/komlenov\/wp-json\/wp\/v2\/media?parent=113"}],"curies":[{"name":"wp","href":"https:\/\/api.w.org\/{rel}","templated":true}]}}