{"id":81,"date":"2019-08-20T11:00:22","date_gmt":"2019-08-20T11:00:22","guid":{"rendered":"http:\/\/personal.pmf.uns.ac.rs\/jasna.atanasijevic\/?page_id=81"},"modified":"2019-09-30T13:20:23","modified_gmt":"2019-09-30T11:20:23","slug":"applied-and-policy-research","status":"publish","type":"page","link":"https:\/\/personal.pmf.uns.ac.rs\/jasna.atanasijevic\/applied-and-policy-research\/","title":{"rendered":"Policy research, regulatory analysis"},"content":{"rendered":"<p><strong>Policy research, regulatory analysis<\/strong><\/p>\n<p>Atanasijevi\u0107 J. et al, 2018, \u201c<strong>Reward based crowdfunding in Serbia: Analysis of practices and recommendations for improving the legal framework for greater social and economic e\ufb00ect \u201c,<\/strong> Deutsche Gessellschaft fur Internationale Zusamenarbeit (GIZ) Gmbh, August 2018\u00a0\u00a0\u00a0\u00a0<a href=\"http:\/\/personal.pmf.uns.ac.rs\/jasna.atanasijevic\/wp-content\/uploads\/sites\/74\/2019\/08\/Grupno-finansiranje-na-bazi-nagrada-u-Srbiji.pdf\" target=\"_blank\" rel=\"noopener noreferrer\">SRB<\/a>\u00a0 \/\u00a0 Summary <a href=\"http:\/\/personal.pmf.uns.ac.rs\/jasna.atanasijevic\/wp-content\/uploads\/sites\/74\/2019\/08\/Sazetak-brosura-na-engleskom.pdf\" target=\"_blank\" rel=\"noopener noreferrer\">ENG<\/a> , \u00a0<a href=\"http:\/\/personal.pmf.uns.ac.rs\/jasna.atanasijevic\/wp-content\/uploads\/sites\/74\/2019\/08\/Grupno-finansiranje-na-bazi-nagrada-u-Srbiji-sazetak.pdf\" target=\"_blank\" rel=\"noopener noreferrer\">SRB<\/a><\/p>\n<p>Atanasijevi\u0107 J, N. Zeli\u0107, Bo\u0161njak I., 2016, \u201e<a href=\"http:\/\/personal.pmf.uns.ac.rs\/jasna.atanasijevic\/wp-content\/uploads\/sites\/74\/2019\/08\/Sistem-finansiranja-lokalnih-samouprava.pdf\" target=\"_blank\" rel=\"noopener noreferrer\"><strong>System of financing of local self-governments for their sustainable finctioning and development\u201c,<\/strong> <\/a>February 2016<\/p>\n<p>Atanasijevi\u0107 J, D.Aleksi\u0107, \u0160timac V, 2015, \u201e<a href=\"http:\/\/personal.pmf.uns.ac.rs\/jasna.atanasijevic\/wp-content\/uploads\/sites\/74\/2019\/08\/Uloga-ekonomskog-planiranja-u-javnom-sektoru.pdf\" target=\"_blank\" rel=\"noopener noreferrer\"><strong>The role of economic panning in public sector: principles, evidence and lessons for Serbia in the process of EU integration\u201c<\/strong><\/a>, Ekonomika preduze\u0107a, March 2015<\/p>\n<p>Atanasijevi\u0107 J, M. Danon, 2014, <a href=\"http:\/\/personal.pmf.uns.ac.rs\/jasna.atanasijevic\/wp-content\/uploads\/sites\/74\/2019\/08\/Finansiranje-razvoja-poljoprivrede-u-Srbiji.pdf\" target=\"_blank\" rel=\"noopener noreferrer\"><strong>\u201cFinancing agricultural development in Serbia: opportunities and challenges\u201d<\/strong><\/a>, Ekonomika preduzeca, March 2014<\/p>\n","protected":false},"excerpt":{"rendered":"<p>Policy research, regulatory analysis Atanasijevi\u0107 J. et al, 2018, \u201cReward based crowdfunding in Serbia: Analysis of practices and recommendations for improving the legal framework for greater social and economic e\ufb00ect \u201c, Deutsche Gessellschaft fur Internationale Zusamenarbeit (GIZ) Gmbh, August 2018\u00a0\u00a0\u00a0\u00a0SRB\u00a0 \/\u00a0 Summary ENG , \u00a0SRB Atanasijevi\u0107 J, N. Zeli\u0107, Bo\u0161njak I., 2016, \u201eSystem of financing &hellip; <a href=\"https:\/\/personal.pmf.uns.ac.rs\/jasna.atanasijevic\/applied-and-policy-research\/\" class=\"more-link\">Continue reading <span class=\"screen-reader-text\">Policy research, regulatory analysis<\/span> <span class=\"meta-nav\">&rarr;<\/span><\/a><\/p>\n","protected":false},"author":94,"featured_media":0,"parent":0,"menu_order":0,"comment_status":"closed","ping_status":"closed","template":"page-templates\/full-width.php","meta":{"_monsterinsights_skip_tracking":false,"_monsterinsights_sitenote_active":false,"_monsterinsights_sitenote_note":"","_monsterinsights_sitenote_category":0,"footnotes":""},"class_list":["post-81","page","type-page","status-publish","hentry"],"_links":{"self":[{"href":"https:\/\/personal.pmf.uns.ac.rs\/jasna.atanasijevic\/wp-json\/wp\/v2\/pages\/81","targetHints":{"allow":["GET"]}}],"collection":[{"href":"https:\/\/personal.pmf.uns.ac.rs\/jasna.atanasijevic\/wp-json\/wp\/v2\/pages"}],"about":[{"href":"https:\/\/personal.pmf.uns.ac.rs\/jasna.atanasijevic\/wp-json\/wp\/v2\/types\/page"}],"author":[{"embeddable":true,"href":"https:\/\/personal.pmf.uns.ac.rs\/jasna.atanasijevic\/wp-json\/wp\/v2\/users\/94"}],"replies":[{"embeddable":true,"href":"https:\/\/personal.pmf.uns.ac.rs\/jasna.atanasijevic\/wp-json\/wp\/v2\/comments?post=81"}],"version-history":[{"count":9,"href":"https:\/\/personal.pmf.uns.ac.rs\/jasna.atanasijevic\/wp-json\/wp\/v2\/pages\/81\/revisions"}],"predecessor-version":[{"id":304,"href":"https:\/\/personal.pmf.uns.ac.rs\/jasna.atanasijevic\/wp-json\/wp\/v2\/pages\/81\/revisions\/304"}],"wp:attachment":[{"href":"https:\/\/personal.pmf.uns.ac.rs\/jasna.atanasijevic\/wp-json\/wp\/v2\/media?parent=81"}],"curies":[{"name":"wp","href":"https:\/\/api.w.org\/{rel}","templated":true}]}}