{"id":338,"date":"2021-02-03T12:32:45","date_gmt":"2021-02-03T10:32:45","guid":{"rendered":"http:\/\/personal.pmf.uns.ac.rs\/jasna.atanasijevic\/?page_id=338"},"modified":"2022-01-10T14:19:04","modified_gmt":"2022-01-10T12:19:04","slug":"scientific-research-papers-2","status":"publish","type":"page","link":"https:\/\/personal.pmf.uns.ac.rs\/jasna.atanasijevic\/scientific-research-papers-2\/","title":{"rendered":"Scientific research papers"},"content":{"rendered":"<h5 class=\"r\" role=\"heading\">\u00a0<\/h5>\n<p><strong>Development Economics<\/strong><\/p>\n<p>Atanasijevic J, D. Vasiljevic, Z. Nikolic, O. Pavlovic, 2021. <strong><a href=\"http:\/\/personal.pmf.uns.ac.rs\/jasna.atanasijevic\/wp-content\/uploads\/sites\/74\/2022\/01\/Atanasijevic\u0301-et-al-kor1.pdf\" target=\"_blank\" rel=\"noopener\">&#8220;Untapped Export Opportunities of Serbian Economy after a Decade of Investment and Export Based Growth Model&#8221;<\/a><\/strong>, Ekonomika preduze\u0107a 69 (3-4), 273-288<\/p>\n<p>M.Uvali\u0107 , B.Cerovi\u0107, J.Atanasijevi\u0107, 2020 <strong><a href=\"http:\/\/personal.pmf.uns.ac.rs\/jasna.atanasijevic\/wp-content\/uploads\/sites\/74\/2021\/02\/Ekonomski-anali-225_PRESS-33-72.pdf\" target=\"_blank\" rel=\"noopener noreferrer\">&#8220;The Serbian economy ten years after the global ecomomic crisis&#8221;<\/a>, <\/strong>ECONOMIC ANNALS, Volume LXV, No. 225<\/p>\n<p><strong>Big data analytics<\/strong><\/p>\n<p>Savic M., Atanasijevic J., Jakovetic D., Krejic N., 2021. &#8220;<strong><a href=\"https:\/\/www.sciencedirect.com\/science\/article\/pii\/S0957417421016973?casa_token=_e2hJQkT0iMAAAAA:m_3P2ssdS-Mv624uGWEtprvRPRoJVDWWnZems0Z6J3QoozM8Wt88gSn21pU4-RwCHOt5zZFBDVk\" target=\"_blank\" rel=\"noopener\">Tax Evasion Risk Management Using a Hybrid Unsupervised Outlier Detection Method&#8221;<\/a><\/strong>, 2022, Expert Systems with Applications<\/p>\n<p>Atanasijevic J,,Jakovetic D.,Krejic N.,Krklec-Jerinkic N.,Markovic D., &#8220;<a href=\"http:\/\/personal.pmf.uns.ac.rs\/jasna.atanasijevic\/wp-content\/uploads\/sites\/74\/2019\/08\/Using-big-data-analytics-to-improve-efficiency-of-tax-collection.pdf\" target=\"_blank\" rel=\"noopener noreferrer\"><strong>Using big data analytics to improve efficiency of tax collection in the tax administration of the Republic of Serbia&#8221;\u00a0<\/strong><\/a><strong> ,<\/strong>2019,Ekonomika preduzeca Vol. 67, pp. 115-130, DOI 10.5937\/EkoPre1808115A\u00a0\u00a0<\/p>\n\n\n<p><strong>Financial integration, financial stability, monetary policy, access to finance<\/strong><\/p>\n\n\n\n<p>Atanasijevi\u0107 J, M.Uvali\u0107, 2018, \u201c <strong>Performance of de novo firms in Serbia after the recent crisis<\/strong>\u201d, mimeo \u2013 presentation!<br>Atanasijevi\u0107 J, B. Najman, 2016,<a href=\"http:\/\/personal.pmf.uns.ac.rs\/jasna.atanasijevic\/wp-content\/uploads\/sites\/74\/2019\/08\/Financial-integration-and-macroeconomic.pdf\" target=\"_blank\" rel=\"noreferrer noopener\"> \u201e<strong>Financial integration and microeconomic sustainability: a sector approach to access to finance and the pre-crisis growth model<\/strong>\u201c, <\/a>NaUKMA, December 2016<br>Atanasijevi\u0107 J, M. Bo\u017eovi\u0107, 2016, \u201e<a href=\"http:\/\/personal.pmf.uns.ac.rs\/jasna.atanasijevic\/wp-content\/uploads\/sites\/74\/2019\/08\/FX-Milos-EEE.pdf\" target=\"_blank\" rel=\"noreferrer noopener\"><strong>Exchange rate as a determinant of corporate loan defaults in a euroized economy: evidence from micro-level data\u201c<\/strong><\/a>, Eastern European Economics<br>Atanasijevic, J. and Cupic V, 2012<a href=\"http:\/\/personal.pmf.uns.ac.rs\/jasna.atanasijevic\/wp-content\/uploads\/sites\/74\/2019\/08\/CupicAtanasijevic.pdf\" target=\"_blank\" rel=\"noreferrer noopener\">, \u201c<strong>Financial integration of New Europe: overview and implication for further growth policies in Serbia\u201d,<\/strong><\/a>Ekonomika preduzeca, February 2012<br>Atanasijevic, J. and Cupic V, 2011,<a href=\"http:\/\/personal.pmf.uns.ac.rs\/jasna.atanasijevic\/wp-content\/uploads\/sites\/74\/2019\/08\/Corporate-Dynamism-in-New-Growth-Paradigm.pdf\" target=\"_blank\" rel=\"noreferrer noopener\"><strong> \u201cCorporate dynamism and new growth paradigm of the Serbian economy\u201d<\/strong><\/a>, Ekonomika preduzeca, January\/February 2011<br>Atanasijevic, J. and Cupic V, 2010, <a href=\"http:\/\/personal.pmf.uns.ac.rs\/jasna.atanasijevic\/wp-content\/uploads\/sites\/74\/2019\/08\/Financial-integration-and-access-to-finance-in-transition-economies.pdf\" target=\"_blank\" rel=\"noreferrer noopener\">\u201c<strong>Financial integration and access to finance in transition economies: a sectoral approach<\/strong>\u201d<\/a>, Ekonomika preduzeca, March 2010<br>Dimitrijevic, J. and Najman, B. 2008, &#8220;<a href=\"http:\/\/www.palgrave-journals.com\/ces\/journal\/v50\/n2\/abs\/ces20081a.html\" target=\"_blank\" rel=\"noreferrer noopener\"><strong>Inside the credit boom: competition, segmentation and information: the evidence from Serbian credit market&#8221;<\/strong>,<\/a> Comparative Economic Studies, vol. 50, no. 2 (), May 2008<\/p>\n","protected":false},"excerpt":{"rendered":"<p>\u00a0 Development Economics Atanasijevic J, D. Vasiljevic, Z. Nikolic, O. Pavlovic, 2021. &#8220;Untapped Export Opportunities of Serbian Economy after a Decade of Investment and Export Based Growth Model&#8221;, Ekonomika preduze\u0107a 69 (3-4), 273-288 M.Uvali\u0107 , B.Cerovi\u0107, J.Atanasijevi\u0107, 2020 &#8220;The Serbian economy ten years after the global ecomomic crisis&#8221;, ECONOMIC ANNALS, Volume LXV, No. 225 Big &hellip; <a href=\"https:\/\/personal.pmf.uns.ac.rs\/jasna.atanasijevic\/scientific-research-papers-2\/\" class=\"more-link\">Continue reading <span class=\"screen-reader-text\">Scientific research papers<\/span> <span class=\"meta-nav\">&rarr;<\/span><\/a><\/p>\n","protected":false},"author":94,"featured_media":0,"parent":0,"menu_order":0,"comment_status":"closed","ping_status":"closed","template":"","meta":{"_monsterinsights_skip_tracking":false,"_monsterinsights_sitenote_active":false,"_monsterinsights_sitenote_note":"","_monsterinsights_sitenote_category":0,"footnotes":""},"class_list":["post-338","page","type-page","status-publish","hentry"],"_links":{"self":[{"href":"https:\/\/personal.pmf.uns.ac.rs\/jasna.atanasijevic\/wp-json\/wp\/v2\/pages\/338","targetHints":{"allow":["GET"]}}],"collection":[{"href":"https:\/\/personal.pmf.uns.ac.rs\/jasna.atanasijevic\/wp-json\/wp\/v2\/pages"}],"about":[{"href":"https:\/\/personal.pmf.uns.ac.rs\/jasna.atanasijevic\/wp-json\/wp\/v2\/types\/page"}],"author":[{"embeddable":true,"href":"https:\/\/personal.pmf.uns.ac.rs\/jasna.atanasijevic\/wp-json\/wp\/v2\/users\/94"}],"replies":[{"embeddable":true,"href":"https:\/\/personal.pmf.uns.ac.rs\/jasna.atanasijevic\/wp-json\/wp\/v2\/comments?post=338"}],"version-history":[{"count":11,"href":"https:\/\/personal.pmf.uns.ac.rs\/jasna.atanasijevic\/wp-json\/wp\/v2\/pages\/338\/revisions"}],"predecessor-version":[{"id":382,"href":"https:\/\/personal.pmf.uns.ac.rs\/jasna.atanasijevic\/wp-json\/wp\/v2\/pages\/338\/revisions\/382"}],"wp:attachment":[{"href":"https:\/\/personal.pmf.uns.ac.rs\/jasna.atanasijevic\/wp-json\/wp\/v2\/media?parent=338"}],"curies":[{"name":"wp","href":"https:\/\/api.w.org\/{rel}","templated":true}]}}