{"id":425,"date":"2014-09-29T21:03:56","date_gmt":"2014-09-29T19:03:56","guid":{"rendered":"http:\/\/personal.pmf.uns.ac.rs\/ivana.vojnovic\/?page_id=425"},"modified":"2023-04-13T14:47:59","modified_gmt":"2023-04-13T12:47:59","slug":"parcijalne-diferencijalne-jednacine","status":"publish","type":"page","link":"https:\/\/personal.pmf.uns.ac.rs\/ivana.vojnovic\/sample-page\/parcijalne-diferencijalne-jednacine\/","title":{"rendered":"Parcijalne diferencijalne jedna\u010dine"},"content":{"rendered":"<ul>\n<li>Predavanja: prof.\u00a0<a href=\"http:\/\/people.dmi.uns.ac.rs\/~marko\/\">dr Marko Nedeljkov<\/a><\/li>\n<li>Ve\u017ebe: Ivana Vojnovi\u0107<\/li>\n<li>Fond \u010dasova: 4 + 2<\/li>\n<\/ul>\n<p>Ispit se pola\u017ee po modelu B, bez organizovanja kolokvijuma za dodatne poene.<\/p>\n<p>Zadatke sa pismenih ispita\u00a0 mo\u017eete preuzeti\u00a0<a href=\"http:\/\/personal.pmf.uns.ac.rs\/ivana.vojnovic\/wp-content\/uploads\/sites\/39\/2017\/12\/PDJ-zadaci-sa-pismenih-ispita.pdf\">ovde.<\/a><br \/>\nZadatke sa pismenih ispita odr\u017eanih tokom \u0161kolske 2017\/2018. godine mo\u017eete preuzeti <a href=\"http:\/\/personal.pmf.uns.ac.rs\/ivana.vojnovic\/wp-content\/uploads\/sites\/39\/2018\/11\/pdj-zadaci-20172018.pdf\">ovde.<\/a><\/p>\n<p>Zadatke sa pismenih ispita odr\u017eanih tokom \u0161kolske 2018\/2019. godine<br \/>\nmo\u017eete preuzeti <a href=\"http:\/\/personal.pmf.uns.ac.rs\/ivana.vojnovic\/wp-content\/uploads\/sites\/39\/2020\/01\/svirokovi.pdf\">ovde.<\/a><\/p>\n<p>Zadaci za ve\u017ebe i doma\u0107i se mogu preuzeti <a href=\"http:\/\/personal.pmf.uns.ac.rs\/ivana.vojnovic\/wp-content\/uploads\/sites\/39\/2014\/09\/Vezbe-1-2-nastavak-signed-1.pdf\" rel=\"\">ovde<\/a><\/p>\n<p>Literatura:<\/p>\n<ul>\n<li>Fajlovi koji se mogu preuzeti sa sajta<a href=\"http:\/\/people.dmi.uns.ac.rs\/~marko\/\" target=\"_blank\" rel=\"noopener noreferrer\">\u00a0http:\/\/people.dmi.uns.ac.rs\/~marko\/<\/a><\/li>\n<li><span style=\"color: #333333\"><a href=\"http:\/\/books.google.rs\/books\/about\/Partial_Differential_Equations.html?id=5--vQgAACAAJ&amp;redir_esc=y\" target=\"_blank\" rel=\"noopener noreferrer\"><em>Partial Differential Equations: An introduction,<\/em> Walter Strauss<\/a>\u00a0(knjiga je dostupna u biblioteci)\u00a0<\/span><\/li>\n<li><a href=\"http:\/\/www.ams.org\/bookstore-getitem\/item=GSM-19-R\" target=\"_blank\" rel=\"noopener noreferrer\"><em>Partial Differential Equations<\/em>, Lawrence C. Evans, Graduate Studies in Mathematics, 2010.<\/a><\/li>\n<li>,,Parcijalne diferencijalne jedna\u010dine&#8221;, Marko Nedeljkov (knjigu mo\u017eete preuzeti <a href=\"http:\/\/people.dmi.uns.ac.rs\/~marko\/knjiga-final.pdf\" target=\"_blank\" rel=\"noopener noreferrer\">ovde<\/a>)<\/li>\n<li>,,Parcijalne diferencijalne jedna\u010dine&#8221;, Endre Pap, Gra\u0111evinska knjiga, Beograd, 1986.<\/li>\n<li>,,Zbirka zadataka iz parcijalnih diferencijalnih jedna\u010dina&#8221; &#8211; Endre Pap, Arpad Taka\u010di, \u0110ur\u0111ica Taka\u010di, Du\u0161anka Kova\u010devi\u0107, Gra\u0111evinska knjiga, Beograd, 1989.<\/li>\n<\/ul>\n","protected":false},"excerpt":{"rendered":"<p>Predavanja: prof.\u00a0dr Marko Nedeljkov Ve\u017ebe: Ivana Vojnovi\u0107 Fond \u010dasova: 4 + 2 Ispit se pola\u017ee po modelu B, bez organizovanja kolokvijuma za dodatne poene. Zadatke sa pismenih ispita\u00a0 mo\u017eete preuzeti\u00a0ovde.&hellip; <\/p>\n","protected":false},"author":48,"featured_media":0,"parent":2,"menu_order":0,"comment_status":"closed","ping_status":"closed","template":"","meta":{"_monsterinsights_skip_tracking":false,"_monsterinsights_sitenote_active":false,"_monsterinsights_sitenote_note":"","_monsterinsights_sitenote_category":0,"footnotes":""},"class_list":["post-425","page","type-page","status-publish","hentry"],"_links":{"self":[{"href":"https:\/\/personal.pmf.uns.ac.rs\/ivana.vojnovic\/wp-json\/wp\/v2\/pages\/425","targetHints":{"allow":["GET"]}}],"collection":[{"href":"https:\/\/personal.pmf.uns.ac.rs\/ivana.vojnovic\/wp-json\/wp\/v2\/pages"}],"about":[{"href":"https:\/\/personal.pmf.uns.ac.rs\/ivana.vojnovic\/wp-json\/wp\/v2\/types\/page"}],"author":[{"embeddable":true,"href":"https:\/\/personal.pmf.uns.ac.rs\/ivana.vojnovic\/wp-json\/wp\/v2\/users\/48"}],"replies":[{"embeddable":true,"href":"https:\/\/personal.pmf.uns.ac.rs\/ivana.vojnovic\/wp-json\/wp\/v2\/comments?post=425"}],"version-history":[{"count":33,"href":"https:\/\/personal.pmf.uns.ac.rs\/ivana.vojnovic\/wp-json\/wp\/v2\/pages\/425\/revisions"}],"predecessor-version":[{"id":1857,"href":"https:\/\/personal.pmf.uns.ac.rs\/ivana.vojnovic\/wp-json\/wp\/v2\/pages\/425\/revisions\/1857"}],"up":[{"embeddable":true,"href":"https:\/\/personal.pmf.uns.ac.rs\/ivana.vojnovic\/wp-json\/wp\/v2\/pages\/2"}],"wp:attachment":[{"href":"https:\/\/personal.pmf.uns.ac.rs\/ivana.vojnovic\/wp-json\/wp\/v2\/media?parent=425"}],"curies":[{"name":"wp","href":"https:\/\/api.w.org\/{rel}","templated":true}]}}