{"id":2,"date":"2013-10-25T11:33:00","date_gmt":"2013-10-25T11:33:00","guid":{"rendered":"http:\/\/personal.pmf.uns.ac.rs\/ivana.vojnovic\/?page_id=2"},"modified":"2023-04-13T14:50:06","modified_gmt":"2023-04-13T12:50:06","slug":"sample-page","status":"publish","type":"page","link":"https:\/\/personal.pmf.uns.ac.rs\/ivana.vojnovic\/sample-page\/","title":{"rendered":"Nastava"},"content":{"rendered":"<ul>\n<li><a href=\"http:\/\/personal.pmf.uns.ac.rs\/ivana.vojnovic\/sample-page\/napredna-poglavlja-funkcionalne-analize\/\">Napredna poglavlja funkcionalne analize<\/a><\/li>\n<li><a href=\"http:\/\/personal.pmf.uns.ac.rs\/ivana.vojnovic\/sample-page\/parcijalne-diferencijalne-jednacine\/\" target=\"_blank\" rel=\"noopener noreferrer\">Parcijalne diferencijalne jedna\u010dine<\/a><\/li>\n<li><a href=\"http:\/\/personal.pmf.uns.ac.rs\/ivana.vojnovic\/sample-page\/numericko-resavanje-parcijalnih-diferencijalnih-jednacina\/\">Numeri\u010dko re\u0161avanje parcijalnih diferencijalnih jedna\u010dina<\/a><\/li>\n<li><a href=\"https:\/\/personal.pmf.uns.ac.rs\/ivana.vojnovic\/sample-page\/biomatematika-skolska-2019-2020-godina\/\">Matematika za studente farmacije<\/a><\/li>\n<li>Metri\u010dki i normirani prostori<\/li>\n<\/ul>\n<p><span style=\"font-size: 12pt\"><strong> <span class=\"\" style=\"display:block;clear:both;height: 0px;padding-top: 25px;border-top-width:0px;border-bottom-width:0px;\"><\/span><\/strong><\/span><\/p>\n","protected":false},"excerpt":{"rendered":"<p>Napredna poglavlja funkcionalne analize Parcijalne diferencijalne jedna\u010dine Numeri\u010dko re\u0161avanje parcijalnih diferencijalnih jedna\u010dina Matematika za studente farmacije Metri\u010dki i normirani prostori<\/p>\n","protected":false},"author":48,"featured_media":0,"parent":0,"menu_order":2,"comment_status":"open","ping_status":"open","template":"","meta":{"_monsterinsights_skip_tracking":false,"_monsterinsights_sitenote_active":false,"_monsterinsights_sitenote_note":"","_monsterinsights_sitenote_category":0,"footnotes":""},"class_list":["post-2","page","type-page","status-publish","hentry"],"_links":{"self":[{"href":"https:\/\/personal.pmf.uns.ac.rs\/ivana.vojnovic\/wp-json\/wp\/v2\/pages\/2","targetHints":{"allow":["GET"]}}],"collection":[{"href":"https:\/\/personal.pmf.uns.ac.rs\/ivana.vojnovic\/wp-json\/wp\/v2\/pages"}],"about":[{"href":"https:\/\/personal.pmf.uns.ac.rs\/ivana.vojnovic\/wp-json\/wp\/v2\/types\/page"}],"author":[{"embeddable":true,"href":"https:\/\/personal.pmf.uns.ac.rs\/ivana.vojnovic\/wp-json\/wp\/v2\/users\/48"}],"replies":[{"embeddable":true,"href":"https:\/\/personal.pmf.uns.ac.rs\/ivana.vojnovic\/wp-json\/wp\/v2\/comments?post=2"}],"version-history":[{"count":34,"href":"https:\/\/personal.pmf.uns.ac.rs\/ivana.vojnovic\/wp-json\/wp\/v2\/pages\/2\/revisions"}],"predecessor-version":[{"id":1863,"href":"https:\/\/personal.pmf.uns.ac.rs\/ivana.vojnovic\/wp-json\/wp\/v2\/pages\/2\/revisions\/1863"}],"wp:attachment":[{"href":"https:\/\/personal.pmf.uns.ac.rs\/ivana.vojnovic\/wp-json\/wp\/v2\/media?parent=2"}],"curies":[{"name":"wp","href":"https:\/\/api.w.org\/{rel}","templated":true}]}}