{"id":1649,"date":"2019-10-07T22:59:52","date_gmt":"2019-10-07T20:59:52","guid":{"rendered":"http:\/\/personal.pmf.uns.ac.rs\/ivana.vojnovic\/?page_id=1649"},"modified":"2023-04-13T14:30:04","modified_gmt":"2023-04-13T12:30:04","slug":"biomatematika-skolska-2019-2020-godina","status":"publish","type":"page","link":"https:\/\/personal.pmf.uns.ac.rs\/ivana.vojnovic\/sample-page\/biomatematika-skolska-2019-2020-godina\/","title":{"rendered":"Matematika za studente farmacije"},"content":{"rendered":"<p><span style=\"color: #993366\"><strong>Predavanja<\/strong><\/span>: prof. dr Du\u0161anka Peri\u0161i\u0107<br \/>\n<span style=\"color: #993366\"><strong>Ve\u017ebe<\/strong><\/span>: Goran Radojev i Ivana Vojnovi\u0107<\/p>\n<p>Ispitivanje funkcija i skiciranje grafika &#8211; re\u0161enja nekih od zadataka mo\u017eete pogledati <a href=\"http:\/\/personal.pmf.uns.ac.rs\/ivana.vojnovic\/wp-content\/uploads\/sites\/39\/2019\/12\/Grafici-funkcija.pdf\">ovde.<\/a><\/p>\n<p>Zadatke za ve\u017ebu mo\u017eete pogledati <a href=\"http:\/\/personal.pmf.uns.ac.rs\/ivana.vojnovic\/wp-content\/uploads\/sites\/39\/2019\/12\/Zadaci.pdf\">ovde.<\/a><\/p>\n<p>Softver Mathematica: <a href=\"https:\/\/develop.open.wolframcloud.com\/objects\/wpc-welcome\/ThingsToTryComputationalNotebook.nb#sidebar=documentation\/workflowguide\/GettingStartedWithWolframNotebooks\" target=\"_blank\" rel=\"noopener noreferrer\">link<\/a><\/p>\n<p>Mathematica, primeri za ve\u017ebu: <a href=\"http:\/\/personal.pmf.uns.ac.rs\/ivana.vojnovic\/wp-content\/uploads\/sites\/39\/2019\/12\/Primeri.pdf\">link<\/a><\/p>\n","protected":false},"excerpt":{"rendered":"<p>Predavanja: prof. dr Du\u0161anka Peri\u0161i\u0107 Ve\u017ebe: Goran Radojev i Ivana Vojnovi\u0107 Ispitivanje funkcija i skiciranje grafika &#8211; re\u0161enja nekih od zadataka mo\u017eete pogledati ovde. Zadatke za ve\u017ebu mo\u017eete pogledati ovde.&hellip; <\/p>\n","protected":false},"author":48,"featured_media":0,"parent":2,"menu_order":4,"comment_status":"closed","ping_status":"closed","template":"","meta":{"_monsterinsights_skip_tracking":false,"_monsterinsights_sitenote_active":false,"_monsterinsights_sitenote_note":"","_monsterinsights_sitenote_category":0,"footnotes":""},"class_list":["post-1649","page","type-page","status-publish","hentry"],"_links":{"self":[{"href":"https:\/\/personal.pmf.uns.ac.rs\/ivana.vojnovic\/wp-json\/wp\/v2\/pages\/1649","targetHints":{"allow":["GET"]}}],"collection":[{"href":"https:\/\/personal.pmf.uns.ac.rs\/ivana.vojnovic\/wp-json\/wp\/v2\/pages"}],"about":[{"href":"https:\/\/personal.pmf.uns.ac.rs\/ivana.vojnovic\/wp-json\/wp\/v2\/types\/page"}],"author":[{"embeddable":true,"href":"https:\/\/personal.pmf.uns.ac.rs\/ivana.vojnovic\/wp-json\/wp\/v2\/users\/48"}],"replies":[{"embeddable":true,"href":"https:\/\/personal.pmf.uns.ac.rs\/ivana.vojnovic\/wp-json\/wp\/v2\/comments?post=1649"}],"version-history":[{"count":13,"href":"https:\/\/personal.pmf.uns.ac.rs\/ivana.vojnovic\/wp-json\/wp\/v2\/pages\/1649\/revisions"}],"predecessor-version":[{"id":1838,"href":"https:\/\/personal.pmf.uns.ac.rs\/ivana.vojnovic\/wp-json\/wp\/v2\/pages\/1649\/revisions\/1838"}],"up":[{"embeddable":true,"href":"https:\/\/personal.pmf.uns.ac.rs\/ivana.vojnovic\/wp-json\/wp\/v2\/pages\/2"}],"wp:attachment":[{"href":"https:\/\/personal.pmf.uns.ac.rs\/ivana.vojnovic\/wp-json\/wp\/v2\/media?parent=1649"}],"curies":[{"name":"wp","href":"https:\/\/api.w.org\/{rel}","templated":true}]}}