{"id":1527,"date":"2019-03-06T23:53:17","date_gmt":"2019-03-06T22:53:17","guid":{"rendered":"http:\/\/personal.pmf.uns.ac.rs\/ivana.vojnovic\/?page_id=1527"},"modified":"2023-04-13T14:46:27","modified_gmt":"2023-04-13T12:46:27","slug":"numericko-resavanje-parcijalnih-diferencijalnih-jednacina","status":"publish","type":"page","link":"https:\/\/personal.pmf.uns.ac.rs\/ivana.vojnovic\/sample-page\/numericko-resavanje-parcijalnih-diferencijalnih-jednacina\/","title":{"rendered":"Numeri\u010dko re\u0161avanje parcijalnih diferencijalnih jedna\u010dina"},"content":{"rendered":"<p>Predavanja i ve\u017ebe: Ivana Vojnovi\u0107<br \/>\nFond \u010dasova: 3+1<\/p>\n<p>Ispit se pola\u017ee po modelu C. Predispitne obaveze podrazumevaju re\u0161avanje prakti\u010dnih zadataka\u00a0u toku semestra.<\/p>\n<p>Za vi\u0161e informacija pogledati Mudl stranicu predmeta: <a href=\"https:\/\/moodle.pmf.uns.ac.rs\/course\/view.php?id=757\">link<\/a><\/p>\n","protected":false},"excerpt":{"rendered":"<p>Predavanja i ve\u017ebe: Ivana Vojnovi\u0107 Fond \u010dasova: 3+1 Ispit se pola\u017ee po modelu C. Predispitne obaveze podrazumevaju re\u0161avanje prakti\u010dnih zadataka\u00a0u toku semestra. Za vi\u0161e informacija pogledati Mudl stranicu predmeta: link<\/p>\n","protected":false},"author":48,"featured_media":0,"parent":2,"menu_order":3,"comment_status":"closed","ping_status":"closed","template":"","meta":{"_monsterinsights_skip_tracking":false,"_monsterinsights_sitenote_active":false,"_monsterinsights_sitenote_note":"","_monsterinsights_sitenote_category":0,"footnotes":""},"class_list":["post-1527","page","type-page","status-publish","hentry"],"_links":{"self":[{"href":"https:\/\/personal.pmf.uns.ac.rs\/ivana.vojnovic\/wp-json\/wp\/v2\/pages\/1527","targetHints":{"allow":["GET"]}}],"collection":[{"href":"https:\/\/personal.pmf.uns.ac.rs\/ivana.vojnovic\/wp-json\/wp\/v2\/pages"}],"about":[{"href":"https:\/\/personal.pmf.uns.ac.rs\/ivana.vojnovic\/wp-json\/wp\/v2\/types\/page"}],"author":[{"embeddable":true,"href":"https:\/\/personal.pmf.uns.ac.rs\/ivana.vojnovic\/wp-json\/wp\/v2\/users\/48"}],"replies":[{"embeddable":true,"href":"https:\/\/personal.pmf.uns.ac.rs\/ivana.vojnovic\/wp-json\/wp\/v2\/comments?post=1527"}],"version-history":[{"count":5,"href":"https:\/\/personal.pmf.uns.ac.rs\/ivana.vojnovic\/wp-json\/wp\/v2\/pages\/1527\/revisions"}],"predecessor-version":[{"id":1856,"href":"https:\/\/personal.pmf.uns.ac.rs\/ivana.vojnovic\/wp-json\/wp\/v2\/pages\/1527\/revisions\/1856"}],"up":[{"embeddable":true,"href":"https:\/\/personal.pmf.uns.ac.rs\/ivana.vojnovic\/wp-json\/wp\/v2\/pages\/2"}],"wp:attachment":[{"href":"https:\/\/personal.pmf.uns.ac.rs\/ivana.vojnovic\/wp-json\/wp\/v2\/media?parent=1527"}],"curies":[{"name":"wp","href":"https:\/\/api.w.org\/{rel}","templated":true}]}}