{"id":31,"date":"2020-02-29T23:02:53","date_gmt":"2020-02-29T23:02:53","guid":{"rendered":"http:\/\/personal.pmf.uns.ac.rs\/ernest.sanca\/?page_id=31"},"modified":"2026-02-26T16:51:55","modified_gmt":"2026-02-26T16:51:55","slug":"nauka","status":"publish","type":"page","link":"https:\/\/personal.pmf.uns.ac.rs\/ernest.sanca\/nauka\/","title":{"rendered":"\u041d\u0430\u0443\u043a\u0430"},"content":{"rendered":"\n<h2 class=\"wp-block-heading\">\u041d\u0430\u0443\u0447\u043d\u0438 \u0440\u0430\u0434\u043e\u0432\u0438<\/h2>\n\n\n\n<div class=\"wp-block-columns is-layout-flex wp-container-core-columns-is-layout-9d6595d7 wp-block-columns-is-layout-flex\">\n<div class=\"wp-block-column is-layout-flow wp-block-column-is-layout-flow\">\n<ol class=\"wp-block-list\">\n<li>Dragana Cvetkovi\u0107, Ksenija Doroslova\u010dki, Ernest \u0160anca (2026): <em>A Special Subclass of Generalized Diagonally Dominant Matrices with Applications<\/em>, FILOMAT (preprint &#8211; to appear).<\/li>\n\n\n\n<li>Dragana Cvetkovi\u0107, Ernest \u0160anca (2026): <em><a href=\"https:\/\/www.mdpi.com\/2673-9909\/6\/1\/9\">Dynamical system stability criteria based on the Frobenius norm<\/a><\/em>, AppliedMath 6(1), 9 (online).<\/li>\n\n\n\n<li>Maja Nedovi\u0107, Ernest \u0160anca (2024): <em><a href=\"https:\/\/www.pmf.ni.ac.rs\/filomat-content\/2024\/38-14\/38-14-19-21059.pdf\">Partition-Nekrasov type matrices: A new subclass of nonsingular H-matrices and applications<\/a><\/em>, FILOMAT 38(14), 5083\u20135097.<\/li>\n\n\n\n<li>Vladimir Kosti\u0107, Ljiljana Cvetkovi\u0107, Ernest \u0160anca (2021): <em><a href=\"https:\/\/www.sciencedirect.com\/science\/article\/abs\/pii\/S0377042720305562?via%3Dihub\">From pseudospectra of diagonal blocks to pseudospectrum of a full matrix<\/a>, <\/em>Journal of Computational and Applied Mathematics, Vol. 386, 113265.<\/li>\n\n\n\n<li>Ksenija Doroslova\u010dki, Ljiljana Cvetkovi\u0107, Ernest \u0160anca (2019): <em><a href=\"http:\/\/www.doiserbia.nb.rs\/Article.aspx?ID=0354-51801909711D#.YVsQEi0Royk\">A New Lower Bound for the Smallest Singular Value<\/a><\/em>, FILOMAT 33(9), 2711-2723.<\/li>\n\n\n\n<li>Ernest \u0160anca, Vladimir Kosti\u0107, Ljiljana Cvetkovi\u0107 (2018): <em><a href=\"https:\/\/www.sciencedirect.com\/science\/article\/pii\/S0024379518304245?via%3Dihub\">Fractional pseudospectra and their localizations<\/a>, <\/em>Linear Algebra and its Applications, Vol. 559, 244-269.<\/li>\n\n\n\n<li>Ljiljana Cvetkovi\u0107, Vladimir Kosti\u0107, Ernest \u0160anca, Abear Saed (2018): <em><a href=\"https:\/\/global-sci.org\/intro\/article_detail\/eajam\/12210.html\">Error Control Based on the Novel Proof of Convergence of the MSMAOR Methods for the LCP<\/a><\/em>, East Asian Journal on Applied Mathematics, Vol. 8 (2), 352-364.<\/li>\n\n\n\n<li>Ljiljana Cvetkovi\u0107, Vladimir Kosti\u0107, Ernest \u0160anca (2016): <em><a href=\"https:\/\/link.springer.com\/article\/10.1007%2Fs11075-015-9985-6\">A wider convergence area for the MSTMAOR iteration methods for LCP<\/a><\/em>, Numerical Algorithms, Vol. 71, 77-88.<\/li>\n<\/ol>\n\n\n\n<hr class=\"wp-block-separator has-css-opacity alignwide is-style-wide\" \/>\n\n\n\n<p><strong>\u041f\u0443\u0431\u043b\u0438\u043a\u0430\u0446\u0438\u0458\u0435:<\/strong><\/p>\n\n\n\n<ol class=\"wp-block-list\">\n<li>\u0160anca, E. : <a href=\"https:\/\/nardus.mpn.gov.rs\/handle\/123456789\/18444?locale-attribute=en\"><em>Dinami\u010dka analiza kompleksnih sistema u svetlu H-matrica<\/em><\/a>, doktorska disertacija, Prirodno-matemati\u010dki fakultet, Novi Sad, 2021.<\/li>\n\n\n\n<li>\u0160anca, E. : <a href=\"https:\/\/matematika.pmf.uns.ac.rs\/wp-content\/uploads\/zavrsni-radovi\/primenjena_matematika\/ErnestSanca.pdf\"><em>Modulske metode za re\u0161avanje problema linearne komplementarnosti<\/em><\/a>, master rad, Prirodno-matemati\u010dki fakultet, Novi Sad, 2015.<\/li>\n<\/ol>\n\n\n\n<p><strong>\u0414\u0438\u0434\u0430\u043a\u0442\u0438\u0447\u043a\u0430 \u0441\u0440\u0435\u0434\u0441\u0442\u0432\u0430:<\/strong><\/p>\n\n\n\n<ol class=\"wp-block-list\">\n<li>\u0409\u0438\u0459\u0430\u043d\u0430 \u0426\u0432\u0435\u0442\u043a\u043e\u0432\u0438\u045b, \u0415\u0440\u043d\u0435\u0441\u0442 \u0428\u0430\u043d\u0446\u0430: <em><a href=\"https:\/\/www.pmf.uns.ac.rs\/studije\/epublikacije\/matinf\/cvetkovic_sanca_matematika_sa_statistikom_zbirka_zadataka.pdf\">\u041c\u0430\u0442\u0435\u043c\u0430\u0442\u0438\u043a\u0430 \u0441\u0430 \u0441\u0442\u0430\u0442\u0438\u0441\u0442\u0438\u043a\u043e\u043c (\u0437\u0431\u0438\u0440\u043a\u0430 \u0437\u0430\u0434\u0430\u0442\u0430\u043a\u0430)<\/a><\/em>, \u041f\u041c\u0424 \u041d\u043e\u0432\u0438 \u0421\u0430\u0434 2025.<\/li>\n\n\n\n<li>Ljiljana Cvetkovi\u0107, Vladimir Kosti\u0107, Ernest \u0160anca : <em>Statistika<\/em> <em>&#8211; zbirka zadataka<\/em>, Univerzitet Educons, Sremska Kamenica, 2019.<\/li>\n<\/ol>\n\n\n\n<hr class=\"wp-block-separator has-css-opacity alignwide is-style-wide\" \/>\n\n\n\n<p><strong><strong>\u0421\u0430\u043e\u043f\u0448\u0442\u0435\u045a\u0430 \u0441\u0430 \u043a\u043e\u043d\u0444\u0435\u0440\u0435\u043d\u0446\u0438\u0458\u0430 \u0448\u0442\u0430\u043c\u043f\u0430\u043d\u0430 \u0443 \u0446\u0435\u043b\u0438\u043d\u0438<\/strong><\/strong>:<\/p>\n\n\n\n<ol class=\"wp-block-list\">\n<li>Vladimir Kosti\u0107, Ernest \u0160anca, Dragana Cvetkovi\u0107 (2022): <em><a href=\"https:\/\/ieeexplore.ieee.org\/document\/9988526\">Pitfalls of using Ger\u0161gorin theorem in opinion dynamics<\/a><\/em>, <em>2022 International Conference on Electrical, Computer, Communications and Mechatronics Engineering (ICECCME) <\/em>16-18 November 2022.<\/li>\n\n\n\n<li>Vladimir Kosti\u0107, Ernest \u0160anca (2013): <a href=\"https:\/\/onlinelibrary.wiley.com\/doi\/10.1002\/pamm.201310200\"><em>Diagonal scaling of a special type and its benefits<\/em><\/a>, <em>Proceedings in Applied Mathematics and Mechanics,<\/em> 13, 409-410.<\/li>\n<\/ol>\n\n\n\n<p><strong><strong>\u0421\u0430\u043e\u043f\u0448\u0442\u0435\u045a\u0430 \u0441\u0430 \u043a\u043e\u043d\u0444\u0435\u0440\u0435\u043d\u0446\u0438\u0458\u0430 \u0448\u0442\u0430\u043c\u043f\u0430\u043d\u0430 \u0443 \u0438\u0437\u0432\u043e\u0434\u0443:<\/strong><\/strong><\/p>\n\n\n\n<ol class=\"wp-block-list\">\n<li>Ernest \u0160anca (2025): <em>A new approach to block H-matrices via Frobenius matrix norm<\/em>, <em>MatTriad 20<\/em>25 <em>Book of Abstracts<\/em>, 34-34.<\/li>\n\n\n\n<li>Ljiljana Cvetkovi\u0107, Vladimir Kosti\u0107, Ernest \u0160anca (2015): <em>A wider convergence area for the MSTMAOR iteration methods for LCP<\/em>, <em>MatTriad 2015 Book of Abstracts<\/em>, 194-194.<\/li>\n\n\n\n<li>Ljiljana Cvetkovi\u0107, Vladimir Kosti\u0107, Ernest \u0160anca (2013): <em>Diagonal dominance in Euclidean norm<\/em>,\u00a0 <em>MatTriad 2013<\/em> <em>Book of Abstracts<\/em>, 52-52.<\/li>\n<\/ol>\n<\/div>\n<\/div>\n\n\n\n<h2 class=\"wp-block-heading\">\u041a\u043e\u043d\u0444\u0435\u0440\u0435\u043d\u0446\u0438\u0458\u0435<\/h2>\n\n\n\n<ol class=\"wp-block-list\">\n<li>Applied Linear Algebra &#8211; in honor of Zhong-Zhi Bai &#8211; <a href=\"https:\/\/ala2025.pmf.uns.ac.rs\">ALA 2025<\/a>, July 3-5, 2025, Novi Sad, Serbia<\/li>\n\n\n\n<li>Conference on Matrix Analysis and Applications &#8211; <a href=\"https:\/\/mattriad2025.pmf.uns.ac.rs\">MatTriad 2025<\/a>, June 30 &#8211; July 2, 2025, Novi Sad, Serbia, sa saop\u0161tenjem \u201c<em><em>A new approach to block H-matrices via Frobenius matrix norm<\/em><\/em>\u201d<\/li>\n\n\n\n<li><em><a href=\"https:\/\/www.iceccme.com\/2022\/\">International Conference on Electrical, Computer, Communications and Mechatronics Engineering (ICECCME)<\/a><\/em> November 16-18 2022, Maldives<\/li>\n\n\n\n<li>Conference on Matrix Analysis and Applications &#8211; <a href=\"https:\/\/mattriad.wmi.amu.edu.pl\/index.html\">MatTriad 2017<\/a>, September 25-29, 2017, Bedlewo, Poljska, plenarno predavanje pod nazivom \u201c<em>Robust stability of real systems based on the pseudospectra\u201d<\/em><\/li>\n\n\n\n<li>Conference on Matrix Analysis and Applications &#8211; <a href=\"http:\/\/www.mattriad.ipt.pt\/2015\/?page=home\">MatTriad 2015<\/a>, September 7-11, 2015, Coimbra, Portugal, prezentacija nau\u010dnog rada \u201c<em>A wider convergence area for the MSTMAOR iteration methods for LCP<\/em>\u201d i prva nagrada \u201cYoung Scientist Award\u201d<\/li>\n\n\n\n<li>Conference on Matrix Analysis and Applications &#8211; <a href=\"http:\/\/mattriad2013.pmf.uns.ac.rs\/index.php\">MatTriad 2013<\/a>, September 16-20, 2013, Herceg Novi, Montenegro, sa saop\u0161tenjem \u201c<em>Diagonal dominance in Euclidean norm<\/em>\u201d<\/li>\n\n\n\n<li><em>84<sup>th<\/sup> Annual Meeting of the International Association of Applied Mathematics and Mechanics &#8211; GAMM 2013<\/em>, March 18-22, 2013, Novi Sad, Serbia, sa saop\u0161tenjem \u201c<em>Diagonal scaling of a special type and its benefits<\/em>\u201d<\/li>\n<\/ol>\n","protected":false},"excerpt":{"rendered":"<p>\u041d\u0430\u0443\u0447\u043d\u0438 \u0440\u0430\u0434\u043e\u0432\u0438 \u041f\u0443\u0431\u043b\u0438\u043a\u0430\u0446\u0438\u0458\u0435: \u0414\u0438\u0434\u0430\u043a\u0442\u0438\u0447\u043a\u0430 \u0441\u0440\u0435\u0434\u0441\u0442\u0432\u0430: \u0421\u0430\u043e\u043f\u0448\u0442\u0435\u045a\u0430 \u0441\u0430 \u043a\u043e\u043d\u0444\u0435\u0440\u0435\u043d\u0446\u0438\u0458\u0430 \u0448\u0442\u0430\u043c\u043f\u0430\u043d\u0430 \u0443 \u0446\u0435\u043b\u0438\u043d\u0438: \u0421\u0430\u043e\u043f\u0448\u0442\u0435\u045a\u0430 \u0441\u0430 \u043a\u043e\u043d\u0444\u0435\u0440\u0435\u043d\u0446\u0438\u0458\u0430 \u0448\u0442\u0430\u043c\u043f\u0430\u043d\u0430 \u0443 \u0438\u0437\u0432\u043e\u0434\u0443: \u041a\u043e\u043d\u0444\u0435\u0440\u0435\u043d\u0446\u0438\u0458\u0435<\/p>\n","protected":false},"author":64,"featured_media":0,"parent":0,"menu_order":1,"comment_status":"closed","ping_status":"closed","template":"","meta":{"_monsterinsights_skip_tracking":false,"_monsterinsights_sitenote_active":false,"_monsterinsights_sitenote_note":"","_monsterinsights_sitenote_category":0,"footnotes":""},"class_list":["post-31","page","type-page","status-publish","hentry"],"_links":{"self":[{"href":"https:\/\/personal.pmf.uns.ac.rs\/ernest.sanca\/wp-json\/wp\/v2\/pages\/31","targetHints":{"allow":["GET"]}}],"collection":[{"href":"https:\/\/personal.pmf.uns.ac.rs\/ernest.sanca\/wp-json\/wp\/v2\/pages"}],"about":[{"href":"https:\/\/personal.pmf.uns.ac.rs\/ernest.sanca\/wp-json\/wp\/v2\/types\/page"}],"author":[{"embeddable":true,"href":"https:\/\/personal.pmf.uns.ac.rs\/ernest.sanca\/wp-json\/wp\/v2\/users\/64"}],"replies":[{"embeddable":true,"href":"https:\/\/personal.pmf.uns.ac.rs\/ernest.sanca\/wp-json\/wp\/v2\/comments?post=31"}],"version-history":[{"count":21,"href":"https:\/\/personal.pmf.uns.ac.rs\/ernest.sanca\/wp-json\/wp\/v2\/pages\/31\/revisions"}],"predecessor-version":[{"id":269,"href":"https:\/\/personal.pmf.uns.ac.rs\/ernest.sanca\/wp-json\/wp\/v2\/pages\/31\/revisions\/269"}],"wp:attachment":[{"href":"https:\/\/personal.pmf.uns.ac.rs\/ernest.sanca\/wp-json\/wp\/v2\/media?parent=31"}],"curies":[{"name":"wp","href":"https:\/\/api.w.org\/{rel}","templated":true}]}}