{"id":45,"date":"2016-06-20T19:55:46","date_gmt":"2016-06-20T19:55:46","guid":{"rendered":"http:\/\/personal.pmf.uns.ac.rs\/dusica.milenkovic\/?page_id=45"},"modified":"2024-02-27T08:17:55","modified_gmt":"2024-02-27T08:17:55","slug":"articles","status":"publish","type":"page","link":"https:\/\/personal.pmf.uns.ac.rs\/dusica.milenkovic\/articles\/","title":{"rendered":"Articles"},"content":{"rendered":"<p style=\"text-align: justify\"><strong>2023.<\/strong><\/p>\n<hr \/>\n<p>Horvat, S., Popovi\u0107, V., <span style=\"text-decoration: underline\">Rodi\u0107, D.<\/span>, Ron\u010devi\u0107, T. (2023). Analysis of the initial education of chemistry teachers and their attitudes towards teaching in the Republic of Serbia. <strong><em>Journal of the Serbian Chemical Society,<\/em><\/strong> <em>88<\/em>(7-8), 793&#8211;810. <a href=\"https:\/\/doi.org\/10.2298\/JSC220822039H\" target=\"_blank\" rel=\"noopener noreferrer\">doi:\u00a010.2298\/JSC220822039H<\/a><\/p>\n<p>Habiddin, H., Herunata, H., Sulistina, O., Haetami, A., Maysara, M., <span style=\"text-decoration: underline\">Rodi\u0107, D.<\/span> (2023). Pictorial based learning: Promoting conceptual change in chemical kinetics. <strong><em><span class=\"\">Journal of the Serbian Chemical Society<\/span><\/em><\/strong>, <em>88<\/em>(1), 97&#8211;111. doi: <a href=\"https:\/\/doi.org\/10.2298\/JSC220403070H\" target=\"_blank\" rel=\"noopener noreferrer\">10.2298\/JSC220403070H<\/a><\/p>\n<p>Horvat, S., <span style=\"text-decoration: underline\">Rodi\u0107, D.<\/span>, Jovi\u0107, N., Ron\u010devi\u0107, T., Babi\u0107-Kekez, S. (2023). Validation of the strategy for determining the numerical rating of the cognitive complexity of exam items in the field of chemical kinetics. <em><strong>Center for Educational Policy Studies Journal<\/strong><\/em>, <em>(in press)<\/em>. doi: <a href=\"https:\/\/doi.org\/10.26529\/cepsj..0\" target=\"_blank\" rel=\"noopener\">10.26529\/cepsj..0 <\/a><\/p>\n<p><strong>2022.<\/strong><\/p>\n<hr \/>\n<p>Bogdanovi\u0107, I., Rodi\u0107, D., Ron\u010devi\u0107, T. Stanisavljevi\u0107, J., Zouhor, Z. (2022). The effects of modified know-want-learn strategy in mixed-gender lower secondary physics education. <strong><em><span class=\"\">Journal of Baltic Science Education<\/span><\/em><\/strong>, <em>21<\/em>(3), 366&#8211;380. doi: <a href=\"http:\/\/doi.org\/10.33225\/jbse\/22.21.366\" target=\"_blank\" rel=\"noopener noreferrer\">10.33225\/jbse\/22.21.366<\/a><\/p>\n<p>Bogdanovi\u0107, I., Stanisavljevi\u0107, J., Rodi\u0107, D., Ron\u010devi\u0107, T.,\u00a0 Zouhor, Z. (2022). The impact of using the modified Know-Want-Learn strategy in physics teaching on students&#8217; metacognition. <strong>South African <em><span class=\"\">Journal of Education<\/span><\/em><\/strong>, <em>42<\/em>(4), 1&#8211;4. doi: <a href=\"http:\/\/doi.org\/10.15700\/saje.v42n4a2096\" target=\"_blank\" rel=\"noopener noreferrer\">10.15700\/saje.v42n4a2096<\/a><\/p>\n<p>Rodi\u0107, D., Horvat, S. (2022). Chemistry education in the Balkan region: trends, challenges and opportunities. <strong><em><span class=\"\">Journal of Baltic Science Education<\/span><\/em><\/strong>, <em>21<\/em>(6A), 1124&#8211;1125. doi: <a href=\"https:\/\/doi.org\/10.33225\/jbse\/22.21.1124\" target=\"_blank\" rel=\"noopener noreferrer\">10.33225\/jbse\/22.21.1124<\/a><\/p>\n<p>Ron\u010devi\u0107, T., <span style=\"text-decoration: underline\">Rodi\u0107, D.<\/span>, Horvat, S. (2022). <strong>Investigation of students\u2019 conceptual understanding in organic chemistry through systemic synthesis questions<\/strong>. In N. Graulich and G. Shultz<em>, Student Reasoning in Organic Chemistry<strong>. <\/strong><\/em>Advances in Chemistry Education Series, Royal Society of Chemistry. doi: <a href=\"https:\/\/doi.org\/10.1039\/9781839167782-00214\" target=\"_blank\" rel=\"noopener\">10.1039\/9781839167782-00214<\/a><\/p>\n<p>Horvat, S., Ron\u010devi\u0107, T., Rodi\u0107, D. (2022). Analiza pedago\u0161ko-metoi\u010dkog obrazovanja i stavova o nastavni\u010dkoj profesiji nastavnika. <strong><em><span class=\"\">Hemijski pregled<\/span><\/em><\/strong>, <em>63<\/em>(5-6), 105&#8211;112. (in serbian)<\/p>\n<p><strong>2021.<\/strong><\/p>\n<hr \/>\n<p>Bogdanovi\u0107, I., <span style=\"text-decoration: underline\">Rodi\u0107, D.<\/span>, Ron\u010devi\u0107, T. Stanisavljevi\u0107, J., Zouhor, Z. (2021). The Relationship between elementary students\u2019 physics performance and metacognition regarding using modified know-want-learn strategy. <strong><em><span class=\"\">International Journal of Science and Mathematics Education<\/span><\/em><\/strong>, <em>20<\/em>(7), 1907&#8211;1926. doi: <a href=\"http:\/\/10.1007\/s10763-021-10231-9\" target=\"_blank\" rel=\"noopener noreferrer\">10.1007\/s10763-021-10231-9<\/a><\/p>\n<p>Horvat, S., Mihajlovi\u0107, J., Ron\u010devi\u0107, T.,\u00a0 <span style=\"text-decoration: underline\">Rodi\u0107, D.<\/span> (2021). Procedure for the assessment of cognitive complexity: development and implementation in the topic &#8220;hydrolysis of salts&#8221;. <em><strong>Macedonian Journal of Chemistry and Chemical Engineering<\/strong><\/em>, <em>40<\/em>(1), 119&#8211;130. doi: <a href=\"http:\/\/10.20450\/mjcce.2021.2240\" target=\"_blank\" rel=\"noopener noreferrer\">10.20450\/mjcce.2021.2240<\/a><\/p>\n<p><strong>2020.<\/strong><\/p>\n<hr \/>\n<p style=\"text-align: justify\">Rodi\u0107, M., <span style=\"text-decoration: underline\">Rodi\u0107, D.<\/span> (2020). Plans vs reality: reflections on chemical crystallography online teaching during COVID-19. <em><strong>Journal of Chemical Education<\/strong><\/em>, <em>97<\/em>(9), 3038&#8211;3041. doi: <a href=\"http:\/\/10.1021\/acs.jchemed.0c00585\" target=\"_blank\" rel=\"noopener noreferrer\">10.1021\/acs.jchemed.0c00585<\/a><\/p>\n<p style=\"text-align: justify\">Segedinac, M., <span style=\"text-decoration: underline\">Rodi\u0107, D.<\/span>, Ron\u010devi\u0107, T., Horvat, S., Adamov, J. (2020). The development of research in the field of chemistry education at the University of Novi Sad since the breakup of the Socialist Federal Republic of Yugoslavia. <em><strong>Center for Educational Policy Studies Journal<\/strong><\/em>, <em>10<\/em>(1), 103&#8211;124. doi: <a href=\"https:\/\/doi.org\/10.26529\/cepsj.729\">10.26529\/cepsj.729<\/a><\/p>\n<p style=\"text-align: justify\">Horvat, S., Ron\u010devi\u0107, T., Arsenovi\u0107, D., <span style=\"text-decoration: underline\">Rodi\u0107, D.<\/span>, Segedinac, M. (2020). Validatioin of the Procedure for the Assessment of Cognitive Complexity of Chemical Technology Problem Tasks. <em><strong>Journal of Baltic Science Education<\/strong><\/em>, <em>19<\/em>(1), 64&#8211;75. doi:\u00a0<a href=\"https:\/\/doi.org\/10.33225\/jbse\/20.19.64\" target=\"_blank\" rel=\"noopener noreferrer\">10.33225\/jbse\/20.19.64<\/a><\/p>\n<p><strong>2019.<\/strong><\/p>\n<hr \/>\n<p style=\"text-align: justify\">Ron\u010devi\u0107, T., Sedlar, A., <span style=\"text-decoration: underline\">Rodi\u0107, D.,<\/span> Segedinac, M. (2019). Hybrid images as part of the primary school chemistry class instruction: mastering the concepts of amino acids and proteins. <em><strong>Biochemistry and Molecular Biology Education<\/strong><\/em>, <em>47<\/em>(6), 644&#8211;655. doi:\u00a0<a href=\"https:\/\/doi.org\/10.1002\/bmb.21294\" target=\"_blank\" rel=\"noopener noreferrer\">10.1002\/bmb.21294<\/a><\/p>\n<p style=\"text-align: justify\">Ron\u010devi\u0107, T., \u0106uk, \u017d., <span style=\"text-decoration: underline\">Rodi\u0107, D.<\/span>, Segedinac, M., Horvat, S. (2019). An Analysis of the High School Students&#8217; Abilities to Read Realistic, Conventional, and Hybrid Images in General Chemistry. <em><strong>Journal of Baltic Science Education<\/strong><\/em>, <em>18<\/em>(6), 943&#8211;954. doi:\u00a0<a href=\"https:\/\/doi.org\/10.33225\/jbse\/19.18.943\" target=\"_blank\" rel=\"noopener noreferrer\">10.33225\/jbse\/19.18.943<\/a><\/p>\n<p><strong>2018.<\/strong><\/p>\n<hr \/>\n<p style=\"text-align: justify\"><span style=\"text-decoration: underline\">Rodi\u0107, D.<\/span>, (2018). Best practices of assessment as a way to promote effective learning. <em><strong>Journal of Baltic Science Education<\/strong><\/em>, <em>17<\/em>(5), 748&#8211;750. doi:\u00a0<a href=\"http:\/\/10.33225\/jbse\/18.17.748\" target=\"_blank\" rel=\"noopener noreferrer\">10.33225\/jbse\/18.17.748<\/a><\/p>\n<p style=\"text-align: justify\"><span style=\"text-decoration: underline\">Rodi\u0107, D.<\/span>, Ron\u010devi\u0107, T., Segedinac, M. (2018). The Accuracy of Macro\u2013Submicro\u2013Symbolic Language of Future Chemistry Teachers. <em><strong>Acta Chimica Slovenica<\/strong><\/em>, <em>65<\/em>(2), 394&#8211;400.\u00a0doi:\u00a0<a href=\"https:\/\/doi.org\/10.17344\/acsi.2017.4139\" target=\"_blank\" rel=\"noopener noreferrer\">10.17344\/acsi.2017.4139<\/a><\/p>\n<p style=\"text-align: justify\">Segedinac, M., Horvat, S., <span style=\"text-decoration: underline\">Rodi\u0107, D.<\/span>, Ron\u010devi\u0107, T., Savi\u0107, G. (2018). Using knowledge space theory to compare expected and real knowledge spaces in learning stoichiometry. <em><strong>Chemistry Education Research and Practice<\/strong><\/em>, <em>19<\/em>(3), 670&#8211;680.\u00a0<a href=\"10.1039\/C8RP00052B\" target=\"_blank\" rel=\"noopener noreferrer\">doi: <\/a><a href=\"https:\/\/doi.org\/10.1039\/C7RP00162B\" target=\"_blank\" rel=\"noopener noreferrer\">10.1039\/C7RP00162B<\/a><\/p>\n<p style=\"text-align: justify\">Hrin, T., <span style=\"text-decoration: underline\">Milenkovi\u0107, D.<\/span>, Segedinac, M. (2018). Diagnosing the quality of high school students\u2019 and pre-service chemistry teachers\u2019 cognitive structures in organic chemistry by using students\u2019 generated systemic synthesis questions. <em><strong>Chemistry Education Research and Practice<\/strong><\/em>, <em>19<\/em>(1), 305&#8211;318.\u00a0<a href=\"https:\/\/doi.org\/10.1039\/C7RP00162B\" target=\"_blank\" rel=\"noopener noreferrer\">doi: 10.1039\/C7RP00162B<\/a><\/p>\n<p style=\"text-align: justify\">Savi\u0107, G., Segedinac, M. <span style=\"text-decoration: underline\">Milenkovi\u0107, D.<\/span>, Hrin, T., Segedinac, M. (2018).\u00a0A model driven approach to e-courses management.\u00a0<em><strong>Australasian Journal of Educational Technology<\/strong><\/em>, <em>34<\/em>(1), 14&#8211;29. <a href=\"https:\/\/doi.org\/10.14742\/ajet.3124\" target=\"_blank\" rel=\"noopener noreferrer\">doi:\u00a010.14742\/ajet.3124<\/a><\/p>\n<p style=\"text-align: justify\"><strong>2017.<\/strong><\/p>\n<hr \/>\n<p>Horvat, S., <span style=\"text-decoration: underline\">Rodi\u0107, D.<\/span>, Segedinac, M., Ron\u010devi\u0107, T. (2017). <span class=\"fontstyle0\">Evaluation of cognitive complexity of tasks for the topic Hydrogen exponent in the solutions of acids and bases<\/span>. <em><strong>Journal of Subject Didactics,<\/strong><\/em><strong>\u00a0<\/strong><em>2<\/em>(1),<em> 33&#8211;45.<\/em> <a href=\"https:\/\/doi.org\/10.5281\/zenodo.1238972\" target=\"_blank\" rel=\"noopener noreferrer\">doi:\u00a010.5281\/zenodo.1238972<\/a><\/p>\n<p style=\"text-align: justify\">Hrin, T., <span style=\"text-decoration: underline\">Milenkovi\u0107, D.<\/span>, Segedinac, M., Horvat, S. (2017). Systems\u00a0thinking\u00a0in\u00a0chemistry\u00a0classroom: the influence of systemic synthesis questions on its development and assessment. <em><strong>Thinking Skills and Creativity,\u00a0<\/strong>23, 175&#8211;187.<\/em> <a href=\"https:\/\/doi.org\/10.1016\/j.tsc.2017.01.003\" target=\"_blank\" rel=\"noopener noreferrer\">doi:\u00a010.1016\/j.tsc.2017.01.003<\/a><\/p>\n<p style=\"text-align: justify\">Hrin, T., <span style=\"text-decoration: underline\">Milenkovic, D.<\/span>, Segedinac, M. (2017). <span class=\"fontstyle0\">Examining systems thinking through the application of systemic approach in the secondary school chemistry teaching<\/span>. <em><strong>African\u00a0<\/strong><strong>Journal of Chemical Education,\u00a0<\/strong>7<\/em>(3)<em>, 66&#8211;81.<\/em><\/p>\n<p style=\"text-align: justify\"><strong>2016.<\/strong><\/p>\n<hr \/>\n<p style=\"text-align: justify\">Hrin, T., <span style=\"text-decoration: underline\">Milenkovi\u0107, D.<\/span>, Segedinac, M., Horvat, S. (2016). <span id=\"ctl00_ContentPlaceHolder1_ArticleDetails2_labelArticleTitle\">Enhancement and assessment of students\u2019 systems thinking skills by application of systemic synthesis questions in the organic chemistry course<\/span>. <strong><em>Journal of the Serbian Chemical Society,<\/em><\/strong> <em>81<\/em>(12), 1455&#8211;1471. <a href=\"https:\/\/doi.org\/10.2298\/JSC160811097H\" target=\"_blank\" rel=\"noopener noreferrer\">doi:\u00a010.2298\/JSC160811097H<\/a><\/p>\n<p style=\"text-align: justify\"><span style=\"text-decoration: underline\">Milenkovi\u0107, D.<\/span>, Hrin, T., Segedinac, M., Horvat, S. (2016). Development of a three-tier test as a valid diagnostic tool for identification of misconceptions related to carbohydrates. <strong><em>Journal of Chemical Education,<\/em><\/strong> <em>93<\/em>(9), 1514\u20131520. <a href=\"https:\/\/doi.org\/10.1021\/acs.jchemed.6b00261\" target=\"_blank\" rel=\"noopener noreferrer\">doi: 10.1021\/acs.jchemed.6b00261<\/a><\/p>\n<p style=\"text-align: justify\"><span style=\"text-decoration: underline\">Milenkovi\u0107, D.<\/span>, Segedinac, M., Hrin, T., Horvat, S. (2016). The impact of instructional strategy based on the triplet model of content representation on elimination of students\u2019 misconceptions regarding inorganic reactions. <strong><em>Journal of the Serbian Chemical Society<\/em><\/strong>, <em>81<\/em>(6), 717\u2013728.\u00a0<a href=\"https:\/\/doi.org\/10.2298\/JSC150812021M\" target=\"_blank\" rel=\"noopener noreferrer\">doi: 10.2298\/JSC150812021M<\/a><\/p>\n<p style=\"text-align: justify\">Horvat, S., Segedinac, M.,\u00a0<span style=\"text-decoration: underline\">Milenkovi\u0107, D.<\/span>, Hrin, T. (2016). Development of procedure for the assessment of cognitive complexity of stoichiometric tasks.\u00a0<em><strong>Macedonian Journal of Chemistry and Chemical Engineering<\/strong><\/em><em>,<\/em> <em>35<\/em>(2), 275&#8211;284.<a href=\"https:\/\/doi.org\/10.20450\/mjcce.2016.893\" target=\"_blank\" rel=\"noopener noreferrer\"><em> doi: 10.20450\/mjcce.2016.893<\/em><\/a><\/p>\n<p style=\"text-align: justify\">Hrin, T., Fahmy, A.F., Segedinac, M., <span style=\"text-decoration: underline\">Milenkovi\u0107, D.<\/span> (2016). Systemic synthesis questions [SSynQs] as tools to help students to build their cognitive structures in a systemic manner. <strong><em>Research in Science Education<\/em><\/strong>, <em>46<\/em>(4), 525\u2013546.\u00a0<a href=\"https:\/\/doi.org\/10.1007\/s11165-015-9470-1\" target=\"_blank\" rel=\"noopener noreferrer\">doi: 10.1007\/s11165-015-9470-1<\/a><\/p>\n<p style=\"text-align: justify\">Hrin, T., <span style=\"text-decoration: underline\">Milenkovi\u0107, D.<\/span>, Segedinac, M. (2016). The effect of systemic synthesis questions [SSynQs] on students\u2019 performance and meaningful learning in secondary organic chemistry teaching. <em><strong>International Journal of Science and Mathematics Education<\/strong>, 14<\/em>(5), 805\u2013824. doi:\u00a0<a href=\"https:\/\/doi.org\/10.1007\/s10763-015-9620-y\" target=\"_blank\" rel=\"noopener noreferrer\"><span class=\"RefSource\">10.1007\/s10763-015-9620-y<\/span><\/a><\/p>\n<p style=\"text-align: justify\"><span style=\"text-decoration: underline\">Milenkovi\u0107, D.<\/span>, Hrin, T., Segedinac, M., Horvat, S. (2016).\u00a0Identification of misconceptions through multiple choice tasks at municipal chemistry competition test. <em><strong>Journal of Subject Didactics<\/strong><\/em>, <em>1<\/em>(1),\u00a03\u201312. <a href=\"https:\/\/doi.org\/10.5281\/zenodo.55468\" target=\"_blank\" rel=\"noopener noreferrer\">doi:\u00a010.5281\/zenodo.55468<\/a><\/p>\n<p style=\"text-align: justify\">Hrin, T., Segedinac, M., <span style=\"text-decoration: underline\">Milenkovi\u0107, D.<\/span>, Popovi\u0107, M., Bogdanovi\u0107, I. (2016). Analiza ilustrativnosti u osnovno\u0161kolskim ud\u017ebenicima hemije. <em><strong>Vaspitanje i obrazovanje, <\/strong>41<\/em>(1), 71\u201384. (in Serbian)<\/p>\n<p style=\"text-align: justify\"><strong>2015.<\/strong><\/p>\n<hr \/>\n<p style=\"text-align: justify\"><span style=\"text-decoration: underline\">Milenkovi\u0107, D<strong>.<\/strong><\/span>, Segedinac, M., Hrin, T., Gaji\u0107, G. (2015). Evaluation of context-level effect on students\u2019 performance and perceived cognitive load in chemistry problem-solving tasks. <strong><em>Croatian Journal of Education<\/em><\/strong>, <em>17<\/em>(4), 959\u2013982. <a href=\"https:\/\/doi.org\/10.15516\/cje.v17i4.1212\" target=\"_blank\" rel=\"noopener noreferrer\">doi: 10.15516\/cje.v17i4.1212<\/a><\/p>\n<p style=\"text-align: justify\">Hrin, T., Segedinac, M., <span style=\"text-decoration: underline\">Milenkovi\u0107, D.<\/span>, Horvat S. (2015). The influence of instructional method on students\u2019 achievement and mental effort: Systemic versus traditional approach in secondary organic chemistry teaching. <em><strong>Nastava i vaspitanje<\/strong>, 64<\/em>(4), 634\u2013644. <a href=\"https:\/\/doi.org\/10.5937\/nasvas1504631H\" target=\"_blank\" rel=\"noopener noreferrer\">doi: 10.5937\/nasvas1504631H<\/a><\/p>\n<p style=\"text-align: justify\"><strong>2014.<\/strong><\/p>\n<hr \/>\n<p style=\"text-align: justify\"><span style=\"text-decoration: underline\">Milenkovi\u0107, D.<\/span>, Segedinac, M., Hrin, T. (2014). Increasing high school students&#8217; performance and reducing cognitive load through an instructional strategy based on the interaction of multiple levels of knowledge representation. <em><strong>Journal of Chemical Education,<\/strong> 91<\/em>(9), 1409\u20131416. <a href=\"https:\/\/doi.org\/10.1021\/ed400805p\" target=\"_blank\" rel=\"noopener noreferrer\">doi:\u00a010.1021\/ed400805p<\/a><\/p>\n<p style=\"text-align: justify\"><span style=\"text-decoration: underline\">Milenkovi\u0107, D.<\/span>, Segedinac, M., Hrin, T., Cvjeti\u0107anin, S. (2014). Cognitive load in different levels of chemistry representations. <strong><em>Croatian Journal of Education<\/em><\/strong>, <em>16<\/em>(3), 699\u2013722.<\/p>\n<p style=\"text-align: justify\">Hrin, T., <span style=\"text-decoration: underline\">Milenkovi\u0107, D.<\/span>, Babi\u0107-Kekez, S., Segedinac, M. (2014). Application of systemic approach in initial teaching of chemistry: learning the mole concept. <em><strong>Croatian Journal of Education<\/strong>, 16<\/em>(si 3), 175\u2013209.<\/p>\n<p style=\"text-align: justify\">Hrin, T., Segedinac, M., <span style=\"text-decoration: underline\">Milenkovi\u0107, D.<\/span>, Spasi\u0107, T. (2014). Efikasnost rje\u0161avanja razli\u010ditih tipova zadataka kod u\u010denika osnovno\u0161kolskog uzrasta iz nastavne teme \u201eRastvori\u201c. <em><strong>Vaspitanje i obrazovanje<\/strong>, 39<\/em>(4), 111\u2013120. (in Serbian)<\/p>\n<p style=\"text-align: justify\">Hrin, T., Segedinac, M., <span style=\"text-decoration: underline\">Milenkovi\u0107, D.<\/span> (2014). Primjena sistemi\u010dkog pristupa u egzemplarnoj nastavi organske hemije. <em><strong>Vaspitanje i obrazovanje<\/strong><\/em>, 39(2), 143\u2013153. (in Serbian)<\/p>\n<p style=\"text-align: justify\"><strong>2013.<\/strong><\/p>\n<hr \/>\n<p style=\"text-align: justify\"><span style=\"text-decoration: underline\">Milenkovi\u0107, D.<\/span>, Segedinac, M., Hrin, T., Papovi\u0107, S. (2013). Kognitivno optere\u0107enje u simboli\u010dkom domenu reprezentacije znanja u osnovno\u0161kolskoj nastavi hemije. <em><strong>Vaspitanje i obrazovanje<\/strong>, 38<\/em>(1), 101\u2013110. (in Serbian)<\/p>\n<p style=\"text-align: justify\"><span style=\"text-decoration: underline\">Milenkovi\u0107, D.<\/span>, Segedinac, M., Gaji\u0107, G., \u0160ar\u010dev \u0106ebi\u0107, M. (2013). Uticaj konteksta na kognitivno optere\u0107enje u\u010denika u nastavnoj temi Hemijska ravnote\u017ea. <em><strong>Vaspitanje i obrazovanje<\/strong>, 38<\/em>(4), 93\u2013103. (in Serbian)<\/p>\n<p style=\"text-align: justify\">Hrin, T., Segedinac, M., <span style=\"text-decoration: underline\">Milenkovi\u0107, D.<\/span> (2013). Development of ontological knowledge representation: learning hydrocarbons with double bonds at the secondary level. <em><strong>African Journal of Chemical Education<\/strong>, 3<\/em>(2), 76\u201390.<\/p>\n","protected":false},"excerpt":{"rendered":"<p>2023. Horvat, S., Popovi\u0107, V., Rodi\u0107, D., Ron\u010devi\u0107, T. (2023). Analysis of the initial education of chemistry teachers and their attitudes towards teaching in the Republic of Serbia. Journal of the Serbian Chemical Society, 88(7-8), 793&#8211;810. doi:\u00a010.2298\/JSC220822039H Habiddin, H., Herunata, &hellip; <a href=\"https:\/\/personal.pmf.uns.ac.rs\/dusica.milenkovic\/articles\/\">Continue reading <span class=\"meta-nav\">&rarr;<\/span><\/a><\/p>\n","protected":false},"author":70,"featured_media":0,"parent":0,"menu_order":0,"comment_status":"closed","ping_status":"closed","template":"","meta":{"_monsterinsights_skip_tracking":false,"_monsterinsights_sitenote_active":false,"_monsterinsights_sitenote_note":"","_monsterinsights_sitenote_category":0,"footnotes":""},"class_list":["post-45","page","type-page","status-publish","hentry"],"_links":{"self":[{"href":"https:\/\/personal.pmf.uns.ac.rs\/dusica.milenkovic\/wp-json\/wp\/v2\/pages\/45","targetHints":{"allow":["GET"]}}],"collection":[{"href":"https:\/\/personal.pmf.uns.ac.rs\/dusica.milenkovic\/wp-json\/wp\/v2\/pages"}],"about":[{"href":"https:\/\/personal.pmf.uns.ac.rs\/dusica.milenkovic\/wp-json\/wp\/v2\/types\/page"}],"author":[{"embeddable":true,"href":"https:\/\/personal.pmf.uns.ac.rs\/dusica.milenkovic\/wp-json\/wp\/v2\/users\/70"}],"replies":[{"embeddable":true,"href":"https:\/\/personal.pmf.uns.ac.rs\/dusica.milenkovic\/wp-json\/wp\/v2\/comments?post=45"}],"version-history":[{"count":75,"href":"https:\/\/personal.pmf.uns.ac.rs\/dusica.milenkovic\/wp-json\/wp\/v2\/pages\/45\/revisions"}],"predecessor-version":[{"id":433,"href":"https:\/\/personal.pmf.uns.ac.rs\/dusica.milenkovic\/wp-json\/wp\/v2\/pages\/45\/revisions\/433"}],"wp:attachment":[{"href":"https:\/\/personal.pmf.uns.ac.rs\/dusica.milenkovic\/wp-json\/wp\/v2\/media?parent=45"}],"curies":[{"name":"wp","href":"https:\/\/api.w.org\/{rel}","templated":true}]}}