{"id":86,"date":"2020-01-15T14:47:39","date_gmt":"2020-01-15T14:47:39","guid":{"rendered":"http:\/\/personal.pmf.uns.ac.rs\/dusan.zorica\/?page_id=86"},"modified":"2021-11-26T11:31:06","modified_gmt":"2021-11-26T11:31:06","slug":"monographs","status":"publish","type":"page","link":"https:\/\/personal.pmf.uns.ac.rs\/dusan.zorica\/monographs\/","title":{"rendered":"Monographs and monograph chapters"},"content":{"rendered":"\n<ol class=\"wp-block-list\"><li>D. Zorica, S. M. Cveti\u0107anin, Transmission line modeling by fractional and topological generalization of the telegrapher\u2019s equation, in A. G. Radwan, F. A. Khanday, L. A. Said (Editors), Fractional-Order Modeling of Dynamic Systems with Applications in Optimization, Signal Processing, and Control, Elsevier \u2013 Academic Press, 2021, London.<\/li><li>T. M. Atanackovi\u0107, B. Stankovi\u0107, S. Pilipovi\u0107, D. Zorica, Fractional Calculus with Applications in Mechanics: Vibrations and Diffusion Processes, ISTE &#8211; Wiley, 2014, London.<\/li><li> T. M. Atanackovi\u0107, B. Stankovi\u0107, S. Pilipovi\u0107, D. Zorica, Fractional Calculus with Applications in Mechanics: Wave Propagation, Impact and Variational Principles, ISTE &#8211; Wiley, 2014, London.<\/li><\/ol>\n","protected":false},"excerpt":{"rendered":"<p>D. Zorica, S. M. Cveti\u0107anin, Transmission line modeling by fractional and topological generalization of the telegrapher\u2019s equation, in A. G. Radwan, F. A. Khanday, L. A. Said (Editors), Fractional-Order Modeling of Dynamic Systems with Applications in Optimization, Signal Processing, and Control, Elsevier \u2013 Academic Press, 2021, London. T. M. Atanackovi\u0107, B. Stankovi\u0107, S. Pilipovi\u0107, D&#8230;. <a href=\"https:\/\/personal.pmf.uns.ac.rs\/dusan.zorica\/monographs\/\"><\/p>\n<p><button class=\"btn btn-smaller btn-outline in_cat\">Read More<\/button><\/p>\n<p><\/a><\/p>\n","protected":false},"author":63,"featured_media":0,"parent":0,"menu_order":0,"comment_status":"closed","ping_status":"closed","template":"full-width-page.php","meta":{"_monsterinsights_skip_tracking":false,"_monsterinsights_sitenote_active":false,"_monsterinsights_sitenote_note":"","_monsterinsights_sitenote_category":0,"footnotes":""},"class_list":["post-86","page","type-page","status-publish","hentry"],"_links":{"self":[{"href":"https:\/\/personal.pmf.uns.ac.rs\/dusan.zorica\/wp-json\/wp\/v2\/pages\/86","targetHints":{"allow":["GET"]}}],"collection":[{"href":"https:\/\/personal.pmf.uns.ac.rs\/dusan.zorica\/wp-json\/wp\/v2\/pages"}],"about":[{"href":"https:\/\/personal.pmf.uns.ac.rs\/dusan.zorica\/wp-json\/wp\/v2\/types\/page"}],"author":[{"embeddable":true,"href":"https:\/\/personal.pmf.uns.ac.rs\/dusan.zorica\/wp-json\/wp\/v2\/users\/63"}],"replies":[{"embeddable":true,"href":"https:\/\/personal.pmf.uns.ac.rs\/dusan.zorica\/wp-json\/wp\/v2\/comments?post=86"}],"version-history":[{"count":3,"href":"https:\/\/personal.pmf.uns.ac.rs\/dusan.zorica\/wp-json\/wp\/v2\/pages\/86\/revisions"}],"predecessor-version":[{"id":211,"href":"https:\/\/personal.pmf.uns.ac.rs\/dusan.zorica\/wp-json\/wp\/v2\/pages\/86\/revisions\/211"}],"wp:attachment":[{"href":"https:\/\/personal.pmf.uns.ac.rs\/dusan.zorica\/wp-json\/wp\/v2\/media?parent=86"}],"curies":[{"name":"wp","href":"https:\/\/api.w.org\/{rel}","templated":true}]}}