{"id":63,"date":"2020-01-14T12:39:57","date_gmt":"2020-01-14T12:39:57","guid":{"rendered":"http:\/\/personal.pmf.uns.ac.rs\/dusan.zorica\/?page_id=63"},"modified":"2024-10-08T14:32:36","modified_gmt":"2024-10-08T14:32:36","slug":"conference-abstracts","status":"publish","type":"page","link":"https:\/\/personal.pmf.uns.ac.rs\/dusan.zorica\/conference-abstracts\/","title":{"rendered":"Conference abstracts"},"content":{"rendered":"\n<ol class=\"wp-block-list\">\n<li>S. Jeli\u0107, D. Zorica,<strong> <\/strong>Compressive and shear wave propagation in three-dimensional fractional viscoelastic infinite solid media, 2<sup>nd<\/sup> International Conference on Mathematical Modelling in Mechanics and Engineering (ICME 2024), 12 \u2013 14. IX 2024, Mathematical Institute SANU, Belgrade, Serbia.<\/li>\n\n\n\n<li>S. Jeli\u0107, D. Zorica,<strong> <\/strong>Stored energy and dissipated power for one-dimensional viscoelastic body, 2<sup>nd<\/sup> International Conference on Mathematical Modelling in Mechanics and Engineering (ICME 2024), 12 \u2013 14. IX 2024, Mathematical Institute SANU, Belgrade, Serbia.<\/li>\n\n\n\n<li>D. Zorica, Burgers model &#8211; fractionalization and wave propagation, 4th International Symposium on Operational and Stochastic Methods in Fractional Dynamics (MFD23), 5\u2009\u2013\u20099. IX 2023, Krak\u00f3w, Poland.<\/li>\n\n\n\n<li>Q. Xi, Z. Fu, N. Spasojevi\u0107, D. Zorica, Fractional heat conduction equation on bounded twodimensional domain, 7th Congress of the Serbian Society of Mechanics, 24 \u2013 26. VI 2019, Sremski Karlovci, Serbia.<\/li>\n\n\n\n<li> G. H\u00f6rmann, Lj. Oparnica, D. Zorica, Non-local wave equation using fractional stress-gradient Eringen&#8217;s constitutive law, 8th International Conference \u201cTransform Methods and Special Functions 2017\u02ee (TMSF2017), 27 \u2013 31. VIII 2017, Sofia, Bulgaria.<\/li>\n\n\n\n<li> D. Zorica, T. Atanackovi\u0107, Z. Vrcelj, B. Novakovi\u0107, Non-local axially loaded rod placed on viscoelastic and Pasternak type foundation: dynamic stability analysis, 6th Congress of the Serbian Society of Mechanics, 19 \u2013 21. VI 2017, Tara, Serbia.<\/li>\n\n\n\n<li> T. Atanackovi\u0107, Y. Bouras, D. Zorica, Beck\u2019s column on Winkler foundation modelled by non-local and hereditary constitutive equation, 2016 EMI (Engineering Mechanics Institute) International Conference, 25 \u2013 27. X 2016, Metz, France.<\/li>\n\n\n\n<li> T. Atanackovi\u0107, G. H\u00f6rmann, M. Janev, Lj. Oparnica, S. Pilipovi\u0107, D. Zorica, Zener wave equation: hereditary and non-local effects, International Conference on Fractional Differentiation and its Applications (ICFDA2016), 18 \u2013 20. VII 2016, Novi Sad, Serbia.<\/li>\n\n\n\n<li> A. Grillo, D. Zorica, Space-time fractional Jeffreys-type heat equation, 2014 International Conference on Fractional Differentiation and its Applications (ICFDA14), 23 \u2013 25. VI 2014, Catania, Italy.<\/li>\n\n\n\n<li> D. Zorica, M. Zigic, N. Grahovac, Problem of a body impacting against a rigid wall, 2014 International Conference on Fractional Differentiation and its Applications (ICFDA14), 23 \u2013 25. VI 2014, Catania, Italy.<\/li>\n\n\n\n<li> T. Atanackovic, S. Pilipovic, D. Zorica, Forced oscillations of the rod &#8211; body system, 2014 International Conference on Fractional Differentiation and its Applications (ICFDA14), 23 \u2013 25. VI 2014, Catania, Italy.<\/li>\n\n\n\n<li> T. Atanackovic, S. Pilipovic, D. Zorica, Vibrations of a system: body and viscoelastic rod of solid or fluid-like fractional type, 84th Annual Meeting of the International Association of Applied Mathematics and Mechanics (GAMM), 18 \u2013 22. III 2013, Novi Sad, Serbia.<\/li>\n\n\n\n<li> T. Atanackovic, S. Pilipovic, D. Zorica, Forced oscillations of a body attached to a solid or fluid-like viscoelastic rod of fractional type, International Scientific Conference On Mechanics (MECH2012), 19 \u2013 22. XI 2012, Sofia, Bulgaria.<\/li>\n\n\n\n<li> T. Atanackovic, S. Pilipovic, D. Zorica, Forced oscillations of a body attached to a light fractional viscoelastic rod, Contemporary Problems of Mechanics and Applied Mathematics, 50 Years of Seminar for Analysis and Foundations of Mathematics Led by Academician Bogoljub Stankovic, 3 \u2013 6. IX 2012, University of Novi Sad, Serbia.<\/li>\n\n\n\n<li> T. Atanackovic, S. Pilipovic, D. Zorica, Vibrations of a system: viscoelastic rod of fractional type and body attached to the rod, II International Conference on Contemporary Problems of Mathematics, Mechanics and Computer Science, 17 \u2013 19. VI 2012, State University of Novi Pazar, Serbia.<\/li>\n\n\n\n<li> T. Atanackovic, S. Pilipovic, D. Zorica, Distributed-order wave equation on a finite domain. Creep and forced oscillations of a rod, 4th Serbian-Greek Symposium \u02eeRecent Advances in Mechanics\u02ee, 9 \u2013 10. VII 2011, Vlasina Lake, Serbia.<\/li>\n\n\n\n<li> D. Zorica, Heat Conduction of Fractional Cattaneo Type, Workshop on Macroscopic Modeling of Materials with Fine Structure, 26 \u2013 28. V 2011, Carnegie Mellon University, Pittsburgh, PA, USA (work in collaboration with T. Atanackovic, S. Konjik and Lj. Oparnica).<\/li>\n\n\n\n<li> D. Zorica, A few generalizations of the wave equation within the theory of fractional calculus, Generalized Functions &#8211; Special Edition 2010 (GFSE10), 3 \u2013 6. VI 2010, Novi Sad, Serbia (work in collaboration with S. Pilipovic, T. Atanackovic, S. Konjik and Lj. Oparnica).<\/li>\n\n\n\n<li> D. Zorica, Distributional time distributed-order diffusion-wave equation, International Conference on Generalized Functions (GF2009), 31. VIII \u2013 4. IX 2009, Vienna, Austria (work in collaboration with T. Atanackovic and S. Pilipovic).<\/li>\n\n\n\n<li> T. Atanackovic, S. Pilipovic, D. Zorica, Time distributed order wave equation, 3rd Serbian-Greek Symposium, 15 \u2013 17. IX 2008, Novi Sad, Serbia.<\/li>\n<\/ol>\n","protected":false},"excerpt":{"rendered":"","protected":false},"author":63,"featured_media":0,"parent":0,"menu_order":0,"comment_status":"closed","ping_status":"closed","template":"full-width-page.php","meta":{"_monsterinsights_skip_tracking":false,"_monsterinsights_sitenote_active":false,"_monsterinsights_sitenote_note":"","_monsterinsights_sitenote_category":0,"footnotes":""},"class_list":["post-63","page","type-page","status-publish","hentry"],"_links":{"self":[{"href":"https:\/\/personal.pmf.uns.ac.rs\/dusan.zorica\/wp-json\/wp\/v2\/pages\/63","targetHints":{"allow":["GET"]}}],"collection":[{"href":"https:\/\/personal.pmf.uns.ac.rs\/dusan.zorica\/wp-json\/wp\/v2\/pages"}],"about":[{"href":"https:\/\/personal.pmf.uns.ac.rs\/dusan.zorica\/wp-json\/wp\/v2\/types\/page"}],"author":[{"embeddable":true,"href":"https:\/\/personal.pmf.uns.ac.rs\/dusan.zorica\/wp-json\/wp\/v2\/users\/63"}],"replies":[{"embeddable":true,"href":"https:\/\/personal.pmf.uns.ac.rs\/dusan.zorica\/wp-json\/wp\/v2\/comments?post=63"}],"version-history":[{"count":4,"href":"https:\/\/personal.pmf.uns.ac.rs\/dusan.zorica\/wp-json\/wp\/v2\/pages\/63\/revisions"}],"predecessor-version":[{"id":293,"href":"https:\/\/personal.pmf.uns.ac.rs\/dusan.zorica\/wp-json\/wp\/v2\/pages\/63\/revisions\/293"}],"wp:attachment":[{"href":"https:\/\/personal.pmf.uns.ac.rs\/dusan.zorica\/wp-json\/wp\/v2\/media?parent=63"}],"curies":[{"name":"wp","href":"https:\/\/api.w.org\/{rel}","templated":true}]}}