{"id":38,"date":"2020-01-14T11:54:23","date_gmt":"2020-01-14T11:54:23","guid":{"rendered":"http:\/\/personal.pmf.uns.ac.rs\/dusan.zorica\/?page_id=38"},"modified":"2023-08-26T09:35:38","modified_gmt":"2023-08-26T09:35:38","slug":"transmission-lines-modelling","status":"publish","type":"page","link":"https:\/\/personal.pmf.uns.ac.rs\/dusan.zorica\/transmission-lines-modelling\/","title":{"rendered":"Electrodynamics, transmission lines, and electrical circuits modelling"},"content":{"rendered":"\n<ol class=\"wp-block-list\"><li>D. Zorica, S. Cveti\u0107anin, Dissipative and generative fractional RLC circuits in the transient regime, Applied Mathematics and Computation, 459 (2023) 128227\u20131\u201331.<\/li><li>J. Kova\u010devi\u0107, S. M. Cveti\u0107anin, D. Zorica, Electromagnetic field in a conducting medium modeled by the fractional Ohm\u2019s law, Communications in Nonlinear Science and Numerical Simulation, 114 (2022) 106706\u20131\u201331.<\/li><li>K. Ha\u0161ka, D. Zorica, S. M. Cveti\u0107anin, Frequency characteristics of dissipative and generative fractional RLC circuits, Circuits, Systems, and Signal Processing, 41 (2022) 4717\u20134754.<\/li><li>K. Ha\u0161ka, S. M. Cveti\u0107anin, D. Zorica, Dissipative and generative fractional electric elements in modeling RC and RL circuits, Nonlinear Dynamics, 105 (2021) 3451\u20133474.<\/li><li>K. Ha\u0161ka, D. Zorica, S. M. Cveti\u0107anin, Fractional RLC circuit in transient and steady state regimes, Communications in Nonlinear Science and Numerical Simulation, 96 (2021) 105670\u20131\u201317.<\/li><li>S. Cveti\u0107anin, D. Zorica, M. Rapai\u0107, Non-local telegrapher\u2019s equation as a transmission line model, Applied Mathematics and Computation, 390 (2021) 125602\u20131\u201318.<\/li><li>S. Cveti\u0107anin, D. Zorica, M. Rapai\u0107, Frequency characteristics of two topologies representing fractional order transmission line model, Circuits, Systems, and Signal Processing, 39 (2020) 456\u2013473.<\/li><li> S. M. Cveti\u0107anin, D. Zorica, M. R. Rapai\u0107, Generalized time-fractional telegrapher&#8217;s equation in transmission line modeling, Nonlinear Dynamics, 88 (2017) 1453\u20131472.<\/li><\/ol>\n","protected":false},"excerpt":{"rendered":"<p>D. Zorica, S. Cveti\u0107anin, Dissipative and generative fractional RLC circuits in the transient regime, Applied Mathematics and Computation, 459 (2023) 128227\u20131\u201331. J. Kova\u010devi\u0107, S. M. Cveti\u0107anin, D. Zorica, Electromagnetic field in a conducting medium modeled by the fractional Ohm\u2019s law, Communications in Nonlinear Science and Numerical Simulation, 114 (2022) 106706\u20131\u201331. K. Ha\u0161ka, D. Zorica, S&#8230;. <a href=\"https:\/\/personal.pmf.uns.ac.rs\/dusan.zorica\/transmission-lines-modelling\/\"><\/p>\n<p><button class=\"btn btn-smaller btn-outline in_cat\">Read More<\/button><\/p>\n<p><\/a><\/p>\n","protected":false},"author":63,"featured_media":0,"parent":0,"menu_order":0,"comment_status":"closed","ping_status":"closed","template":"full-width-page.php","meta":{"_monsterinsights_skip_tracking":false,"_monsterinsights_sitenote_active":false,"_monsterinsights_sitenote_note":"","_monsterinsights_sitenote_category":0,"footnotes":""},"class_list":["post-38","page","type-page","status-publish","hentry"],"_links":{"self":[{"href":"https:\/\/personal.pmf.uns.ac.rs\/dusan.zorica\/wp-json\/wp\/v2\/pages\/38","targetHints":{"allow":["GET"]}}],"collection":[{"href":"https:\/\/personal.pmf.uns.ac.rs\/dusan.zorica\/wp-json\/wp\/v2\/pages"}],"about":[{"href":"https:\/\/personal.pmf.uns.ac.rs\/dusan.zorica\/wp-json\/wp\/v2\/types\/page"}],"author":[{"embeddable":true,"href":"https:\/\/personal.pmf.uns.ac.rs\/dusan.zorica\/wp-json\/wp\/v2\/users\/63"}],"replies":[{"embeddable":true,"href":"https:\/\/personal.pmf.uns.ac.rs\/dusan.zorica\/wp-json\/wp\/v2\/comments?post=38"}],"version-history":[{"count":15,"href":"https:\/\/personal.pmf.uns.ac.rs\/dusan.zorica\/wp-json\/wp\/v2\/pages\/38\/revisions"}],"predecessor-version":[{"id":269,"href":"https:\/\/personal.pmf.uns.ac.rs\/dusan.zorica\/wp-json\/wp\/v2\/pages\/38\/revisions\/269"}],"wp:attachment":[{"href":"https:\/\/personal.pmf.uns.ac.rs\/dusan.zorica\/wp-json\/wp\/v2\/media?parent=38"}],"curies":[{"name":"wp","href":"https:\/\/api.w.org\/{rel}","templated":true}]}}