{"id":36,"date":"2024-07-08T10:07:47","date_gmt":"2024-07-08T10:07:47","guid":{"rendered":"https:\/\/personal.pmf.uns.ac.rs\/anna.slivkova\/?page_id=36"},"modified":"2025-06-22T07:48:13","modified_gmt":"2025-06-22T07:48:13","slug":"matematika-u-bioinformatici-1","status":"publish","type":"page","link":"https:\/\/personal.pmf.uns.ac.rs\/anna.slivkova\/matematika-u-bioinformatici-1\/","title":{"rendered":"Matematika u bioinformatici 1"},"content":{"rendered":"\n<p>Smer Bioinformatika, obavezni predmet,<br>fond \u010dasova: 2+2, \u0161ifra predmeta: BIT001, ESPB: 6,<br>profesor: Anna Slivkov\u00e1, saradnik: Nikolina Miholj\u010di\u0107<\/p>\n\n\n\n<p>Vi\u0161e informacija na <a href=\"https:\/\/moodle.pmf.uns.ac.rs\/course\/view.php?id=1364\" data-type=\"link\" data-id=\"https:\/\/moodle.pmf.uns.ac.rs\/course\/view.php?id=1364\">Moodle stranici kursa<\/a>.<br><br><\/p>\n","protected":false},"excerpt":{"rendered":"<p>Smer Bioinformatika, obavezni predmet,fond \u010dasova: 2+2, \u0161ifra predmeta: BIT001, ESPB: 6,profesor: Anna Slivkov\u00e1, saradnik: Nikolina Miholj\u010di\u0107 Vi\u0161e informacija na Moodle stranici kursa.<\/p>\n","protected":false},"author":106,"featured_media":0,"parent":0,"menu_order":0,"comment_status":"closed","ping_status":"closed","template":"","meta":{"_monsterinsights_skip_tracking":false,"_monsterinsights_sitenote_active":false,"_monsterinsights_sitenote_note":"","_monsterinsights_sitenote_category":0,"footnotes":""},"class_list":["post-36","page","type-page","status-publish","hentry"],"_links":{"self":[{"href":"https:\/\/personal.pmf.uns.ac.rs\/anna.slivkova\/wp-json\/wp\/v2\/pages\/36","targetHints":{"allow":["GET"]}}],"collection":[{"href":"https:\/\/personal.pmf.uns.ac.rs\/anna.slivkova\/wp-json\/wp\/v2\/pages"}],"about":[{"href":"https:\/\/personal.pmf.uns.ac.rs\/anna.slivkova\/wp-json\/wp\/v2\/types\/page"}],"author":[{"embeddable":true,"href":"https:\/\/personal.pmf.uns.ac.rs\/anna.slivkova\/wp-json\/wp\/v2\/users\/106"}],"replies":[{"embeddable":true,"href":"https:\/\/personal.pmf.uns.ac.rs\/anna.slivkova\/wp-json\/wp\/v2\/comments?post=36"}],"version-history":[{"count":4,"href":"https:\/\/personal.pmf.uns.ac.rs\/anna.slivkova\/wp-json\/wp\/v2\/pages\/36\/revisions"}],"predecessor-version":[{"id":157,"href":"https:\/\/personal.pmf.uns.ac.rs\/anna.slivkova\/wp-json\/wp\/v2\/pages\/36\/revisions\/157"}],"wp:attachment":[{"href":"https:\/\/personal.pmf.uns.ac.rs\/anna.slivkova\/wp-json\/wp\/v2\/media?parent=36"}],"curies":[{"name":"wp","href":"https:\/\/api.w.org\/{rel}","templated":true}]}}