{"id":35,"date":"2024-07-08T10:07:47","date_gmt":"2024-07-08T10:07:47","guid":{"rendered":"https:\/\/personal.pmf.uns.ac.rs\/anna.slivkova\/?page_id=35"},"modified":"2026-03-05T07:48:33","modified_gmt":"2026-03-05T07:48:33","slug":"diskretna-matematika-1","status":"publish","type":"page","link":"https:\/\/personal.pmf.uns.ac.rs\/anna.slivkova\/diskretna-matematika-1\/","title":{"rendered":"Diskretna matematika 2"},"content":{"rendered":"\n<p>Smer MAP, obavezni predmet, fond\u00a0 \u010dasova: 3+3,<br>\u0161ifra predmeta: P202, ESPB: 7,<br>profesor: Anna Slivkov\u00e1, saradnik: Vlado Uljarevi\u0107<\/p>\n\n\n\n<p>Predmet Diskretna matematika 2 namenjen je studentima prve godine osnovnih studija smera Primenjena matematika. Cilj predmeta je upoznati i razumeti osnovne tehnike i principe kombinatorike i teorije grafova. <br><\/p>\n\n\n\n<h3 class=\"wp-block-heading\">Pravila polaganja<\/h3>\n\n\n\n<p>Predmet se pola\u017ee po <a href=\"https:\/\/matematika.pmf.uns.ac.rs\/studije\/modeli-polaganja-ispita\/\">modelu A<\/a>. <br><br><strong>Predispitne obaveze<\/strong>: U toku semestra se organizuju dva kolokvijuma od kojih svaki prvi nosi 20 a drugi 30 bodova. Prvi kolokvijum obuhvata gradivo iz kombinatorike a drugi gradivo iz teorije grafova (ta\u010dni datumi \u0107e biti istaknuti u rasporedu kolokvijuma, prvi je sredinom semestra drugi na kraju). Uslov za izlazak na ispit je sticanje najmanje 25 bodova u zbiru sa oba kolokvijuma. Studenti koji nisu zadovoljni rezultatima imaju priliku da ih poprave izlaskom na popravne kolokvijume koji se organizuju u junskom, septembarskom i oktobarskom ispitnom roku. Na popravnom kolokvijumu se po izboru mo\u017ee popravljati jedan ili oba kolokovijuma pri \u010demu se iz dela koji se popravlja prethodno ste\u010deni bodovi poni\u0161tavaju.<br><br><strong>Ispit<\/strong>: Ispit se pola\u017ee usmeno i na njemu se mo\u017ee dobiti maksimalno 50 bodova. Ispit se organizuje u svim redovnim ispitnim rokovima.<\/p>\n\n\n\n<h3 class=\"wp-block-heading\">Literatura<\/h3>\n\n\n\n<p>1. <a href=\"https:\/\/www.pmf.uns.ac.rs\/studije\/epublikacije\/matinf\/slivkova_diskretna_matematika_2.pdf\" data-type=\"link\" data-id=\"https:\/\/www.pmf.uns.ac.rs\/studije\/epublikacije\/matinf\/slivkova_diskretna_matematika_2.pdf\">A. Slivkov\u00e1, Diskretna matematika 2, Prirodno-matemati\u010dki fakultet, Novi Sad, 2022<\/a>.<br>2. P. Mladenovi\u0107, Kombinatorika, Dru\u0161tvo matemati\u010dara Srbije, Beograd, 2013.<br>3. &nbsp;R. To\u0161i\u0107, Kombinatorika, Univerzitetski ud\u017ebenik, Novi Sad, 1999.<br>4. V. Petrovi\u0107, Teorija grafova, Univerzitet u Novom Sadu, 1998.<\/p>\n\n\n\n<p>Vi\u0161e informacija na <a href=\"https:\/\/moodle.pmf.uns.ac.rs\/course\/view.php?id=1091\" data-type=\"link\" data-id=\"https:\/\/moodle.pmf.uns.ac.rs\/course\/view.php?id=1091\">Moodle stranici kursa<\/a>.<\/p>\n","protected":false},"excerpt":{"rendered":"<p>Smer MAP, obavezni predmet, fond\u00a0 \u010dasova: 3+3,\u0161ifra predmeta: P202, ESPB: 7,profesor: Anna Slivkov\u00e1, saradnik: Vlado Uljarevi\u0107 Predmet Diskretna matematika 2 namenjen je studentima prve godine osnovnih studija smera Primenjena matematika. Cilj predmeta je upoznati i razumeti osnovne tehnike i principe kombinatorike i teorije grafova. Pravila polaganja Predmet se pola\u017ee po modelu A. Predispitne obaveze: U [&hellip;]<\/p>\n","protected":false},"author":106,"featured_media":0,"parent":0,"menu_order":0,"comment_status":"closed","ping_status":"closed","template":"","meta":{"_monsterinsights_skip_tracking":false,"_monsterinsights_sitenote_active":false,"_monsterinsights_sitenote_note":"","_monsterinsights_sitenote_category":0,"footnotes":""},"class_list":["post-35","page","type-page","status-publish","hentry"],"_links":{"self":[{"href":"https:\/\/personal.pmf.uns.ac.rs\/anna.slivkova\/wp-json\/wp\/v2\/pages\/35","targetHints":{"allow":["GET"]}}],"collection":[{"href":"https:\/\/personal.pmf.uns.ac.rs\/anna.slivkova\/wp-json\/wp\/v2\/pages"}],"about":[{"href":"https:\/\/personal.pmf.uns.ac.rs\/anna.slivkova\/wp-json\/wp\/v2\/types\/page"}],"author":[{"embeddable":true,"href":"https:\/\/personal.pmf.uns.ac.rs\/anna.slivkova\/wp-json\/wp\/v2\/users\/106"}],"replies":[{"embeddable":true,"href":"https:\/\/personal.pmf.uns.ac.rs\/anna.slivkova\/wp-json\/wp\/v2\/comments?post=35"}],"version-history":[{"count":8,"href":"https:\/\/personal.pmf.uns.ac.rs\/anna.slivkova\/wp-json\/wp\/v2\/pages\/35\/revisions"}],"predecessor-version":[{"id":173,"href":"https:\/\/personal.pmf.uns.ac.rs\/anna.slivkova\/wp-json\/wp\/v2\/pages\/35\/revisions\/173"}],"wp:attachment":[{"href":"https:\/\/personal.pmf.uns.ac.rs\/anna.slivkova\/wp-json\/wp\/v2\/media?parent=35"}],"curies":[{"name":"wp","href":"https:\/\/api.w.org\/{rel}","templated":true}]}}